{"id":672,"date":"2025-02-04T10:55:55","date_gmt":"2025-02-04T10:55:55","guid":{"rendered":"https:\/\/globe-europe.nl\/product\/lenox-woodmaster-c\/"},"modified":"2025-03-26T07:20:38","modified_gmt":"2025-03-26T07:20:38","slug":"lenox-holzmeister-c","status":"publish","type":"product","link":"https:\/\/globe-europe.nl\/de\/product\/lenox-woodmaster-c\/","title":{"rendered":"Lenox Woodmaster C"},"content":{"rendered":"<table id=\"t01\" style=\"width: 100%;\">\n<tbody>\n<tr>\n<th>Breite und Dicke<\/th>\n<th>Kerbe<\/th>\n<th colspan=\"8\">TPI (Z\u00e4hne pro Zoll) &amp; <em>('Zahnabstand in mm')<\/em><\/th>\n<\/tr>\n<tr>\n<td><i>in Millimetern<\/i><\/td>\n<td width=\"200px\"><i>in Millimetern<\/i><\/td>\n<td width=\"200px\"><i>2 (&#8216;12.7&#8217;)<\/i><\/td>\n<td width=\"200px\"><i>1.3 (&#8217;19&#8217;)<\/i><\/td>\n<td width=\"200px\"><i>1.1 (&#8217;22&#8217;)<\/i><\/td>\n<td width=\"200px\"><i>1 (&#8217;27&#8217;)<\/i><\/td>\n<\/tr>\n<tr>\n<td><b>27 x 0,90<\/b><\/td>\n<td>1.8<\/td>\n<td><img loading=\"lazy\" decoding=\"async\" class=\"alignnone wp-image-2920\" src=\"https:\/\/globe-europe.nl\/wp-content\/uploads\/2025\/03\/1-300x300.png\" alt=\"\" width=\"50\" height=\"50\" srcset=\"https:\/\/globe-europe.nl\/wp-content\/uploads\/2025\/03\/1-300x300.png 300w, https:\/\/globe-europe.nl\/wp-content\/uploads\/2025\/03\/1-150x150.png 150w, https:\/\/globe-europe.nl\/wp-content\/uploads\/2025\/03\/1-100x100.png 100w, https:\/\/globe-europe.nl\/wp-content\/uploads\/2025\/03\/1.png 500w\" sizes=\"auto, (max-width: 50px) 100vw, 50px\" \/><\/td>\n<td><img loading=\"lazy\" decoding=\"async\" class=\"alignnone wp-image-2920\" src=\"https:\/\/globe-europe.nl\/wp-content\/uploads\/2025\/03\/1-300x300.png\" alt=\"\" width=\"50\" height=\"50\" srcset=\"https:\/\/globe-europe.nl\/wp-content\/uploads\/2025\/03\/1-300x300.png 300w, https:\/\/globe-europe.nl\/wp-content\/uploads\/2025\/03\/1-150x150.png 150w, https:\/\/globe-europe.nl\/wp-content\/uploads\/2025\/03\/1-100x100.png 100w, https:\/\/globe-europe.nl\/wp-content\/uploads\/2025\/03\/1.png 500w\" sizes=\"auto, (max-width: 50px) 100vw, 50px\" \/><\/td>\n<td>&#8211;<\/td>\n<td>&#8211;<\/td>\n<\/tr>\n<tr>\n<td><b>27 x 0,90<\/b><\/td>\n<td>2.0<\/td>\n<td><img loading=\"lazy\" decoding=\"async\" class=\"alignnone wp-image-2920\" src=\"https:\/\/globe-europe.nl\/wp-content\/uploads\/2025\/03\/1-300x300.png\" alt=\"\" width=\"50\" height=\"50\" srcset=\"https:\/\/globe-europe.nl\/wp-content\/uploads\/2025\/03\/1-300x300.png 300w, https:\/\/globe-europe.nl\/wp-content\/uploads\/2025\/03\/1-150x150.png 150w, https:\/\/globe-europe.nl\/wp-content\/uploads\/2025\/03\/1-100x100.png 100w, https:\/\/globe-europe.nl\/wp-content\/uploads\/2025\/03\/1.png 500w\" sizes=\"auto, (max-width: 50px) 100vw, 50px\" \/><\/td>\n<td><img loading=\"lazy\" decoding=\"async\" class=\"alignnone wp-image-2920\" src=\"https:\/\/globe-europe.nl\/wp-content\/uploads\/2025\/03\/1-300x300.png\" alt=\"\" width=\"50\" height=\"50\" srcset=\"https:\/\/globe-europe.nl\/wp-content\/uploads\/2025\/03\/1-300x300.png 300w, https:\/\/globe-europe.nl\/wp-content\/uploads\/2025\/03\/1-150x150.png 150w, https:\/\/globe-europe.nl\/wp-content\/uploads\/2025\/03\/1-100x100.png 100w, https:\/\/globe-europe.nl\/wp-content\/uploads\/2025\/03\/1.png 500w\" sizes=\"auto, (max-width: 50px) 100vw, 50px\" \/><\/td>\n<td>&#8211;<\/td>\n<td>&#8211;<\/td>\n<\/tr>\n<tr>\n<td><b>34 x 0,90<\/b><\/td>\n<td>2.0<\/td>\n<td><img loading=\"lazy\" decoding=\"async\" class=\"alignnone wp-image-2920\" src=\"https:\/\/globe-europe.nl\/wp-content\/uploads\/2025\/03\/1-300x300.png\" alt=\"\" width=\"50\" height=\"50\" srcset=\"https:\/\/globe-europe.nl\/wp-content\/uploads\/2025\/03\/1-300x300.png 300w, https:\/\/globe-europe.nl\/wp-content\/uploads\/2025\/03\/1-150x150.png 150w, https:\/\/globe-europe.nl\/wp-content\/uploads\/2025\/03\/1-100x100.png 100w, https:\/\/globe-europe.nl\/wp-content\/uploads\/2025\/03\/1.png 500w\" sizes=\"auto, (max-width: 50px) 100vw, 50px\" \/><\/td>\n<td><img loading=\"lazy\" decoding=\"async\" class=\"alignnone wp-image-2920\" src=\"https:\/\/globe-europe.nl\/wp-content\/uploads\/2025\/03\/1-300x300.png\" alt=\"\" width=\"50\" height=\"50\" srcset=\"https:\/\/globe-europe.nl\/wp-content\/uploads\/2025\/03\/1-300x300.png 300w, https:\/\/globe-europe.nl\/wp-content\/uploads\/2025\/03\/1-150x150.png 150w, https:\/\/globe-europe.nl\/wp-content\/uploads\/2025\/03\/1-100x100.png 100w, https:\/\/globe-europe.nl\/wp-content\/uploads\/2025\/03\/1.png 500w\" sizes=\"auto, (max-width: 50px) 100vw, 50px\" \/><\/td>\n<td><img loading=\"lazy\" decoding=\"async\" class=\"alignnone wp-image-2920\" src=\"https:\/\/globe-europe.nl\/wp-content\/uploads\/2025\/03\/1-300x300.png\" alt=\"\" width=\"50\" height=\"50\" srcset=\"https:\/\/globe-europe.nl\/wp-content\/uploads\/2025\/03\/1-300x300.png 300w, https:\/\/globe-europe.nl\/wp-content\/uploads\/2025\/03\/1-150x150.png 150w, https:\/\/globe-europe.nl\/wp-content\/uploads\/2025\/03\/1-100x100.png 100w, https:\/\/globe-europe.nl\/wp-content\/uploads\/2025\/03\/1.png 500w\" sizes=\"auto, (max-width: 50px) 100vw, 50px\" \/><\/td>\n<td>&#8211;<\/td>\n<\/tr>\n<tr>\n<td><b>34 x 1,07<\/b><\/td>\n<td>2.1<\/td>\n<td><img loading=\"lazy\" decoding=\"async\" class=\"alignnone wp-image-2920\" src=\"https:\/\/globe-europe.nl\/wp-content\/uploads\/2025\/03\/1-300x300.png\" alt=\"\" width=\"50\" height=\"50\" srcset=\"https:\/\/globe-europe.nl\/wp-content\/uploads\/2025\/03\/1-300x300.png 300w, https:\/\/globe-europe.nl\/wp-content\/uploads\/2025\/03\/1-150x150.png 150w, https:\/\/globe-europe.nl\/wp-content\/uploads\/2025\/03\/1-100x100.png 100w, https:\/\/globe-europe.nl\/wp-content\/uploads\/2025\/03\/1.png 500w\" sizes=\"auto, (max-width: 50px) 100vw, 50px\" \/><\/td>\n<td><img loading=\"lazy\" decoding=\"async\" class=\"alignnone wp-image-2920\" src=\"https:\/\/globe-europe.nl\/wp-content\/uploads\/2025\/03\/1-300x300.png\" alt=\"\" width=\"50\" height=\"50\" srcset=\"https:\/\/globe-europe.nl\/wp-content\/uploads\/2025\/03\/1-300x300.png 300w, https:\/\/globe-europe.nl\/wp-content\/uploads\/2025\/03\/1-150x150.png 150w, https:\/\/globe-europe.nl\/wp-content\/uploads\/2025\/03\/1-100x100.png 100w, https:\/\/globe-europe.nl\/wp-content\/uploads\/2025\/03\/1.png 500w\" sizes=\"auto, (max-width: 50px) 100vw, 50px\" \/><\/td>\n<td><img loading=\"lazy\" decoding=\"async\" class=\"alignnone wp-image-2920\" src=\"https:\/\/globe-europe.nl\/wp-content\/uploads\/2025\/03\/1-300x300.png\" alt=\"\" width=\"50\" height=\"50\" srcset=\"https:\/\/globe-europe.nl\/wp-content\/uploads\/2025\/03\/1-300x300.png 300w, https:\/\/globe-europe.nl\/wp-content\/uploads\/2025\/03\/1-150x150.png 150w, https:\/\/globe-europe.nl\/wp-content\/uploads\/2025\/03\/1-100x100.png 100w, https:\/\/globe-europe.nl\/wp-content\/uploads\/2025\/03\/1.png 500w\" sizes=\"auto, (max-width: 50px) 100vw, 50px\" \/><\/td>\n<td><img loading=\"lazy\" decoding=\"async\" class=\"alignnone wp-image-2920\" src=\"https:\/\/globe-europe.nl\/wp-content\/uploads\/2025\/03\/1-300x300.png\" alt=\"\" width=\"50\" height=\"50\" srcset=\"https:\/\/globe-europe.nl\/wp-content\/uploads\/2025\/03\/1-300x300.png 300w, https:\/\/globe-europe.nl\/wp-content\/uploads\/2025\/03\/1-150x150.png 150w, https:\/\/globe-europe.nl\/wp-content\/uploads\/2025\/03\/1-100x100.png 100w, https:\/\/globe-europe.nl\/wp-content\/uploads\/2025\/03\/1.png 500w\" sizes=\"auto, (max-width: 50px) 100vw, 50px\" \/><\/td>\n<\/tr>\n<tr>\n<td><b>41 x 1,07<\/b><\/td>\n<td>2.1<\/td>\n<td>&#8211;<\/td>\n<td><img loading=\"lazy\" decoding=\"async\" class=\"alignnone wp-image-2920\" src=\"https:\/\/globe-europe.nl\/wp-content\/uploads\/2025\/03\/1-300x300.png\" alt=\"\" width=\"50\" height=\"50\" srcset=\"https:\/\/globe-europe.nl\/wp-content\/uploads\/2025\/03\/1-300x300.png 300w, https:\/\/globe-europe.nl\/wp-content\/uploads\/2025\/03\/1-150x150.png 150w, https:\/\/globe-europe.nl\/wp-content\/uploads\/2025\/03\/1-100x100.png 100w, https:\/\/globe-europe.nl\/wp-content\/uploads\/2025\/03\/1.png 500w\" sizes=\"auto, (max-width: 50px) 100vw, 50px\" \/><\/td>\n<td><img loading=\"lazy\" decoding=\"async\" class=\"alignnone wp-image-2920\" src=\"https:\/\/globe-europe.nl\/wp-content\/uploads\/2025\/03\/1-300x300.png\" alt=\"\" width=\"50\" height=\"50\" srcset=\"https:\/\/globe-europe.nl\/wp-content\/uploads\/2025\/03\/1-300x300.png 300w, https:\/\/globe-europe.nl\/wp-content\/uploads\/2025\/03\/1-150x150.png 150w, https:\/\/globe-europe.nl\/wp-content\/uploads\/2025\/03\/1-100x100.png 100w, https:\/\/globe-europe.nl\/wp-content\/uploads\/2025\/03\/1.png 500w\" sizes=\"auto, (max-width: 50px) 100vw, 50px\" \/><\/td>\n<td><img loading=\"lazy\" decoding=\"async\" class=\"alignnone wp-image-2920\" src=\"https:\/\/globe-europe.nl\/wp-content\/uploads\/2025\/03\/1-300x300.png\" alt=\"\" width=\"50\" height=\"50\" srcset=\"https:\/\/globe-europe.nl\/wp-content\/uploads\/2025\/03\/1-300x300.png 300w, https:\/\/globe-europe.nl\/wp-content\/uploads\/2025\/03\/1-150x150.png 150w, https:\/\/globe-europe.nl\/wp-content\/uploads\/2025\/03\/1-100x100.png 100w, https:\/\/globe-europe.nl\/wp-content\/uploads\/2025\/03\/1.png 500w\" sizes=\"auto, (max-width: 50px) 100vw, 50px\" \/><\/td>\n<\/tr>\n<tr>\n<td><b>51 x 0,90<\/b><\/td>\n<td>2.2<\/td>\n<td>&#8211;<\/td>\n<td><img loading=\"lazy\" decoding=\"async\" class=\"alignnone wp-image-2920\" src=\"https:\/\/globe-europe.nl\/wp-content\/uploads\/2025\/03\/1-300x300.png\" alt=\"\" width=\"50\" height=\"50\" srcset=\"https:\/\/globe-europe.nl\/wp-content\/uploads\/2025\/03\/1-300x300.png 300w, https:\/\/globe-europe.nl\/wp-content\/uploads\/2025\/03\/1-150x150.png 150w, https:\/\/globe-europe.nl\/wp-content\/uploads\/2025\/03\/1-100x100.png 100w, https:\/\/globe-europe.nl\/wp-content\/uploads\/2025\/03\/1.png 500w\" sizes=\"auto, (max-width: 50px) 100vw, 50px\" \/><\/td>\n<td>&#8211;<\/td>\n<td><img loading=\"lazy\" decoding=\"async\" class=\"alignnone wp-image-2920\" src=\"https:\/\/globe-europe.nl\/wp-content\/uploads\/2025\/03\/1-300x300.png\" alt=\"\" width=\"50\" height=\"50\" srcset=\"https:\/\/globe-europe.nl\/wp-content\/uploads\/2025\/03\/1-300x300.png 300w, https:\/\/globe-europe.nl\/wp-content\/uploads\/2025\/03\/1-150x150.png 150w, https:\/\/globe-europe.nl\/wp-content\/uploads\/2025\/03\/1-100x100.png 100w, https:\/\/globe-europe.nl\/wp-content\/uploads\/2025\/03\/1.png 500w\" sizes=\"auto, (max-width: 50px) 100vw, 50px\" \/><\/td>\n<\/tr>\n<tr>\n<td><b>54 x 1,1<\/b><\/td>\n<td>2.3<\/td>\n<td>&#8211;<\/td>\n<td><img loading=\"lazy\" decoding=\"async\" class=\"alignnone wp-image-2920\" src=\"https:\/\/globe-europe.nl\/wp-content\/uploads\/2025\/03\/1-300x300.png\" alt=\"\" width=\"50\" height=\"50\" srcset=\"https:\/\/globe-europe.nl\/wp-content\/uploads\/2025\/03\/1-300x300.png 300w, https:\/\/globe-europe.nl\/wp-content\/uploads\/2025\/03\/1-150x150.png 150w, https:\/\/globe-europe.nl\/wp-content\/uploads\/2025\/03\/1-100x100.png 100w, https:\/\/globe-europe.nl\/wp-content\/uploads\/2025\/03\/1.png 500w\" sizes=\"auto, (max-width: 50px) 100vw, 50px\" \/><\/td>\n<td><img loading=\"lazy\" decoding=\"async\" class=\"alignnone wp-image-2920\" src=\"https:\/\/globe-europe.nl\/wp-content\/uploads\/2025\/03\/1-300x300.png\" alt=\"\" width=\"50\" height=\"50\" srcset=\"https:\/\/globe-europe.nl\/wp-content\/uploads\/2025\/03\/1-300x300.png 300w, https:\/\/globe-europe.nl\/wp-content\/uploads\/2025\/03\/1-150x150.png 150w, https:\/\/globe-europe.nl\/wp-content\/uploads\/2025\/03\/1-100x100.png 100w, https:\/\/globe-europe.nl\/wp-content\/uploads\/2025\/03\/1.png 500w\" sizes=\"auto, (max-width: 50px) 100vw, 50px\" \/><\/td>\n<td><img loading=\"lazy\" decoding=\"async\" class=\"alignnone wp-image-2920\" src=\"https:\/\/globe-europe.nl\/wp-content\/uploads\/2025\/03\/1-300x300.png\" alt=\"\" width=\"50\" height=\"50\" srcset=\"https:\/\/globe-europe.nl\/wp-content\/uploads\/2025\/03\/1-300x300.png 300w, https:\/\/globe-europe.nl\/wp-content\/uploads\/2025\/03\/1-150x150.png 150w, https:\/\/globe-europe.nl\/wp-content\/uploads\/2025\/03\/1-100x100.png 100w, https:\/\/globe-europe.nl\/wp-content\/uploads\/2025\/03\/1.png 500w\" sizes=\"auto, (max-width: 50px) 100vw, 50px\" \/><\/td>\n<\/tr>\n<tr>\n<td colspan=\"6\"><\/td>\n<\/tr>\n<tr>\n<td colspan=\"6\"><i>Diese S\u00e4ge ist eher stumpf, kann aber leicht gesch\u00e4rft werden.<\/i><\/td>\n<\/tr>\n<\/tbody>\n<\/table>\n<hr \/>\n<table id=\"t01\" style=\"width: 60%;\">\n<tbody>\n<tr>\n<th>Anmeldung<\/th>\n<\/tr>\n<tr>\n<td><i>Holz<\/i><\/td>\n<\/tr>\n<\/tbody>\n<\/table>","protected":false},"excerpt":{"rendered":"<h2 class=\"subtitle\">S\u00e4gebl\u00e4tter aus Kohlenstoffstahl f\u00fcr zuverl\u00e4ssige Leistung<\/h2>\n<p><strong>Gerade Schnitte bei hohen Geschwindigkeiten<\/strong><br \/>\nCarbon-S\u00e4gebl\u00e4tter liefern gerade Schnitte bei hohen Bandgeschwindigkeiten. Entwickelt f\u00fcr S\u00e4gewerks- und L\u00e4ppanwendungen.<\/p>\n<p>Durch die induktiv geh\u00e4rteten Z\u00e4hne erreicht dieses S\u00e4geblatt eine gute Standzeit bei gleichm\u00e4\u00dfigem Verschlei\u00df.<\/p>","protected":false},"featured_media":671,"comment_status":"open","ping_status":"closed","template":"","meta":[],"product_brand":[324],"product_cat":[56,59],"product_tag":[],"class_list":{"0":"post-672","1":"product","2":"type-product","3":"status-publish","4":"has-post-thumbnail","6":"product_brand-lenox","7":"product_cat-bandzagen","8":"product_cat-hout","10":"first","11":"instock","12":"shipping-taxable","13":"product-type-simple"},"ct_brands":[{"id":324,"name":"LENOX","slug":"lenox"}],"yoast_head":"<!-- This site is optimized with the Yoast SEO plugin v27.3 - https:\/\/yoast.com\/product\/yoast-seo-wordpress\/ -->\n<title>Lenox Woodmaster C | Koolstofstalen Zaagblad | Snel\/Recht zagen - Globe Europe<\/title>\n<meta name=\"description\" content=\"Lenox Woodmaster C koolstofstalen zaagblad met inductiegeharde tanden. Ideaal voor zaagerij- en klooftoepassingen met hoge snelheden en gelijkmatig slijten.\" \/>\n<meta name=\"robots\" content=\"index, follow, max-snippet:-1, max-image-preview:large, max-video-preview:-1\" \/>\n<link rel=\"canonical\" href=\"https:\/\/globe-europe.nl\/de\/produkt\/lenox-holzmeister-c\/\" \/>\n<meta property=\"og:locale\" content=\"de_DE\" \/>\n<meta property=\"og:type\" content=\"article\" \/>\n<meta property=\"og:title\" content=\"Lenox Woodmaster C | Koolstofstalen Zaagblad | Snel\/Recht zagen - Globe Europe\" \/>\n<meta property=\"og:description\" content=\"Lenox Woodmaster C koolstofstalen zaagblad met inductiegeharde tanden. Ideaal voor zaagerij- en klooftoepassingen met hoge snelheden en gelijkmatig slijten.\" \/>\n<meta property=\"og:url\" content=\"https:\/\/globe-europe.nl\/de\/produkt\/lenox-holzmeister-c\/\" \/>\n<meta property=\"og:site_name\" content=\"Globe Europe\" \/>\n<meta property=\"article:modified_time\" content=\"2025-03-26T07:20:38+00:00\" \/>\n<meta property=\"og:image\" content=\"https:\/\/globe-europe.nl\/wp-content\/uploads\/2025\/02\/Lenox-woodmaster-c.jpg\" \/>\n\t<meta property=\"og:image:width\" content=\"700\" \/>\n\t<meta property=\"og:image:height\" content=\"700\" \/>\n\t<meta property=\"og:image:type\" content=\"image\/jpeg\" \/>\n<meta name=\"twitter:card\" content=\"summary_large_image\" \/>\n<meta name=\"twitter:label1\" content=\"Gesch\u00e4tzte Lesezeit\" \/>\n\t<meta name=\"twitter:data1\" content=\"5\u00a0Minuten\" \/>\n<script type=\"application\/ld+json\" class=\"yoast-schema-graph\">{\"@context\":\"https:\\\/\\\/schema.org\",\"@graph\":[{\"@type\":\"WebPage\",\"@id\":\"https:\\\/\\\/globe-europe.nl\\\/product\\\/lenox-woodmaster-c\\\/\",\"url\":\"https:\\\/\\\/globe-europe.nl\\\/product\\\/lenox-woodmaster-c\\\/\",\"name\":\"Lenox Woodmaster C | Koolstofstalen Zaagblad | Snel\\\/Recht zagen - Globe Europe\",\"isPartOf\":{\"@id\":\"https:\\\/\\\/globe-europe.nl\\\/#website\"},\"primaryImageOfPage\":{\"@id\":\"https:\\\/\\\/globe-europe.nl\\\/product\\\/lenox-woodmaster-c\\\/#primaryimage\"},\"image\":{\"@id\":\"https:\\\/\\\/globe-europe.nl\\\/product\\\/lenox-woodmaster-c\\\/#primaryimage\"},\"thumbnailUrl\":\"https:\\\/\\\/globe-europe.nl\\\/wp-content\\\/uploads\\\/2025\\\/02\\\/Lenox-woodmaster-c.jpg\",\"datePublished\":\"2025-02-04T10:55:55+00:00\",\"dateModified\":\"2025-03-26T07:20:38+00:00\",\"description\":\"Lenox Woodmaster C koolstofstalen zaagblad met inductiegeharde tanden. Ideaal voor zaagerij- en klooftoepassingen met hoge snelheden en gelijkmatig slijten.\",\"breadcrumb\":{\"@id\":\"https:\\\/\\\/globe-europe.nl\\\/product\\\/lenox-woodmaster-c\\\/#breadcrumb\"},\"inLanguage\":\"de\",\"potentialAction\":[{\"@type\":\"ReadAction\",\"target\":[\"https:\\\/\\\/globe-europe.nl\\\/product\\\/lenox-woodmaster-c\\\/\"]}]},{\"@type\":\"ImageObject\",\"inLanguage\":\"de\",\"@id\":\"https:\\\/\\\/globe-europe.nl\\\/product\\\/lenox-woodmaster-c\\\/#primaryimage\",\"url\":\"https:\\\/\\\/globe-europe.nl\\\/wp-content\\\/uploads\\\/2025\\\/02\\\/Lenox-woodmaster-c.jpg\",\"contentUrl\":\"https:\\\/\\\/globe-europe.nl\\\/wp-content\\\/uploads\\\/2025\\\/02\\\/Lenox-woodmaster-c.jpg\",\"width\":700,\"height\":700},{\"@type\":\"BreadcrumbList\",\"@id\":\"https:\\\/\\\/globe-europe.nl\\\/product\\\/lenox-woodmaster-c\\\/#breadcrumb\",\"itemListElement\":[{\"@type\":\"ListItem\",\"position\":1,\"name\":\"Home\",\"item\":\"https:\\\/\\\/globe-europe.nl\\\/\"},{\"@type\":\"ListItem\",\"position\":2,\"name\":\"Winkel\",\"item\":\"https:\\\/\\\/globe-europe.nl\\\/winkel\\\/\"},{\"@type\":\"ListItem\",\"position\":3,\"name\":\"Lenox Woodmaster C\"}]},{\"@type\":\"WebSite\",\"@id\":\"https:\\\/\\\/globe-europe.nl\\\/#website\",\"url\":\"https:\\\/\\\/globe-europe.nl\\\/\",\"name\":\"Globe Europe\",\"description\":\"\",\"publisher\":{\"@id\":\"https:\\\/\\\/globe-europe.nl\\\/#organization\"},\"potentialAction\":[{\"@type\":\"SearchAction\",\"target\":{\"@type\":\"EntryPoint\",\"urlTemplate\":\"https:\\\/\\\/globe-europe.nl\\\/?s={search_term_string}\"},\"query-input\":{\"@type\":\"PropertyValueSpecification\",\"valueRequired\":true,\"valueName\":\"search_term_string\"}}],\"inLanguage\":\"de\"},{\"@type\":\"Organization\",\"@id\":\"https:\\\/\\\/globe-europe.nl\\\/#organization\",\"name\":\"Globe Europe\",\"url\":\"https:\\\/\\\/globe-europe.nl\\\/\",\"logo\":{\"@type\":\"ImageObject\",\"inLanguage\":\"de\",\"@id\":\"https:\\\/\\\/globe-europe.nl\\\/#\\\/schema\\\/logo\\\/image\\\/\",\"url\":\"https:\\\/\\\/globe-europe.nl\\\/wp-content\\\/uploads\\\/2025\\\/02\\\/GLOBE-LOGO-WEB-GROOT.png\",\"contentUrl\":\"https:\\\/\\\/globe-europe.nl\\\/wp-content\\\/uploads\\\/2025\\\/02\\\/GLOBE-LOGO-WEB-GROOT.png\",\"width\":938,\"height\":404,\"caption\":\"Globe Europe\"},\"image\":{\"@id\":\"https:\\\/\\\/globe-europe.nl\\\/#\\\/schema\\\/logo\\\/image\\\/\"}}]}<\/script>\n<!-- \/ Yoast SEO plugin. -->","yoast_head_json":{"title":"Lenox Woodmaster C | S\u00e4geblatt aus Kohlenstoffstahl | Schneller\/gerader Schnitt - Globe Europe","description":"Lenox Woodmaster C Kohlenstoffstahl-S\u00e4geblatt mit induktionsgeh\u00e4rteten Z\u00e4hnen. Ideal f\u00fcr S\u00e4gewerks- und L\u00e4ppanwendungen mit hohen Geschwindigkeiten und gleichm\u00e4\u00dfigem Verschlei\u00df.","robots":{"index":"index","follow":"follow","max-snippet":"max-snippet:-1","max-image-preview":"max-image-preview:large","max-video-preview":"max-video-preview:-1"},"canonical":"https:\/\/globe-europe.nl\/de\/produkt\/lenox-holzmeister-c\/","og_locale":"de_DE","og_type":"article","og_title":"Lenox Woodmaster C | Koolstofstalen Zaagblad | Snel\/Recht zagen - Globe Europe","og_description":"Lenox Woodmaster C koolstofstalen zaagblad met inductiegeharde tanden. Ideaal voor zaagerij- en klooftoepassingen met hoge snelheden en gelijkmatig slijten.","og_url":"https:\/\/globe-europe.nl\/de\/produkt\/lenox-holzmeister-c\/","og_site_name":"Globe Europe","article_modified_time":"2025-03-26T07:20:38+00:00","og_image":[{"width":700,"height":700,"url":"https:\/\/globe-europe.nl\/wp-content\/uploads\/2025\/02\/Lenox-woodmaster-c.jpg","type":"image\/jpeg"}],"twitter_card":"summary_large_image","twitter_misc":{"Gesch\u00e4tzte Lesezeit":"5\u00a0Minuten"},"schema":{"@context":"https:\/\/schema.org","@graph":[{"@type":"WebPage","@id":"https:\/\/globe-europe.nl\/product\/lenox-woodmaster-c\/","url":"https:\/\/globe-europe.nl\/product\/lenox-woodmaster-c\/","name":"Lenox Woodmaster C | S\u00e4geblatt aus Kohlenstoffstahl | Schneller\/gerader Schnitt - Globe Europe","isPartOf":{"@id":"https:\/\/globe-europe.nl\/#website"},"primaryImageOfPage":{"@id":"https:\/\/globe-europe.nl\/product\/lenox-woodmaster-c\/#primaryimage"},"image":{"@id":"https:\/\/globe-europe.nl\/product\/lenox-woodmaster-c\/#primaryimage"},"thumbnailUrl":"https:\/\/globe-europe.nl\/wp-content\/uploads\/2025\/02\/Lenox-woodmaster-c.jpg","datePublished":"2025-02-04T10:55:55+00:00","dateModified":"2025-03-26T07:20:38+00:00","description":"Lenox Woodmaster C Kohlenstoffstahl-S\u00e4geblatt mit induktionsgeh\u00e4rteten Z\u00e4hnen. Ideal f\u00fcr S\u00e4gewerks- und L\u00e4ppanwendungen mit hohen Geschwindigkeiten und gleichm\u00e4\u00dfigem Verschlei\u00df.","breadcrumb":{"@id":"https:\/\/globe-europe.nl\/product\/lenox-woodmaster-c\/#breadcrumb"},"inLanguage":"de","potentialAction":[{"@type":"ReadAction","target":["https:\/\/globe-europe.nl\/product\/lenox-woodmaster-c\/"]}]},{"@type":"ImageObject","inLanguage":"de","@id":"https:\/\/globe-europe.nl\/product\/lenox-woodmaster-c\/#primaryimage","url":"https:\/\/globe-europe.nl\/wp-content\/uploads\/2025\/02\/Lenox-woodmaster-c.jpg","contentUrl":"https:\/\/globe-europe.nl\/wp-content\/uploads\/2025\/02\/Lenox-woodmaster-c.jpg","width":700,"height":700},{"@type":"BreadcrumbList","@id":"https:\/\/globe-europe.nl\/product\/lenox-woodmaster-c\/#breadcrumb","itemListElement":[{"@type":"ListItem","position":1,"name":"Home","item":"https:\/\/globe-europe.nl\/"},{"@type":"ListItem","position":2,"name":"Winkel","item":"https:\/\/globe-europe.nl\/winkel\/"},{"@type":"ListItem","position":3,"name":"Lenox Woodmaster C"}]},{"@type":"WebSite","@id":"https:\/\/globe-europe.nl\/#website","url":"https:\/\/globe-europe.nl\/","name":"Globe Europe","description":"","publisher":{"@id":"https:\/\/globe-europe.nl\/#organization"},"potentialAction":[{"@type":"SearchAction","target":{"@type":"EntryPoint","urlTemplate":"https:\/\/globe-europe.nl\/?s={search_term_string}"},"query-input":{"@type":"PropertyValueSpecification","valueRequired":true,"valueName":"search_term_string"}}],"inLanguage":"de"},{"@type":"Organization","@id":"https:\/\/globe-europe.nl\/#organization","name":"Globe Europe","url":"https:\/\/globe-europe.nl\/","logo":{"@type":"ImageObject","inLanguage":"de","@id":"https:\/\/globe-europe.nl\/#\/schema\/logo\/image\/","url":"https:\/\/globe-europe.nl\/wp-content\/uploads\/2025\/02\/GLOBE-LOGO-WEB-GROOT.png","contentUrl":"https:\/\/globe-europe.nl\/wp-content\/uploads\/2025\/02\/GLOBE-LOGO-WEB-GROOT.png","width":938,"height":404,"caption":"Globe Europe"},"image":{"@id":"https:\/\/globe-europe.nl\/#\/schema\/logo\/image\/"}}]}},"_links":{"self":[{"href":"https:\/\/globe-europe.nl\/de\/wp-json\/wp\/v2\/product\/672","targetHints":{"allow":["GET"]}}],"collection":[{"href":"https:\/\/globe-europe.nl\/de\/wp-json\/wp\/v2\/product"}],"about":[{"href":"https:\/\/globe-europe.nl\/de\/wp-json\/wp\/v2\/types\/product"}],"replies":[{"embeddable":true,"href":"https:\/\/globe-europe.nl\/de\/wp-json\/wp\/v2\/comments?post=672"}],"wp:featuredmedia":[{"embeddable":true,"href":"https:\/\/globe-europe.nl\/de\/wp-json\/wp\/v2\/media\/671"}],"wp:attachment":[{"href":"https:\/\/globe-europe.nl\/de\/wp-json\/wp\/v2\/media?parent=672"}],"wp:term":[{"taxonomy":"product_brand","embeddable":true,"href":"https:\/\/globe-europe.nl\/de\/wp-json\/wp\/v2\/product_brand?post=672"},{"taxonomy":"product_cat","embeddable":true,"href":"https:\/\/globe-europe.nl\/de\/wp-json\/wp\/v2\/product_cat?post=672"},{"taxonomy":"product_tag","embeddable":true,"href":"https:\/\/globe-europe.nl\/de\/wp-json\/wp\/v2\/product_tag?post=672"}],"curies":[{"name":"wp","href":"https:\/\/api.w.org\/{rel}","templated":true}]}}