{"id":695,"date":"2025-02-04T10:56:02","date_gmt":"2025-02-04T10:56:02","guid":{"rendered":"https:\/\/globe-europe.nl\/product\/lenox-micronizer-jr\/"},"modified":"2025-04-17T10:43:27","modified_gmt":"2025-04-17T10:43:27","slug":"lenox-mikronisierer-jr","status":"publish","type":"product","link":"https:\/\/globe-europe.nl\/de\/product\/lenox-micronizer-jr\/","title":{"rendered":"Lenox Micronizer Jr."},"content":{"rendered":"<table class=\"data tb5 bdrb0\" cellspacing=\"0\">\n<tbody>\n<tr class=\"tr1 bdrb\">\n<th style=\"text-align: left;\" width=\"100px\">Produkt Nr.<\/th>\n<th class=\"left\" style=\"text-align: left;\" width=\"350px\">Beschreibung<\/th>\n<\/tr>\n<tr>\n<td class=\"tc2 cntr\" style=\"text-align: left;\">68260<\/td>\n<td style=\"text-align: left;\">200ml (7 oz) Einheit mit Kupferd\u00fcse, Absperrventil und 6\u2032 (1,8m) 1\/4\u2033 (6mm) Schlauch<\/td>\n<\/tr>\n<tr class=\"alt\">\n<td class=\"tc2 cntr\" style=\"text-align: left;\">68160<\/td>\n<td style=\"text-align: left;\">200ml (7 oz) Einheit mit Kupferd\u00fcse, Absperrventil und 1,8m (6\u2032) 1\/8\u2033 (3mm) Schlauch<\/td>\n<\/tr>\n<tr>\n<td class=\"tc2 cntr\">68258<\/td>\n<td>200ml (7 oz) Einheit mit flexibler D\u00fcse, Absperrventil und 6\u2032 (1,8m) 1\/4\u2033 (6mm) Schlauch<\/td>\n<\/tr>\n<tr class=\"alt\">\n<td class=\"tc2 cntr\">68158<\/td>\n<td>200ml (7 oz) Einheit mit flexibler D\u00fcse, Absperrventil und 1,8m (6\u2032) 1\/8\u2033 (3mm) Schlauch<\/td>\n<\/tr>\n<tr>\n<td class=\"tc2 cntr\">68161<\/td>\n<td>37 oz (1,1 Liter) Einheit mit Kupferd\u00fcse, Absperrventil und 6\u2032 (1,8m) 1\/4\u2033 (6mm) Schlauch<\/td>\n<\/tr>\n<tr class=\"alt\">\n<td class=\"tc2 cntr\">68159<\/td>\n<td>37 oz (1,1 Liter) Einheit mit flexibler D\u00fcse, Absperrventil und 6\u2032 (1,8m) 1\/4\u2033 (6mm) Schlauch<\/td>\n<\/tr>\n<\/tbody>\n<\/table>","protected":false},"excerpt":{"rendered":"<h2 class=\"subtitle\">Zerst\u00e4uber<\/h2>\n<p>Die hochpr\u00e4zise Steuerung von Fl\u00fcssigkeitspumpe und Druckluft sorgt daf\u00fcr, dass die richtige Menge Schneid\u00f6l auf die Klinge aufgetragen wird. Es sind verschiedene Spr\u00fchd\u00fcsen verf\u00fcgbar.<\/p>\n<p>Die <strong>Lenox Micronizer Jr.<\/strong> wird f\u00fcr S\u00e4gebl\u00e4tter von 25 mm oder weniger bei der Verwendung von nicht automatischen S\u00e4gen f\u00fcr die Metallbearbeitung empfohlen.<\/p>","protected":false},"featured_media":694,"comment_status":"open","ping_status":"closed","template":"","meta":[],"product_brand":[324],"product_cat":[60],"product_tag":[],"class_list":{"0":"post-695","1":"product","2":"type-product","3":"status-publish","4":"has-post-thumbnail","6":"product_brand-lenox","7":"product_cat-toebehoren","9":"first","10":"instock","11":"shipping-taxable","12":"product-type-simple"},"ct_brands":[{"id":324,"name":"LENOX","slug":"lenox"}],"yoast_head":"<!-- This site is optimized with the Yoast SEO plugin v27.3 - https:\/\/yoast.com\/product\/yoast-seo-wordpress\/ -->\n<title>Lenox Micronizer Jr. - Globe Europe<\/title>\n<meta name=\"robots\" content=\"index, follow, max-snippet:-1, max-image-preview:large, max-video-preview:-1\" \/>\n<link rel=\"canonical\" href=\"https:\/\/globe-europe.nl\/de\/produkt\/lenox-mikronisierer-jr\/\" \/>\n<meta property=\"og:locale\" content=\"de_DE\" \/>\n<meta property=\"og:type\" content=\"article\" \/>\n<meta property=\"og:title\" content=\"Lenox Micronizer Jr. - Globe Europe\" \/>\n<meta property=\"og:description\" content=\"Verstuivers Uiterst precies bedieningselement van vloeistofpomp en perslucht zorgen dat de correcte hoeveelheid snijolie op het blad wordt aangebracht. Er zijn diverse sproeikoppen beschikbaar.  De Lenox Micronizer Jr. wordt aanbevolen voor bladen van 25mm of minder, bij het gebruik van niet-automatische zagen, voor metaalbewerkende toepassingen.\" \/>\n<meta property=\"og:url\" content=\"https:\/\/globe-europe.nl\/de\/produkt\/lenox-mikronisierer-jr\/\" \/>\n<meta property=\"og:site_name\" content=\"Globe Europe\" \/>\n<meta property=\"article:modified_time\" content=\"2025-04-17T10:43:27+00:00\" \/>\n<meta property=\"og:image\" content=\"https:\/\/globe-europe.nl\/wp-content\/uploads\/2025\/02\/Lenox-Micronizer.jpg\" \/>\n\t<meta property=\"og:image:width\" content=\"700\" \/>\n\t<meta property=\"og:image:height\" content=\"700\" \/>\n\t<meta property=\"og:image:type\" content=\"image\/jpeg\" \/>\n<meta name=\"twitter:card\" content=\"summary_large_image\" \/>\n<script type=\"application\/ld+json\" class=\"yoast-schema-graph\">{\"@context\":\"https:\\\/\\\/schema.org\",\"@graph\":[{\"@type\":\"WebPage\",\"@id\":\"https:\\\/\\\/globe-europe.nl\\\/product\\\/lenox-micronizer-jr\\\/\",\"url\":\"https:\\\/\\\/globe-europe.nl\\\/product\\\/lenox-micronizer-jr\\\/\",\"name\":\"Lenox Micronizer Jr. - Globe Europe\",\"isPartOf\":{\"@id\":\"https:\\\/\\\/globe-europe.nl\\\/#website\"},\"primaryImageOfPage\":{\"@id\":\"https:\\\/\\\/globe-europe.nl\\\/product\\\/lenox-micronizer-jr\\\/#primaryimage\"},\"image\":{\"@id\":\"https:\\\/\\\/globe-europe.nl\\\/product\\\/lenox-micronizer-jr\\\/#primaryimage\"},\"thumbnailUrl\":\"https:\\\/\\\/globe-europe.nl\\\/wp-content\\\/uploads\\\/2025\\\/02\\\/Lenox-Micronizer.jpg\",\"datePublished\":\"2025-02-04T10:56:02+00:00\",\"dateModified\":\"2025-04-17T10:43:27+00:00\",\"breadcrumb\":{\"@id\":\"https:\\\/\\\/globe-europe.nl\\\/product\\\/lenox-micronizer-jr\\\/#breadcrumb\"},\"inLanguage\":\"de\",\"potentialAction\":[{\"@type\":\"ReadAction\",\"target\":[\"https:\\\/\\\/globe-europe.nl\\\/product\\\/lenox-micronizer-jr\\\/\"]}]},{\"@type\":\"ImageObject\",\"inLanguage\":\"de\",\"@id\":\"https:\\\/\\\/globe-europe.nl\\\/product\\\/lenox-micronizer-jr\\\/#primaryimage\",\"url\":\"https:\\\/\\\/globe-europe.nl\\\/wp-content\\\/uploads\\\/2025\\\/02\\\/Lenox-Micronizer.jpg\",\"contentUrl\":\"https:\\\/\\\/globe-europe.nl\\\/wp-content\\\/uploads\\\/2025\\\/02\\\/Lenox-Micronizer.jpg\",\"width\":700,\"height\":700},{\"@type\":\"BreadcrumbList\",\"@id\":\"https:\\\/\\\/globe-europe.nl\\\/product\\\/lenox-micronizer-jr\\\/#breadcrumb\",\"itemListElement\":[{\"@type\":\"ListItem\",\"position\":1,\"name\":\"Home\",\"item\":\"https:\\\/\\\/globe-europe.nl\\\/\"},{\"@type\":\"ListItem\",\"position\":2,\"name\":\"Winkel\",\"item\":\"https:\\\/\\\/globe-europe.nl\\\/winkel\\\/\"},{\"@type\":\"ListItem\",\"position\":3,\"name\":\"Lenox Micronizer Jr.\"}]},{\"@type\":\"WebSite\",\"@id\":\"https:\\\/\\\/globe-europe.nl\\\/#website\",\"url\":\"https:\\\/\\\/globe-europe.nl\\\/\",\"name\":\"Globe Europe\",\"description\":\"\",\"publisher\":{\"@id\":\"https:\\\/\\\/globe-europe.nl\\\/#organization\"},\"potentialAction\":[{\"@type\":\"SearchAction\",\"target\":{\"@type\":\"EntryPoint\",\"urlTemplate\":\"https:\\\/\\\/globe-europe.nl\\\/?s={search_term_string}\"},\"query-input\":{\"@type\":\"PropertyValueSpecification\",\"valueRequired\":true,\"valueName\":\"search_term_string\"}}],\"inLanguage\":\"de\"},{\"@type\":\"Organization\",\"@id\":\"https:\\\/\\\/globe-europe.nl\\\/#organization\",\"name\":\"Globe Europe\",\"url\":\"https:\\\/\\\/globe-europe.nl\\\/\",\"logo\":{\"@type\":\"ImageObject\",\"inLanguage\":\"de\",\"@id\":\"https:\\\/\\\/globe-europe.nl\\\/#\\\/schema\\\/logo\\\/image\\\/\",\"url\":\"https:\\\/\\\/globe-europe.nl\\\/wp-content\\\/uploads\\\/2025\\\/02\\\/GLOBE-LOGO-WEB-GROOT.png\",\"contentUrl\":\"https:\\\/\\\/globe-europe.nl\\\/wp-content\\\/uploads\\\/2025\\\/02\\\/GLOBE-LOGO-WEB-GROOT.png\",\"width\":938,\"height\":404,\"caption\":\"Globe Europe\"},\"image\":{\"@id\":\"https:\\\/\\\/globe-europe.nl\\\/#\\\/schema\\\/logo\\\/image\\\/\"}}]}<\/script>\n<!-- \/ Yoast SEO plugin. -->","yoast_head_json":{"title":"Lenox Mikronisierer Jr. - Globus Europa","robots":{"index":"index","follow":"follow","max-snippet":"max-snippet:-1","max-image-preview":"max-image-preview:large","max-video-preview":"max-video-preview:-1"},"canonical":"https:\/\/globe-europe.nl\/de\/produkt\/lenox-mikronisierer-jr\/","og_locale":"de_DE","og_type":"article","og_title":"Lenox Micronizer Jr. - Globe Europe","og_description":"Verstuivers Uiterst precies bedieningselement van vloeistofpomp en perslucht zorgen dat de correcte hoeveelheid snijolie op het blad wordt aangebracht. Er zijn diverse sproeikoppen beschikbaar.  De Lenox Micronizer Jr. wordt aanbevolen voor bladen van 25mm of minder, bij het gebruik van niet-automatische zagen, voor metaalbewerkende toepassingen.","og_url":"https:\/\/globe-europe.nl\/de\/produkt\/lenox-mikronisierer-jr\/","og_site_name":"Globe Europe","article_modified_time":"2025-04-17T10:43:27+00:00","og_image":[{"width":700,"height":700,"url":"https:\/\/globe-europe.nl\/wp-content\/uploads\/2025\/02\/Lenox-Micronizer.jpg","type":"image\/jpeg"}],"twitter_card":"summary_large_image","schema":{"@context":"https:\/\/schema.org","@graph":[{"@type":"WebPage","@id":"https:\/\/globe-europe.nl\/product\/lenox-micronizer-jr\/","url":"https:\/\/globe-europe.nl\/product\/lenox-micronizer-jr\/","name":"Lenox Mikronisierer Jr. - Globus Europa","isPartOf":{"@id":"https:\/\/globe-europe.nl\/#website"},"primaryImageOfPage":{"@id":"https:\/\/globe-europe.nl\/product\/lenox-micronizer-jr\/#primaryimage"},"image":{"@id":"https:\/\/globe-europe.nl\/product\/lenox-micronizer-jr\/#primaryimage"},"thumbnailUrl":"https:\/\/globe-europe.nl\/wp-content\/uploads\/2025\/02\/Lenox-Micronizer.jpg","datePublished":"2025-02-04T10:56:02+00:00","dateModified":"2025-04-17T10:43:27+00:00","breadcrumb":{"@id":"https:\/\/globe-europe.nl\/product\/lenox-micronizer-jr\/#breadcrumb"},"inLanguage":"de","potentialAction":[{"@type":"ReadAction","target":["https:\/\/globe-europe.nl\/product\/lenox-micronizer-jr\/"]}]},{"@type":"ImageObject","inLanguage":"de","@id":"https:\/\/globe-europe.nl\/product\/lenox-micronizer-jr\/#primaryimage","url":"https:\/\/globe-europe.nl\/wp-content\/uploads\/2025\/02\/Lenox-Micronizer.jpg","contentUrl":"https:\/\/globe-europe.nl\/wp-content\/uploads\/2025\/02\/Lenox-Micronizer.jpg","width":700,"height":700},{"@type":"BreadcrumbList","@id":"https:\/\/globe-europe.nl\/product\/lenox-micronizer-jr\/#breadcrumb","itemListElement":[{"@type":"ListItem","position":1,"name":"Home","item":"https:\/\/globe-europe.nl\/"},{"@type":"ListItem","position":2,"name":"Winkel","item":"https:\/\/globe-europe.nl\/winkel\/"},{"@type":"ListItem","position":3,"name":"Lenox Micronizer Jr."}]},{"@type":"WebSite","@id":"https:\/\/globe-europe.nl\/#website","url":"https:\/\/globe-europe.nl\/","name":"Globe Europe","description":"","publisher":{"@id":"https:\/\/globe-europe.nl\/#organization"},"potentialAction":[{"@type":"SearchAction","target":{"@type":"EntryPoint","urlTemplate":"https:\/\/globe-europe.nl\/?s={search_term_string}"},"query-input":{"@type":"PropertyValueSpecification","valueRequired":true,"valueName":"search_term_string"}}],"inLanguage":"de"},{"@type":"Organization","@id":"https:\/\/globe-europe.nl\/#organization","name":"Globe Europe","url":"https:\/\/globe-europe.nl\/","logo":{"@type":"ImageObject","inLanguage":"de","@id":"https:\/\/globe-europe.nl\/#\/schema\/logo\/image\/","url":"https:\/\/globe-europe.nl\/wp-content\/uploads\/2025\/02\/GLOBE-LOGO-WEB-GROOT.png","contentUrl":"https:\/\/globe-europe.nl\/wp-content\/uploads\/2025\/02\/GLOBE-LOGO-WEB-GROOT.png","width":938,"height":404,"caption":"Globe Europe"},"image":{"@id":"https:\/\/globe-europe.nl\/#\/schema\/logo\/image\/"}}]}},"_links":{"self":[{"href":"https:\/\/globe-europe.nl\/de\/wp-json\/wp\/v2\/product\/695","targetHints":{"allow":["GET"]}}],"collection":[{"href":"https:\/\/globe-europe.nl\/de\/wp-json\/wp\/v2\/product"}],"about":[{"href":"https:\/\/globe-europe.nl\/de\/wp-json\/wp\/v2\/types\/product"}],"replies":[{"embeddable":true,"href":"https:\/\/globe-europe.nl\/de\/wp-json\/wp\/v2\/comments?post=695"}],"wp:featuredmedia":[{"embeddable":true,"href":"https:\/\/globe-europe.nl\/de\/wp-json\/wp\/v2\/media\/694"}],"wp:attachment":[{"href":"https:\/\/globe-europe.nl\/de\/wp-json\/wp\/v2\/media?parent=695"}],"wp:term":[{"taxonomy":"product_brand","embeddable":true,"href":"https:\/\/globe-europe.nl\/de\/wp-json\/wp\/v2\/product_brand?post=695"},{"taxonomy":"product_cat","embeddable":true,"href":"https:\/\/globe-europe.nl\/de\/wp-json\/wp\/v2\/product_cat?post=695"},{"taxonomy":"product_tag","embeddable":true,"href":"https:\/\/globe-europe.nl\/de\/wp-json\/wp\/v2\/product_tag?post=695"}],"curies":[{"name":"wp","href":"https:\/\/api.w.org\/{rel}","templated":true}]}}