{"id":738,"date":"2025-02-04T11:09:28","date_gmt":"2025-02-04T11:09:28","guid":{"rendered":"https:\/\/globe-europe.nl\/product\/urko-21-lijmklem-mini-met-spindel-niet-roterende-klemdop\/"},"modified":"2025-02-19T12:26:09","modified_gmt":"2025-02-19T12:26:09","slug":"urko-21-mini-schraubzwinge-mit-spindel-nicht-drehbare-druckplatte","status":"publish","type":"product","link":"https:\/\/globe-europe.nl\/de\/product\/urko-21-lijmklem-mini-met-spindel-niet-roterende-klemdop\/","title":{"rendered":"Urko - 21 - Leimzwinge mini mit Spindel - nicht drehbare Spannkappe"},"content":{"rendered":"<p><span style=\"color: #000000;\"><strong>Eigenschaften Urko - 21 - Leimzwinge mini mit Spindel - nicht drehbare Spannkappe<br \/>\n<\/strong><\/span><\/p>\n<ul>\n<li><span style=\"color: #000000;\">Griff aus Holz<\/span><\/li>\n<li><span style=\"color: #000000;\">Teile aus Gusseisen<\/span><\/li>\n<li><span style=\"color: #000000;\">Extrem starke Stahl-Zahnspannf\u00fchrung mit Bremse<\/span><\/li>\n<li><span style=\"color: #000000;\">Feste Stahlklemmkappe (dreht sich nicht, wenn sie befestigt ist, was Sch\u00e4den verhindert)\u00a0<\/span><\/li>\n<li><span style=\"color: #000000;\">Integrierte Bremse<\/span><\/li>\n<li>Die Abmessungen (a und b) finden Sie in der technischen Zeichnung, die den Bildern beigef\u00fcgt ist:\n<div class=\"woocommerce_variation wc-metabox closed\"><\/div>\n<ul>\n<li>18\u00d77 mm x 60 mm(a) - 12 cm(b)<\/li>\n<li>18\u00d77 mm x 60 mm(a) - 15 cm(b)<\/li>\n<li>18\u00d77 mm x 60 mm(a) - 20 cm(b)<\/li>\n<li>18\u00d77 mm x 60 mm(a) - 25 cm(b)<\/li>\n<li>18\u00d77 mm x 60 mm(a) - 30 cm(b)<\/li>\n<\/ul>\n<\/li>\n<\/ul>","protected":false},"excerpt":{"rendered":"<p>Kenmerken Urko &#8211; 21 &#8211; Lijmklem mini met spindel &#8211; niet roterende klemdop Houten grip-handvat Gietijzeren delen Extreem sterke stalen getande klemgeleider met rem Vaste stalen klemdop (draait niet mee bij fixeren wat beschadigingen helpt voorkomen)\u00a0 Ge\u00efntegreerde rem Maten (a en b) te vinden in de technische tekening bij de afbeeldingen: 18&#215;7 mm x 60 [&hellip;]<\/p>\n","protected":false},"featured_media":737,"comment_status":"open","ping_status":"closed","template":"","meta":[],"product_brand":[329],"product_cat":[50,51,93],"product_tag":[],"class_list":{"0":"post-738","1":"product","2":"type-product","3":"status-publish","4":"has-post-thumbnail","6":"product_brand-urko","7":"product_cat-handgereedschap","8":"product_cat-lijmklem","9":"product_cat-lijmklem-met-standaard-handgreep","11":"first","12":"instock","13":"shipping-taxable","14":"product-type-simple"},"ct_brands":[{"id":329,"name":"URKO","slug":"urko"}],"yoast_head":"<!-- This site is optimized with the Yoast SEO plugin v27.5 - https:\/\/yoast.com\/product\/yoast-seo-wordpress\/ -->\n<title>Urko 21 Mini Lijmklem | Met Spindel &amp; Niet-Roterende Klemdop - Globe Europe<\/title>\n<meta name=\"description\" content=\"Urko 21 mini lijmklem met houten handvat, gietijzeren delen en ge\u00efntegreerde rem. Vaste stalen klemdop voor nauwkeurig klemmen. Verkrijgbaar in 12-30 cm.\" \/>\n<meta name=\"robots\" content=\"index, follow, max-snippet:-1, max-image-preview:large, max-video-preview:-1\" \/>\n<link rel=\"canonical\" href=\"https:\/\/globe-europe.nl\/de\/produkt\/urko-21-mini-schraubzwinge-mit-spindel-nicht-drehbare-druckplatte\/\" \/>\n<meta property=\"og:locale\" content=\"de_DE\" \/>\n<meta property=\"og:type\" content=\"article\" \/>\n<meta property=\"og:title\" content=\"Urko 21 Mini Lijmklem | Met Spindel &amp; Niet-Roterende Klemdop - Globe Europe\" \/>\n<meta property=\"og:description\" content=\"Urko 21 mini lijmklem met houten handvat, gietijzeren delen en ge\u00efntegreerde rem. Vaste stalen klemdop voor nauwkeurig klemmen. Verkrijgbaar in 12-30 cm.\" \/>\n<meta property=\"og:url\" content=\"https:\/\/globe-europe.nl\/de\/produkt\/urko-21-mini-schraubzwinge-mit-spindel-nicht-drehbare-druckplatte\/\" \/>\n<meta property=\"og:site_name\" content=\"Globe Europe\" \/>\n<meta property=\"article:modified_time\" content=\"2025-02-19T12:26:09+00:00\" \/>\n<meta property=\"og:image\" content=\"https:\/\/globe-europe.nl\/wp-content\/uploads\/2025\/02\/urko-21-lijmklem-mini-met-spindel-niet-roterende-k.jpg\" \/>\n\t<meta property=\"og:image:width\" content=\"700\" \/>\n\t<meta property=\"og:image:height\" content=\"700\" \/>\n\t<meta property=\"og:image:type\" content=\"image\/jpeg\" \/>\n<meta name=\"twitter:card\" content=\"summary_large_image\" \/>\n<meta name=\"twitter:label1\" content=\"Gesch\u00e4tzte Lesezeit\" \/>\n\t<meta name=\"twitter:data1\" content=\"1\u00a0Minute\" \/>\n<script type=\"application\/ld+json\" class=\"yoast-schema-graph\">{\"@context\":\"https:\\\/\\\/schema.org\",\"@graph\":[{\"@type\":\"WebPage\",\"@id\":\"https:\\\/\\\/globe-europe.nl\\\/product\\\/urko-21-lijmklem-mini-met-spindel-niet-roterende-klemdop\\\/\",\"url\":\"https:\\\/\\\/globe-europe.nl\\\/product\\\/urko-21-lijmklem-mini-met-spindel-niet-roterende-klemdop\\\/\",\"name\":\"Urko 21 Mini Lijmklem | Met Spindel & Niet-Roterende Klemdop - Globe Europe\",\"isPartOf\":{\"@id\":\"https:\\\/\\\/globe-europe.nl\\\/#website\"},\"primaryImageOfPage\":{\"@id\":\"https:\\\/\\\/globe-europe.nl\\\/product\\\/urko-21-lijmklem-mini-met-spindel-niet-roterende-klemdop\\\/#primaryimage\"},\"image\":{\"@id\":\"https:\\\/\\\/globe-europe.nl\\\/product\\\/urko-21-lijmklem-mini-met-spindel-niet-roterende-klemdop\\\/#primaryimage\"},\"thumbnailUrl\":\"https:\\\/\\\/globe-europe.nl\\\/wp-content\\\/uploads\\\/2025\\\/02\\\/urko-21-lijmklem-mini-met-spindel-niet-roterende-k.jpg\",\"datePublished\":\"2025-02-04T11:09:28+00:00\",\"dateModified\":\"2025-02-19T12:26:09+00:00\",\"description\":\"Urko 21 mini lijmklem met houten handvat, gietijzeren delen en ge\u00efntegreerde rem. Vaste stalen klemdop voor nauwkeurig klemmen. Verkrijgbaar in 12-30 cm.\",\"breadcrumb\":{\"@id\":\"https:\\\/\\\/globe-europe.nl\\\/product\\\/urko-21-lijmklem-mini-met-spindel-niet-roterende-klemdop\\\/#breadcrumb\"},\"inLanguage\":\"de\",\"potentialAction\":[{\"@type\":\"ReadAction\",\"target\":[\"https:\\\/\\\/globe-europe.nl\\\/product\\\/urko-21-lijmklem-mini-met-spindel-niet-roterende-klemdop\\\/\"]}]},{\"@type\":\"ImageObject\",\"inLanguage\":\"de\",\"@id\":\"https:\\\/\\\/globe-europe.nl\\\/product\\\/urko-21-lijmklem-mini-met-spindel-niet-roterende-klemdop\\\/#primaryimage\",\"url\":\"https:\\\/\\\/globe-europe.nl\\\/wp-content\\\/uploads\\\/2025\\\/02\\\/urko-21-lijmklem-mini-met-spindel-niet-roterende-k.jpg\",\"contentUrl\":\"https:\\\/\\\/globe-europe.nl\\\/wp-content\\\/uploads\\\/2025\\\/02\\\/urko-21-lijmklem-mini-met-spindel-niet-roterende-k.jpg\",\"width\":700,\"height\":700},{\"@type\":\"BreadcrumbList\",\"@id\":\"https:\\\/\\\/globe-europe.nl\\\/product\\\/urko-21-lijmklem-mini-met-spindel-niet-roterende-klemdop\\\/#breadcrumb\",\"itemListElement\":[{\"@type\":\"ListItem\",\"position\":1,\"name\":\"Home\",\"item\":\"https:\\\/\\\/globe-europe.nl\\\/\"},{\"@type\":\"ListItem\",\"position\":2,\"name\":\"Winkel\",\"item\":\"https:\\\/\\\/globe-europe.nl\\\/winkel\\\/\"},{\"@type\":\"ListItem\",\"position\":3,\"name\":\"Urko &#8211; 21 &#8211; Lijmklem mini met spindel &#8211; niet roterende klemdop\"}]},{\"@type\":\"WebSite\",\"@id\":\"https:\\\/\\\/globe-europe.nl\\\/#website\",\"url\":\"https:\\\/\\\/globe-europe.nl\\\/\",\"name\":\"Globe Europe\",\"description\":\"\",\"publisher\":{\"@id\":\"https:\\\/\\\/globe-europe.nl\\\/#organization\"},\"potentialAction\":[{\"@type\":\"SearchAction\",\"target\":{\"@type\":\"EntryPoint\",\"urlTemplate\":\"https:\\\/\\\/globe-europe.nl\\\/?s={search_term_string}\"},\"query-input\":{\"@type\":\"PropertyValueSpecification\",\"valueRequired\":true,\"valueName\":\"search_term_string\"}}],\"inLanguage\":\"de\"},{\"@type\":\"Organization\",\"@id\":\"https:\\\/\\\/globe-europe.nl\\\/#organization\",\"name\":\"Globe Europe\",\"url\":\"https:\\\/\\\/globe-europe.nl\\\/\",\"logo\":{\"@type\":\"ImageObject\",\"inLanguage\":\"de\",\"@id\":\"https:\\\/\\\/globe-europe.nl\\\/#\\\/schema\\\/logo\\\/image\\\/\",\"url\":\"https:\\\/\\\/globe-europe.nl\\\/wp-content\\\/uploads\\\/2025\\\/02\\\/GLOBE-LOGO-WEB-GROOT.png\",\"contentUrl\":\"https:\\\/\\\/globe-europe.nl\\\/wp-content\\\/uploads\\\/2025\\\/02\\\/GLOBE-LOGO-WEB-GROOT.png\",\"width\":938,\"height\":404,\"caption\":\"Globe Europe\"},\"image\":{\"@id\":\"https:\\\/\\\/globe-europe.nl\\\/#\\\/schema\\\/logo\\\/image\\\/\"}}]}<\/script>\n<!-- \/ Yoast SEO plugin. -->","yoast_head_json":{"title":"Urko 21 Mini-Leimzwinge | mit Spindel und nicht drehbarer Klemmkappe - Globe Europe","description":"Urko 21 Mini-Leimzwinge mit Holzgriff, Gusseisenteilen und integrierter Bremse. Feste Stahlklemmkappe f\u00fcr pr\u00e4zises Klemmen. Erh\u00e4ltlich in 12-30 cm.","robots":{"index":"index","follow":"follow","max-snippet":"max-snippet:-1","max-image-preview":"max-image-preview:large","max-video-preview":"max-video-preview:-1"},"canonical":"https:\/\/globe-europe.nl\/de\/produkt\/urko-21-mini-schraubzwinge-mit-spindel-nicht-drehbare-druckplatte\/","og_locale":"de_DE","og_type":"article","og_title":"Urko 21 Mini Lijmklem | Met Spindel & Niet-Roterende Klemdop - Globe Europe","og_description":"Urko 21 mini lijmklem met houten handvat, gietijzeren delen en ge\u00efntegreerde rem. Vaste stalen klemdop voor nauwkeurig klemmen. Verkrijgbaar in 12-30 cm.","og_url":"https:\/\/globe-europe.nl\/de\/produkt\/urko-21-mini-schraubzwinge-mit-spindel-nicht-drehbare-druckplatte\/","og_site_name":"Globe Europe","article_modified_time":"2025-02-19T12:26:09+00:00","og_image":[{"width":700,"height":700,"url":"https:\/\/globe-europe.nl\/wp-content\/uploads\/2025\/02\/urko-21-lijmklem-mini-met-spindel-niet-roterende-k.jpg","type":"image\/jpeg"}],"twitter_card":"summary_large_image","twitter_misc":{"Gesch\u00e4tzte Lesezeit":"1\u00a0Minute"},"schema":{"@context":"https:\/\/schema.org","@graph":[{"@type":"WebPage","@id":"https:\/\/globe-europe.nl\/product\/urko-21-lijmklem-mini-met-spindel-niet-roterende-klemdop\/","url":"https:\/\/globe-europe.nl\/product\/urko-21-lijmklem-mini-met-spindel-niet-roterende-klemdop\/","name":"Urko 21 Mini-Leimzwinge | mit Spindel und nicht drehbarer Klemmkappe - Globe Europe","isPartOf":{"@id":"https:\/\/globe-europe.nl\/#website"},"primaryImageOfPage":{"@id":"https:\/\/globe-europe.nl\/product\/urko-21-lijmklem-mini-met-spindel-niet-roterende-klemdop\/#primaryimage"},"image":{"@id":"https:\/\/globe-europe.nl\/product\/urko-21-lijmklem-mini-met-spindel-niet-roterende-klemdop\/#primaryimage"},"thumbnailUrl":"https:\/\/globe-europe.nl\/wp-content\/uploads\/2025\/02\/urko-21-lijmklem-mini-met-spindel-niet-roterende-k.jpg","datePublished":"2025-02-04T11:09:28+00:00","dateModified":"2025-02-19T12:26:09+00:00","description":"Urko 21 Mini-Leimzwinge mit Holzgriff, Gusseisenteilen und integrierter Bremse. Feste Stahlklemmkappe f\u00fcr pr\u00e4zises Klemmen. Erh\u00e4ltlich in 12-30 cm.","breadcrumb":{"@id":"https:\/\/globe-europe.nl\/product\/urko-21-lijmklem-mini-met-spindel-niet-roterende-klemdop\/#breadcrumb"},"inLanguage":"de","potentialAction":[{"@type":"ReadAction","target":["https:\/\/globe-europe.nl\/product\/urko-21-lijmklem-mini-met-spindel-niet-roterende-klemdop\/"]}]},{"@type":"ImageObject","inLanguage":"de","@id":"https:\/\/globe-europe.nl\/product\/urko-21-lijmklem-mini-met-spindel-niet-roterende-klemdop\/#primaryimage","url":"https:\/\/globe-europe.nl\/wp-content\/uploads\/2025\/02\/urko-21-lijmklem-mini-met-spindel-niet-roterende-k.jpg","contentUrl":"https:\/\/globe-europe.nl\/wp-content\/uploads\/2025\/02\/urko-21-lijmklem-mini-met-spindel-niet-roterende-k.jpg","width":700,"height":700},{"@type":"BreadcrumbList","@id":"https:\/\/globe-europe.nl\/product\/urko-21-lijmklem-mini-met-spindel-niet-roterende-klemdop\/#breadcrumb","itemListElement":[{"@type":"ListItem","position":1,"name":"Home","item":"https:\/\/globe-europe.nl\/"},{"@type":"ListItem","position":2,"name":"Winkel","item":"https:\/\/globe-europe.nl\/winkel\/"},{"@type":"ListItem","position":3,"name":"Urko &#8211; 21 &#8211; Lijmklem mini met spindel &#8211; niet roterende klemdop"}]},{"@type":"WebSite","@id":"https:\/\/globe-europe.nl\/#website","url":"https:\/\/globe-europe.nl\/","name":"Globe Europe","description":"","publisher":{"@id":"https:\/\/globe-europe.nl\/#organization"},"potentialAction":[{"@type":"SearchAction","target":{"@type":"EntryPoint","urlTemplate":"https:\/\/globe-europe.nl\/?s={search_term_string}"},"query-input":{"@type":"PropertyValueSpecification","valueRequired":true,"valueName":"search_term_string"}}],"inLanguage":"de"},{"@type":"Organization","@id":"https:\/\/globe-europe.nl\/#organization","name":"Globe Europe","url":"https:\/\/globe-europe.nl\/","logo":{"@type":"ImageObject","inLanguage":"de","@id":"https:\/\/globe-europe.nl\/#\/schema\/logo\/image\/","url":"https:\/\/globe-europe.nl\/wp-content\/uploads\/2025\/02\/GLOBE-LOGO-WEB-GROOT.png","contentUrl":"https:\/\/globe-europe.nl\/wp-content\/uploads\/2025\/02\/GLOBE-LOGO-WEB-GROOT.png","width":938,"height":404,"caption":"Globe Europe"},"image":{"@id":"https:\/\/globe-europe.nl\/#\/schema\/logo\/image\/"}}]}},"_links":{"self":[{"href":"https:\/\/globe-europe.nl\/de\/wp-json\/wp\/v2\/product\/738","targetHints":{"allow":["GET"]}}],"collection":[{"href":"https:\/\/globe-europe.nl\/de\/wp-json\/wp\/v2\/product"}],"about":[{"href":"https:\/\/globe-europe.nl\/de\/wp-json\/wp\/v2\/types\/product"}],"replies":[{"embeddable":true,"href":"https:\/\/globe-europe.nl\/de\/wp-json\/wp\/v2\/comments?post=738"}],"wp:featuredmedia":[{"embeddable":true,"href":"https:\/\/globe-europe.nl\/de\/wp-json\/wp\/v2\/media\/737"}],"wp:attachment":[{"href":"https:\/\/globe-europe.nl\/de\/wp-json\/wp\/v2\/media?parent=738"}],"wp:term":[{"taxonomy":"product_brand","embeddable":true,"href":"https:\/\/globe-europe.nl\/de\/wp-json\/wp\/v2\/product_brand?post=738"},{"taxonomy":"product_cat","embeddable":true,"href":"https:\/\/globe-europe.nl\/de\/wp-json\/wp\/v2\/product_cat?post=738"},{"taxonomy":"product_tag","embeddable":true,"href":"https:\/\/globe-europe.nl\/de\/wp-json\/wp\/v2\/product_tag?post=738"}],"curies":[{"name":"wp","href":"https:\/\/api.w.org\/{rel}","templated":true}]}}