{"id":741,"date":"2025-02-04T11:09:29","date_gmt":"2025-02-04T11:09:29","guid":{"rendered":"https:\/\/globe-europe.nl\/product\/urko-212-snelspanlijmklem-aluminium-stempeldeel\/"},"modified":"2025-02-19T07:51:37","modified_gmt":"2025-02-19T07:51:37","slug":"urko-212-schnellspannzwinge-aluminium-backe","status":"publish","type":"product","link":"https:\/\/globe-europe.nl\/de\/product\/urko-212-snelspanlijmklem-aluminium-stempeldeel\/","title":{"rendered":"Urko - 212 - Schnellspann-Leimzwinge - Aluminium-Stanzteil"},"content":{"rendered":"<p><strong><span style=\"color: #000000;\">Merkmale 212 - Schnellspann-Leimzwinge - Aluminium-Stanzteil<br \/>\n<\/span><\/strong><\/p>\n<ul>\n<li><span style=\"color: #000000;\">Klemmf\u00fchrung aus Aluminium\u00a0<\/span><\/li>\n<li><span style=\"color: #000000;\">Teile aus Kohlenstoffstahl extra geh\u00e4rtet im \"8\"-Profil<br \/>\n<\/span><\/li>\n<li><span style=\"color: #000000;\">Progressive Montage mit Hebel<\/span><\/li>\n<li>Die Abmessungen (a und b) sind in der technischen Zeichnung in den Abbildungen zu finden<\/li>\n<\/ul>\n<p>Gr\u00f6\u00dfen<\/p>\n<p>20x6mm - 80mm(a) - 20cm(b)<\/p>\n<p>20x6mm - 80mm(a) - 30cm(b)<\/p>","protected":false},"excerpt":{"rendered":"<p>Kenmerken 212 &#8211; Snelspanlijmklem &#8211; aluminium stempeldeel Aluminium klemgeleider\u00a0 Koolstofstalen delen extra gehard in &#8220;8&#8221; profiel Progressieve bevestiging met hendel Maten (a en b) te vinden in de technische tekening bij de afbeeldingen Maten 20x6mm \u2013 80mm(a) \u2013 20cm(b) 20x6mm \u2013 80mm(a) \u2013 30cm(b)<\/p>","protected":false},"featured_media":740,"comment_status":"open","ping_status":"closed","template":"","meta":[],"product_brand":[329],"product_cat":[50,94],"product_tag":[],"class_list":{"0":"post-741","1":"product","2":"type-product","3":"status-publish","4":"has-post-thumbnail","6":"product_brand-urko","7":"product_cat-handgereedschap","8":"product_cat-snelspanklem","10":"first","11":"instock","12":"shipping-taxable","13":"product-type-simple"},"ct_brands":[{"id":329,"name":"URKO","slug":"urko"}],"yoast_head":"<!-- This site is optimized with the Yoast SEO plugin v27.3 - https:\/\/yoast.com\/product\/yoast-seo-wordpress\/ -->\n<title>Urko 212 Snelspanlijmklem | Aluminium &amp; Hendelbevestiging - Globe Europe<\/title>\n<meta name=\"description\" content=\"Urko 212 snelspanlijmklem met aluminium klemgeleider en extra gehard koolstofstaal. Progressieve hendelbevestiging. Verkrijgbaar in 20 en 30 cm.\" \/>\n<meta name=\"robots\" content=\"index, follow, max-snippet:-1, max-image-preview:large, max-video-preview:-1\" \/>\n<link rel=\"canonical\" href=\"https:\/\/globe-europe.nl\/de\/produkt\/urko-212-schnellspannzwinge-aluminium-backe\/\" \/>\n<meta property=\"og:locale\" content=\"de_DE\" \/>\n<meta property=\"og:type\" content=\"article\" \/>\n<meta property=\"og:title\" content=\"Urko 212 Snelspanlijmklem | Aluminium &amp; Hendelbevestiging - Globe Europe\" \/>\n<meta property=\"og:description\" content=\"Urko 212 snelspanlijmklem met aluminium klemgeleider en extra gehard koolstofstaal. Progressieve hendelbevestiging. Verkrijgbaar in 20 en 30 cm.\" \/>\n<meta property=\"og:url\" content=\"https:\/\/globe-europe.nl\/de\/produkt\/urko-212-schnellspannzwinge-aluminium-backe\/\" \/>\n<meta property=\"og:site_name\" content=\"Globe Europe\" \/>\n<meta property=\"article:modified_time\" content=\"2025-02-19T07:51:37+00:00\" \/>\n<meta property=\"og:image\" content=\"https:\/\/globe-europe.nl\/wp-content\/uploads\/2025\/02\/urko-212-snelspanlijmklem-aluminium-stempeldeel.jpg\" \/>\n\t<meta property=\"og:image:width\" content=\"700\" \/>\n\t<meta property=\"og:image:height\" content=\"700\" \/>\n\t<meta property=\"og:image:type\" content=\"image\/jpeg\" \/>\n<meta name=\"twitter:card\" content=\"summary_large_image\" \/>\n<meta name=\"twitter:label1\" content=\"Gesch\u00e4tzte Lesezeit\" \/>\n\t<meta name=\"twitter:data1\" content=\"1\u00a0Minute\" \/>\n<script type=\"application\/ld+json\" class=\"yoast-schema-graph\">{\"@context\":\"https:\\\/\\\/schema.org\",\"@graph\":[{\"@type\":\"WebPage\",\"@id\":\"https:\\\/\\\/globe-europe.nl\\\/product\\\/urko-212-snelspanlijmklem-aluminium-stempeldeel\\\/\",\"url\":\"https:\\\/\\\/globe-europe.nl\\\/product\\\/urko-212-snelspanlijmklem-aluminium-stempeldeel\\\/\",\"name\":\"Urko 212 Snelspanlijmklem | Aluminium & Hendelbevestiging - Globe Europe\",\"isPartOf\":{\"@id\":\"https:\\\/\\\/globe-europe.nl\\\/#website\"},\"primaryImageOfPage\":{\"@id\":\"https:\\\/\\\/globe-europe.nl\\\/product\\\/urko-212-snelspanlijmklem-aluminium-stempeldeel\\\/#primaryimage\"},\"image\":{\"@id\":\"https:\\\/\\\/globe-europe.nl\\\/product\\\/urko-212-snelspanlijmklem-aluminium-stempeldeel\\\/#primaryimage\"},\"thumbnailUrl\":\"https:\\\/\\\/globe-europe.nl\\\/wp-content\\\/uploads\\\/2025\\\/02\\\/urko-212-snelspanlijmklem-aluminium-stempeldeel.jpg\",\"datePublished\":\"2025-02-04T11:09:29+00:00\",\"dateModified\":\"2025-02-19T07:51:37+00:00\",\"description\":\"Urko 212 snelspanlijmklem met aluminium klemgeleider en extra gehard koolstofstaal. Progressieve hendelbevestiging. Verkrijgbaar in 20 en 30 cm.\",\"breadcrumb\":{\"@id\":\"https:\\\/\\\/globe-europe.nl\\\/product\\\/urko-212-snelspanlijmklem-aluminium-stempeldeel\\\/#breadcrumb\"},\"inLanguage\":\"de\",\"potentialAction\":[{\"@type\":\"ReadAction\",\"target\":[\"https:\\\/\\\/globe-europe.nl\\\/product\\\/urko-212-snelspanlijmklem-aluminium-stempeldeel\\\/\"]}]},{\"@type\":\"ImageObject\",\"inLanguage\":\"de\",\"@id\":\"https:\\\/\\\/globe-europe.nl\\\/product\\\/urko-212-snelspanlijmklem-aluminium-stempeldeel\\\/#primaryimage\",\"url\":\"https:\\\/\\\/globe-europe.nl\\\/wp-content\\\/uploads\\\/2025\\\/02\\\/urko-212-snelspanlijmklem-aluminium-stempeldeel.jpg\",\"contentUrl\":\"https:\\\/\\\/globe-europe.nl\\\/wp-content\\\/uploads\\\/2025\\\/02\\\/urko-212-snelspanlijmklem-aluminium-stempeldeel.jpg\",\"width\":700,\"height\":700},{\"@type\":\"BreadcrumbList\",\"@id\":\"https:\\\/\\\/globe-europe.nl\\\/product\\\/urko-212-snelspanlijmklem-aluminium-stempeldeel\\\/#breadcrumb\",\"itemListElement\":[{\"@type\":\"ListItem\",\"position\":1,\"name\":\"Home\",\"item\":\"https:\\\/\\\/globe-europe.nl\\\/\"},{\"@type\":\"ListItem\",\"position\":2,\"name\":\"Winkel\",\"item\":\"https:\\\/\\\/globe-europe.nl\\\/winkel\\\/\"},{\"@type\":\"ListItem\",\"position\":3,\"name\":\"Urko &#8211; 212 &#8211; Snelspanlijmklem &#8211; aluminium stempeldeel\"}]},{\"@type\":\"WebSite\",\"@id\":\"https:\\\/\\\/globe-europe.nl\\\/#website\",\"url\":\"https:\\\/\\\/globe-europe.nl\\\/\",\"name\":\"Globe Europe\",\"description\":\"\",\"publisher\":{\"@id\":\"https:\\\/\\\/globe-europe.nl\\\/#organization\"},\"potentialAction\":[{\"@type\":\"SearchAction\",\"target\":{\"@type\":\"EntryPoint\",\"urlTemplate\":\"https:\\\/\\\/globe-europe.nl\\\/?s={search_term_string}\"},\"query-input\":{\"@type\":\"PropertyValueSpecification\",\"valueRequired\":true,\"valueName\":\"search_term_string\"}}],\"inLanguage\":\"de\"},{\"@type\":\"Organization\",\"@id\":\"https:\\\/\\\/globe-europe.nl\\\/#organization\",\"name\":\"Globe Europe\",\"url\":\"https:\\\/\\\/globe-europe.nl\\\/\",\"logo\":{\"@type\":\"ImageObject\",\"inLanguage\":\"de\",\"@id\":\"https:\\\/\\\/globe-europe.nl\\\/#\\\/schema\\\/logo\\\/image\\\/\",\"url\":\"https:\\\/\\\/globe-europe.nl\\\/wp-content\\\/uploads\\\/2025\\\/02\\\/GLOBE-LOGO-WEB-GROOT.png\",\"contentUrl\":\"https:\\\/\\\/globe-europe.nl\\\/wp-content\\\/uploads\\\/2025\\\/02\\\/GLOBE-LOGO-WEB-GROOT.png\",\"width\":938,\"height\":404,\"caption\":\"Globe Europe\"},\"image\":{\"@id\":\"https:\\\/\\\/globe-europe.nl\\\/#\\\/schema\\\/logo\\\/image\\\/\"}}]}<\/script>\n<!-- \/ Yoast SEO plugin. -->","yoast_head_json":{"title":"Urko 212 Schnellspanner | Aluminium &amp; Hebelmontage - Globe Europe","description":"Urko 212 Schnellspannklemme mit Klemmf\u00fchrung aus Aluminium und extra geh\u00e4rtetem Kohlenstoffstahl. Progressive Hebelbefestigung. Erh\u00e4ltlich in 20 und 30 cm.","robots":{"index":"index","follow":"follow","max-snippet":"max-snippet:-1","max-image-preview":"max-image-preview:large","max-video-preview":"max-video-preview:-1"},"canonical":"https:\/\/globe-europe.nl\/de\/produkt\/urko-212-schnellspannzwinge-aluminium-backe\/","og_locale":"de_DE","og_type":"article","og_title":"Urko 212 Snelspanlijmklem | Aluminium & Hendelbevestiging - Globe Europe","og_description":"Urko 212 snelspanlijmklem met aluminium klemgeleider en extra gehard koolstofstaal. Progressieve hendelbevestiging. Verkrijgbaar in 20 en 30 cm.","og_url":"https:\/\/globe-europe.nl\/de\/produkt\/urko-212-schnellspannzwinge-aluminium-backe\/","og_site_name":"Globe Europe","article_modified_time":"2025-02-19T07:51:37+00:00","og_image":[{"width":700,"height":700,"url":"https:\/\/globe-europe.nl\/wp-content\/uploads\/2025\/02\/urko-212-snelspanlijmklem-aluminium-stempeldeel.jpg","type":"image\/jpeg"}],"twitter_card":"summary_large_image","twitter_misc":{"Gesch\u00e4tzte Lesezeit":"1\u00a0Minute"},"schema":{"@context":"https:\/\/schema.org","@graph":[{"@type":"WebPage","@id":"https:\/\/globe-europe.nl\/product\/urko-212-snelspanlijmklem-aluminium-stempeldeel\/","url":"https:\/\/globe-europe.nl\/product\/urko-212-snelspanlijmklem-aluminium-stempeldeel\/","name":"Urko 212 Schnellspanner | Aluminium &amp; Hebelmontage - Globe Europe","isPartOf":{"@id":"https:\/\/globe-europe.nl\/#website"},"primaryImageOfPage":{"@id":"https:\/\/globe-europe.nl\/product\/urko-212-snelspanlijmklem-aluminium-stempeldeel\/#primaryimage"},"image":{"@id":"https:\/\/globe-europe.nl\/product\/urko-212-snelspanlijmklem-aluminium-stempeldeel\/#primaryimage"},"thumbnailUrl":"https:\/\/globe-europe.nl\/wp-content\/uploads\/2025\/02\/urko-212-snelspanlijmklem-aluminium-stempeldeel.jpg","datePublished":"2025-02-04T11:09:29+00:00","dateModified":"2025-02-19T07:51:37+00:00","description":"Urko 212 Schnellspannklemme mit Klemmf\u00fchrung aus Aluminium und extra geh\u00e4rtetem Kohlenstoffstahl. Progressive Hebelbefestigung. Erh\u00e4ltlich in 20 und 30 cm.","breadcrumb":{"@id":"https:\/\/globe-europe.nl\/product\/urko-212-snelspanlijmklem-aluminium-stempeldeel\/#breadcrumb"},"inLanguage":"de","potentialAction":[{"@type":"ReadAction","target":["https:\/\/globe-europe.nl\/product\/urko-212-snelspanlijmklem-aluminium-stempeldeel\/"]}]},{"@type":"ImageObject","inLanguage":"de","@id":"https:\/\/globe-europe.nl\/product\/urko-212-snelspanlijmklem-aluminium-stempeldeel\/#primaryimage","url":"https:\/\/globe-europe.nl\/wp-content\/uploads\/2025\/02\/urko-212-snelspanlijmklem-aluminium-stempeldeel.jpg","contentUrl":"https:\/\/globe-europe.nl\/wp-content\/uploads\/2025\/02\/urko-212-snelspanlijmklem-aluminium-stempeldeel.jpg","width":700,"height":700},{"@type":"BreadcrumbList","@id":"https:\/\/globe-europe.nl\/product\/urko-212-snelspanlijmklem-aluminium-stempeldeel\/#breadcrumb","itemListElement":[{"@type":"ListItem","position":1,"name":"Home","item":"https:\/\/globe-europe.nl\/"},{"@type":"ListItem","position":2,"name":"Winkel","item":"https:\/\/globe-europe.nl\/winkel\/"},{"@type":"ListItem","position":3,"name":"Urko &#8211; 212 &#8211; Snelspanlijmklem &#8211; aluminium stempeldeel"}]},{"@type":"WebSite","@id":"https:\/\/globe-europe.nl\/#website","url":"https:\/\/globe-europe.nl\/","name":"Globe Europe","description":"","publisher":{"@id":"https:\/\/globe-europe.nl\/#organization"},"potentialAction":[{"@type":"SearchAction","target":{"@type":"EntryPoint","urlTemplate":"https:\/\/globe-europe.nl\/?s={search_term_string}"},"query-input":{"@type":"PropertyValueSpecification","valueRequired":true,"valueName":"search_term_string"}}],"inLanguage":"de"},{"@type":"Organization","@id":"https:\/\/globe-europe.nl\/#organization","name":"Globe Europe","url":"https:\/\/globe-europe.nl\/","logo":{"@type":"ImageObject","inLanguage":"de","@id":"https:\/\/globe-europe.nl\/#\/schema\/logo\/image\/","url":"https:\/\/globe-europe.nl\/wp-content\/uploads\/2025\/02\/GLOBE-LOGO-WEB-GROOT.png","contentUrl":"https:\/\/globe-europe.nl\/wp-content\/uploads\/2025\/02\/GLOBE-LOGO-WEB-GROOT.png","width":938,"height":404,"caption":"Globe Europe"},"image":{"@id":"https:\/\/globe-europe.nl\/#\/schema\/logo\/image\/"}}]}},"_links":{"self":[{"href":"https:\/\/globe-europe.nl\/de\/wp-json\/wp\/v2\/product\/741","targetHints":{"allow":["GET"]}}],"collection":[{"href":"https:\/\/globe-europe.nl\/de\/wp-json\/wp\/v2\/product"}],"about":[{"href":"https:\/\/globe-europe.nl\/de\/wp-json\/wp\/v2\/types\/product"}],"replies":[{"embeddable":true,"href":"https:\/\/globe-europe.nl\/de\/wp-json\/wp\/v2\/comments?post=741"}],"wp:featuredmedia":[{"embeddable":true,"href":"https:\/\/globe-europe.nl\/de\/wp-json\/wp\/v2\/media\/740"}],"wp:attachment":[{"href":"https:\/\/globe-europe.nl\/de\/wp-json\/wp\/v2\/media?parent=741"}],"wp:term":[{"taxonomy":"product_brand","embeddable":true,"href":"https:\/\/globe-europe.nl\/de\/wp-json\/wp\/v2\/product_brand?post=741"},{"taxonomy":"product_cat","embeddable":true,"href":"https:\/\/globe-europe.nl\/de\/wp-json\/wp\/v2\/product_cat?post=741"},{"taxonomy":"product_tag","embeddable":true,"href":"https:\/\/globe-europe.nl\/de\/wp-json\/wp\/v2\/product_tag?post=741"}],"curies":[{"name":"wp","href":"https:\/\/api.w.org\/{rel}","templated":true}]}}