{"id":752,"date":"2025-02-04T11:09:32","date_gmt":"2025-02-04T11:09:32","guid":{"rendered":"https:\/\/globe-europe.nl\/product\/urko-4003-l-lijmklem-met-spanhendel\/"},"modified":"2025-02-19T07:46:04","modified_gmt":"2025-02-19T07:46:04","slug":"urko-4003-l-schraubzwinge-mit-spannhebel","status":"publish","type":"product","link":"https:\/\/globe-europe.nl\/de\/product\/urko-4003-l-lijmklem-met-spanhendel\/","title":{"rendered":"Urko - 4003-L - Leimzwinge mit Klemmhebel"},"content":{"rendered":"<p><span style=\"color: #000000;\"><strong>Merkmale 4003-L - Leimzwinge mit Klemmhebel<\/strong><br \/>\nLeimzwinge zum schnellen und einfachen Spannen von Werkst\u00fccken. Es wird eine senkrechte Kraft auf das zu klemmende Material ausge\u00fcbt, die ein Wegdrehen des Werkst\u00fccks verhindert. Die Zange hat eine sehr robuste Konstruktion f\u00fcr eine lange Lebensdauer.<\/span><\/p>\n<ul>\n<li>Fest- und Gleitb\u00fcgel aus hochwertigem Gusseisen<\/li>\n<li>Gleitschutz aus geh\u00e4rtetem Stahl<\/li>\n<li>Sehr leichtes Spannen durch einfaches Ziehen des Hebels<\/li>\n<li>Entriegeln durch Dr\u00fccken des Entriegelungsknopfes und leichtes Ziehen des Hebels<\/li>\n<li>Spannkraft: 9.000N<\/li>\n<li>Die Abmessungen (a, b und c) sind in der technischen Zeichnung in den Abbildungen zu finden<\/li>\n<\/ul>\n<p>Gr\u00f6\u00dfen<\/p>\n<p>35x8mm - 107mm(a) - 100cm(b) - 129mm(c)<\/p>\n<p>35x8mm - 107mm(a) - 120cm(b) - 129mm(c)<\/p>\n<p>35x8mm - 107mm(a) - 150cm(b) - 129mm(c)<\/p>\n<p>35x8mm - 107mm(a) - 20cm(b) - 129mm(c)<\/p>\n<p>35x8mm - 107mm(a) - 30cm(b) - 129mm(c)<\/p>\n<p>35x8mm - 107mm(a) - 40cm(b) - 129mm(c)<\/p>\n<p>35x8mm - 107mm(a) - 50cm(b) - 129mm(c)<\/p>\n<p>35x8mm - 107mm(a) - 60cm(b) - 129mm(c)<\/p>\n<p>35x8mm - 107mm(a) - 80cm(b) - 129mm(c)<\/p>","protected":false},"excerpt":{"rendered":"<p>Kenmerken 4003-L &#8211; Lijmklem met spanhendel Lijmtang voor het snel en eenvoudig opspannen van werkstukken. Een loodrechte kracht wordt uitgeoefend op het te spannen materiaal waardoor wegdraaien van het werkstuk onmogelijk is. De tang is zeer robuust uitgevoerd voor een lange levensduur. Vaste- en glijbeugel gefabriceerd uit hoogwaardig gietijzer Glijbeveiliging van gehard staal Zeer eenvoudig [&hellip;]<\/p>\n","protected":false},"featured_media":751,"comment_status":"open","ping_status":"closed","template":"","meta":[],"product_brand":[329],"product_cat":[50,51],"product_tag":[],"class_list":{"0":"post-752","1":"product","2":"type-product","3":"status-publish","4":"has-post-thumbnail","6":"product_brand-urko","7":"product_cat-handgereedschap","8":"product_cat-lijmklem","10":"first","11":"instock","12":"shipping-taxable","13":"product-type-simple"},"ct_brands":[{"id":329,"name":"URKO","slug":"urko"}],"yoast_head":"<!-- This site is optimized with the Yoast SEO plugin v27.3 - https:\/\/yoast.com\/product\/yoast-seo-wordpress\/ -->\n<title>Urko 4003-L Lijmklem | Met Spanhendel &amp; 9.000N Spankracht - Globe Europe<\/title>\n<meta name=\"description\" content=\"Urko 4003-L lijmklem met spanhendel en 9.000N kracht. Hoogwaardig gietijzer, gehard staal en eenvoudige bediening voor nauwkeurig klemmen.\" \/>\n<meta name=\"robots\" content=\"index, follow, max-snippet:-1, max-image-preview:large, max-video-preview:-1\" \/>\n<link rel=\"canonical\" href=\"https:\/\/globe-europe.nl\/de\/produkt\/urko-4003-l-schraubzwinge-mit-spannhebel\/\" \/>\n<meta property=\"og:locale\" content=\"de_DE\" \/>\n<meta property=\"og:type\" content=\"article\" \/>\n<meta property=\"og:title\" content=\"Urko 4003-L Lijmklem | Met Spanhendel &amp; 9.000N Spankracht - Globe Europe\" \/>\n<meta property=\"og:description\" content=\"Urko 4003-L lijmklem met spanhendel en 9.000N kracht. Hoogwaardig gietijzer, gehard staal en eenvoudige bediening voor nauwkeurig klemmen.\" \/>\n<meta property=\"og:url\" content=\"https:\/\/globe-europe.nl\/de\/produkt\/urko-4003-l-schraubzwinge-mit-spannhebel\/\" \/>\n<meta property=\"og:site_name\" content=\"Globe Europe\" \/>\n<meta property=\"article:modified_time\" content=\"2025-02-19T07:46:04+00:00\" \/>\n<meta property=\"og:image\" content=\"https:\/\/globe-europe.nl\/wp-content\/uploads\/2025\/02\/urko-4003-l-lijmtang.jpg\" \/>\n\t<meta property=\"og:image:width\" content=\"700\" \/>\n\t<meta property=\"og:image:height\" content=\"700\" \/>\n\t<meta property=\"og:image:type\" content=\"image\/jpeg\" \/>\n<meta name=\"twitter:card\" content=\"summary_large_image\" \/>\n<meta name=\"twitter:label1\" content=\"Gesch\u00e4tzte Lesezeit\" \/>\n\t<meta name=\"twitter:data1\" content=\"1\u00a0Minute\" \/>\n<script type=\"application\/ld+json\" class=\"yoast-schema-graph\">{\"@context\":\"https:\\\/\\\/schema.org\",\"@graph\":[{\"@type\":\"WebPage\",\"@id\":\"https:\\\/\\\/globe-europe.nl\\\/product\\\/urko-4003-l-lijmklem-met-spanhendel\\\/\",\"url\":\"https:\\\/\\\/globe-europe.nl\\\/product\\\/urko-4003-l-lijmklem-met-spanhendel\\\/\",\"name\":\"Urko 4003-L Lijmklem | Met Spanhendel & 9.000N Spankracht - Globe Europe\",\"isPartOf\":{\"@id\":\"https:\\\/\\\/globe-europe.nl\\\/#website\"},\"primaryImageOfPage\":{\"@id\":\"https:\\\/\\\/globe-europe.nl\\\/product\\\/urko-4003-l-lijmklem-met-spanhendel\\\/#primaryimage\"},\"image\":{\"@id\":\"https:\\\/\\\/globe-europe.nl\\\/product\\\/urko-4003-l-lijmklem-met-spanhendel\\\/#primaryimage\"},\"thumbnailUrl\":\"https:\\\/\\\/globe-europe.nl\\\/wp-content\\\/uploads\\\/2025\\\/02\\\/urko-4003-l-lijmtang.jpg\",\"datePublished\":\"2025-02-04T11:09:32+00:00\",\"dateModified\":\"2025-02-19T07:46:04+00:00\",\"description\":\"Urko 4003-L lijmklem met spanhendel en 9.000N kracht. Hoogwaardig gietijzer, gehard staal en eenvoudige bediening voor nauwkeurig klemmen.\",\"breadcrumb\":{\"@id\":\"https:\\\/\\\/globe-europe.nl\\\/product\\\/urko-4003-l-lijmklem-met-spanhendel\\\/#breadcrumb\"},\"inLanguage\":\"de\",\"potentialAction\":[{\"@type\":\"ReadAction\",\"target\":[\"https:\\\/\\\/globe-europe.nl\\\/product\\\/urko-4003-l-lijmklem-met-spanhendel\\\/\"]}]},{\"@type\":\"ImageObject\",\"inLanguage\":\"de\",\"@id\":\"https:\\\/\\\/globe-europe.nl\\\/product\\\/urko-4003-l-lijmklem-met-spanhendel\\\/#primaryimage\",\"url\":\"https:\\\/\\\/globe-europe.nl\\\/wp-content\\\/uploads\\\/2025\\\/02\\\/urko-4003-l-lijmtang.jpg\",\"contentUrl\":\"https:\\\/\\\/globe-europe.nl\\\/wp-content\\\/uploads\\\/2025\\\/02\\\/urko-4003-l-lijmtang.jpg\",\"width\":700,\"height\":700},{\"@type\":\"BreadcrumbList\",\"@id\":\"https:\\\/\\\/globe-europe.nl\\\/product\\\/urko-4003-l-lijmklem-met-spanhendel\\\/#breadcrumb\",\"itemListElement\":[{\"@type\":\"ListItem\",\"position\":1,\"name\":\"Home\",\"item\":\"https:\\\/\\\/globe-europe.nl\\\/\"},{\"@type\":\"ListItem\",\"position\":2,\"name\":\"Winkel\",\"item\":\"https:\\\/\\\/globe-europe.nl\\\/winkel\\\/\"},{\"@type\":\"ListItem\",\"position\":3,\"name\":\"Urko &#8211; 4003-L &#8211; Lijmklem met spanhendel\"}]},{\"@type\":\"WebSite\",\"@id\":\"https:\\\/\\\/globe-europe.nl\\\/#website\",\"url\":\"https:\\\/\\\/globe-europe.nl\\\/\",\"name\":\"Globe Europe\",\"description\":\"\",\"publisher\":{\"@id\":\"https:\\\/\\\/globe-europe.nl\\\/#organization\"},\"potentialAction\":[{\"@type\":\"SearchAction\",\"target\":{\"@type\":\"EntryPoint\",\"urlTemplate\":\"https:\\\/\\\/globe-europe.nl\\\/?s={search_term_string}\"},\"query-input\":{\"@type\":\"PropertyValueSpecification\",\"valueRequired\":true,\"valueName\":\"search_term_string\"}}],\"inLanguage\":\"de\"},{\"@type\":\"Organization\",\"@id\":\"https:\\\/\\\/globe-europe.nl\\\/#organization\",\"name\":\"Globe Europe\",\"url\":\"https:\\\/\\\/globe-europe.nl\\\/\",\"logo\":{\"@type\":\"ImageObject\",\"inLanguage\":\"de\",\"@id\":\"https:\\\/\\\/globe-europe.nl\\\/#\\\/schema\\\/logo\\\/image\\\/\",\"url\":\"https:\\\/\\\/globe-europe.nl\\\/wp-content\\\/uploads\\\/2025\\\/02\\\/GLOBE-LOGO-WEB-GROOT.png\",\"contentUrl\":\"https:\\\/\\\/globe-europe.nl\\\/wp-content\\\/uploads\\\/2025\\\/02\\\/GLOBE-LOGO-WEB-GROOT.png\",\"width\":938,\"height\":404,\"caption\":\"Globe Europe\"},\"image\":{\"@id\":\"https:\\\/\\\/globe-europe.nl\\\/#\\\/schema\\\/logo\\\/image\\\/\"}}]}<\/script>\n<!-- \/ Yoast SEO plugin. -->","yoast_head_json":{"title":"Urko 4003-L Leimzwinge | Mit Spannhebel &amp; 9.000N Spannkraft - Globe Europe","description":"Urko 4003-L Leimzwinge mit Spannhebel und 9.000N Kraft. Hochwertiges Gusseisen, geh\u00e4rteter Stahl und einfache Bedienung f\u00fcr pr\u00e4zises Spannen.","robots":{"index":"index","follow":"follow","max-snippet":"max-snippet:-1","max-image-preview":"max-image-preview:large","max-video-preview":"max-video-preview:-1"},"canonical":"https:\/\/globe-europe.nl\/de\/produkt\/urko-4003-l-schraubzwinge-mit-spannhebel\/","og_locale":"de_DE","og_type":"article","og_title":"Urko 4003-L Lijmklem | Met Spanhendel & 9.000N Spankracht - Globe Europe","og_description":"Urko 4003-L lijmklem met spanhendel en 9.000N kracht. Hoogwaardig gietijzer, gehard staal en eenvoudige bediening voor nauwkeurig klemmen.","og_url":"https:\/\/globe-europe.nl\/de\/produkt\/urko-4003-l-schraubzwinge-mit-spannhebel\/","og_site_name":"Globe Europe","article_modified_time":"2025-02-19T07:46:04+00:00","og_image":[{"width":700,"height":700,"url":"https:\/\/globe-europe.nl\/wp-content\/uploads\/2025\/02\/urko-4003-l-lijmtang.jpg","type":"image\/jpeg"}],"twitter_card":"summary_large_image","twitter_misc":{"Gesch\u00e4tzte Lesezeit":"1\u00a0Minute"},"schema":{"@context":"https:\/\/schema.org","@graph":[{"@type":"WebPage","@id":"https:\/\/globe-europe.nl\/product\/urko-4003-l-lijmklem-met-spanhendel\/","url":"https:\/\/globe-europe.nl\/product\/urko-4003-l-lijmklem-met-spanhendel\/","name":"Urko 4003-L Leimzwinge | Mit Spannhebel &amp; 9.000N Spannkraft - Globe Europe","isPartOf":{"@id":"https:\/\/globe-europe.nl\/#website"},"primaryImageOfPage":{"@id":"https:\/\/globe-europe.nl\/product\/urko-4003-l-lijmklem-met-spanhendel\/#primaryimage"},"image":{"@id":"https:\/\/globe-europe.nl\/product\/urko-4003-l-lijmklem-met-spanhendel\/#primaryimage"},"thumbnailUrl":"https:\/\/globe-europe.nl\/wp-content\/uploads\/2025\/02\/urko-4003-l-lijmtang.jpg","datePublished":"2025-02-04T11:09:32+00:00","dateModified":"2025-02-19T07:46:04+00:00","description":"Urko 4003-L Leimzwinge mit Spannhebel und 9.000N Kraft. Hochwertiges Gusseisen, geh\u00e4rteter Stahl und einfache Bedienung f\u00fcr pr\u00e4zises Spannen.","breadcrumb":{"@id":"https:\/\/globe-europe.nl\/product\/urko-4003-l-lijmklem-met-spanhendel\/#breadcrumb"},"inLanguage":"de","potentialAction":[{"@type":"ReadAction","target":["https:\/\/globe-europe.nl\/product\/urko-4003-l-lijmklem-met-spanhendel\/"]}]},{"@type":"ImageObject","inLanguage":"de","@id":"https:\/\/globe-europe.nl\/product\/urko-4003-l-lijmklem-met-spanhendel\/#primaryimage","url":"https:\/\/globe-europe.nl\/wp-content\/uploads\/2025\/02\/urko-4003-l-lijmtang.jpg","contentUrl":"https:\/\/globe-europe.nl\/wp-content\/uploads\/2025\/02\/urko-4003-l-lijmtang.jpg","width":700,"height":700},{"@type":"BreadcrumbList","@id":"https:\/\/globe-europe.nl\/product\/urko-4003-l-lijmklem-met-spanhendel\/#breadcrumb","itemListElement":[{"@type":"ListItem","position":1,"name":"Home","item":"https:\/\/globe-europe.nl\/"},{"@type":"ListItem","position":2,"name":"Winkel","item":"https:\/\/globe-europe.nl\/winkel\/"},{"@type":"ListItem","position":3,"name":"Urko &#8211; 4003-L &#8211; Lijmklem met spanhendel"}]},{"@type":"WebSite","@id":"https:\/\/globe-europe.nl\/#website","url":"https:\/\/globe-europe.nl\/","name":"Globe Europe","description":"","publisher":{"@id":"https:\/\/globe-europe.nl\/#organization"},"potentialAction":[{"@type":"SearchAction","target":{"@type":"EntryPoint","urlTemplate":"https:\/\/globe-europe.nl\/?s={search_term_string}"},"query-input":{"@type":"PropertyValueSpecification","valueRequired":true,"valueName":"search_term_string"}}],"inLanguage":"de"},{"@type":"Organization","@id":"https:\/\/globe-europe.nl\/#organization","name":"Globe Europe","url":"https:\/\/globe-europe.nl\/","logo":{"@type":"ImageObject","inLanguage":"de","@id":"https:\/\/globe-europe.nl\/#\/schema\/logo\/image\/","url":"https:\/\/globe-europe.nl\/wp-content\/uploads\/2025\/02\/GLOBE-LOGO-WEB-GROOT.png","contentUrl":"https:\/\/globe-europe.nl\/wp-content\/uploads\/2025\/02\/GLOBE-LOGO-WEB-GROOT.png","width":938,"height":404,"caption":"Globe Europe"},"image":{"@id":"https:\/\/globe-europe.nl\/#\/schema\/logo\/image\/"}}]}},"_links":{"self":[{"href":"https:\/\/globe-europe.nl\/de\/wp-json\/wp\/v2\/product\/752","targetHints":{"allow":["GET"]}}],"collection":[{"href":"https:\/\/globe-europe.nl\/de\/wp-json\/wp\/v2\/product"}],"about":[{"href":"https:\/\/globe-europe.nl\/de\/wp-json\/wp\/v2\/types\/product"}],"replies":[{"embeddable":true,"href":"https:\/\/globe-europe.nl\/de\/wp-json\/wp\/v2\/comments?post=752"}],"wp:featuredmedia":[{"embeddable":true,"href":"https:\/\/globe-europe.nl\/de\/wp-json\/wp\/v2\/media\/751"}],"wp:attachment":[{"href":"https:\/\/globe-europe.nl\/de\/wp-json\/wp\/v2\/media?parent=752"}],"wp:term":[{"taxonomy":"product_brand","embeddable":true,"href":"https:\/\/globe-europe.nl\/de\/wp-json\/wp\/v2\/product_brand?post=752"},{"taxonomy":"product_cat","embeddable":true,"href":"https:\/\/globe-europe.nl\/de\/wp-json\/wp\/v2\/product_cat?post=752"},{"taxonomy":"product_tag","embeddable":true,"href":"https:\/\/globe-europe.nl\/de\/wp-json\/wp\/v2\/product_tag?post=752"}],"curies":[{"name":"wp","href":"https:\/\/api.w.org\/{rel}","templated":true}]}}