{"id":756,"date":"2025-02-04T11:09:34","date_gmt":"2025-02-04T11:09:34","guid":{"rendered":"https:\/\/globe-europe.nl\/product\/urko-503-h2-lijmklem-hydraulisch\/"},"modified":"2025-02-19T07:39:55","modified_gmt":"2025-02-19T07:39:55","slug":"urko-503-h2-hydraulische-schraubzwinge","status":"publish","type":"product","link":"https:\/\/globe-europe.nl\/de\/product\/urko-503-h2-lijmklem-hydraulisch\/","title":{"rendered":"Urko - 503-H2 - Leimzwinge hydraulisch"},"content":{"rendered":"<p><strong>Eigenschaften Urko - 503-H2 - Klebeklammer hydraulisch<br \/>\n<\/strong><\/p>\n<p>Leimzwinge zum m\u00fchelosen Einspannen von Materialien an leicht und schwer zug\u00e4nglichen Stellen. Ideal, um z. B. Dachsparren und schwere Konstruktionen zusammenzuf\u00fcgen. Die pumpende Bewegung erm\u00f6glicht eine Einhandbedienung. Es wird eine senkrechte Kraft auf das zu klemmende Material ausge\u00fcbt, die ein Wegdrehen des Werkst\u00fccks verhindert.<\/p>\n<ul>\n<li>Fest- und Gleitb\u00fcgel aus hochwertigem Gusseisen<\/li>\n<li>Gleitschutz aus geh\u00e4rtetem Stahl<\/li>\n<li>Hydraulische Klammerbet\u00e4tigung<\/li>\n<li>Einfaches Spannen und Entspannen<\/li>\n<li>Spannkraft - 8.000N<\/li>\n<li>Spantiefe - 107mm<\/li>\n<li>Profilf\u00fchrung - 35x8mm<\/li>\n<\/ul>\n<p>Die Abmessungen (a und b) sind in der technischen Zeichnung in den Abbildungen zu finden<\/p>\n<p>35x8mm - 107mm(a) - 100cm(b) - 129mm(c)<\/p>\n<p>35x8mm - 107mm(a) - 15cm(b) - 129mm(c)<\/p>\n<p>35x8mm - 107mm(a) - 30cm(b) - 129mm(c)<\/p>\n<p>35x8mm - 107mm(a) - 40cm(b) - 129mm(c)<\/p>\n<p>35x8mm - 107mm(a) - 50cm(b) - 129mm(c)<\/p>\n<p>35x8mm - 107mm(a) - 60cm(b) - 129mm(c)<\/p>\n<p>35x8mm - 107mm(a) - 80cm(b) - 129mm(c)<\/p>","protected":false},"excerpt":{"rendered":"<p>Kenmerken Urko &#8211; 503-H2 &#8211; Lijmklem hydraulisch Lijmtang voor het moeiteloos spannen van materialen op makkelijk en moeilijk bereikbare plaatsen. Ideaal voor het bij elkaar brengen van bijvoorbeeld dakspanten en zware constructies. Doordat er een pompende beweging word gemaakt kan de tang met slechts \u00e9\u00e9n hand bediend worden. Een loodrechte kracht wordt uitgeoefend op het [&hellip;]<\/p>\n","protected":false},"featured_media":755,"comment_status":"open","ping_status":"closed","template":"","meta":[],"product_brand":[329],"product_cat":[50,54,51],"product_tag":[],"class_list":{"0":"post-756","1":"product","2":"type-product","3":"status-publish","4":"has-post-thumbnail","6":"product_brand-urko","7":"product_cat-handgereedschap","8":"product_cat-hydraulische-lijmklem","9":"product_cat-lijmklem","11":"first","12":"instock","13":"shipping-taxable","14":"product-type-simple"},"ct_brands":[{"id":329,"name":"URKO","slug":"urko"}],"yoast_head":"<!-- This site is optimized with the Yoast SEO plugin v27.3 - https:\/\/yoast.com\/product\/yoast-seo-wordpress\/ -->\n<title>Urko 503-H2 Hydraulische Lijmklem | Krachtig &amp; Eenvoudig - Globe Europe<\/title>\n<meta name=\"description\" content=\"Urko 503-H2 hydraulische lijmklem met 8.000N spankracht. Hoogwaardig gietijzer, gehard staal en \u00e9\u00e9nhandsbediening voor zware constructies.\" \/>\n<meta name=\"robots\" content=\"index, follow, max-snippet:-1, max-image-preview:large, max-video-preview:-1\" \/>\n<link rel=\"canonical\" href=\"https:\/\/globe-europe.nl\/de\/produkt\/urko-503-h2-hydraulische-schraubzwinge\/\" \/>\n<meta property=\"og:locale\" content=\"de_DE\" \/>\n<meta property=\"og:type\" content=\"article\" \/>\n<meta property=\"og:title\" content=\"Urko 503-H2 Hydraulische Lijmklem | Krachtig &amp; Eenvoudig - Globe Europe\" \/>\n<meta property=\"og:description\" content=\"Urko 503-H2 hydraulische lijmklem met 8.000N spankracht. Hoogwaardig gietijzer, gehard staal en \u00e9\u00e9nhandsbediening voor zware constructies.\" \/>\n<meta property=\"og:url\" content=\"https:\/\/globe-europe.nl\/de\/produkt\/urko-503-h2-hydraulische-schraubzwinge\/\" \/>\n<meta property=\"og:site_name\" content=\"Globe Europe\" \/>\n<meta property=\"article:modified_time\" content=\"2025-02-19T07:39:55+00:00\" \/>\n<meta property=\"og:image\" content=\"https:\/\/globe-europe.nl\/wp-content\/uploads\/2025\/02\/urko-503-h-lijmklem-hydraulisch.jpg\" \/>\n\t<meta property=\"og:image:width\" content=\"700\" \/>\n\t<meta property=\"og:image:height\" content=\"700\" \/>\n\t<meta property=\"og:image:type\" content=\"image\/jpeg\" \/>\n<meta name=\"twitter:card\" content=\"summary_large_image\" \/>\n<meta name=\"twitter:label1\" content=\"Gesch\u00e4tzte Lesezeit\" \/>\n\t<meta name=\"twitter:data1\" content=\"1\u00a0Minute\" \/>\n<script type=\"application\/ld+json\" class=\"yoast-schema-graph\">{\"@context\":\"https:\\\/\\\/schema.org\",\"@graph\":[{\"@type\":\"WebPage\",\"@id\":\"https:\\\/\\\/globe-europe.nl\\\/product\\\/urko-503-h2-lijmklem-hydraulisch\\\/\",\"url\":\"https:\\\/\\\/globe-europe.nl\\\/product\\\/urko-503-h2-lijmklem-hydraulisch\\\/\",\"name\":\"Urko 503-H2 Hydraulische Lijmklem | Krachtig & Eenvoudig - Globe Europe\",\"isPartOf\":{\"@id\":\"https:\\\/\\\/globe-europe.nl\\\/#website\"},\"primaryImageOfPage\":{\"@id\":\"https:\\\/\\\/globe-europe.nl\\\/product\\\/urko-503-h2-lijmklem-hydraulisch\\\/#primaryimage\"},\"image\":{\"@id\":\"https:\\\/\\\/globe-europe.nl\\\/product\\\/urko-503-h2-lijmklem-hydraulisch\\\/#primaryimage\"},\"thumbnailUrl\":\"https:\\\/\\\/globe-europe.nl\\\/wp-content\\\/uploads\\\/2025\\\/02\\\/urko-503-h-lijmklem-hydraulisch.jpg\",\"datePublished\":\"2025-02-04T11:09:34+00:00\",\"dateModified\":\"2025-02-19T07:39:55+00:00\",\"description\":\"Urko 503-H2 hydraulische lijmklem met 8.000N spankracht. Hoogwaardig gietijzer, gehard staal en \u00e9\u00e9nhandsbediening voor zware constructies.\",\"breadcrumb\":{\"@id\":\"https:\\\/\\\/globe-europe.nl\\\/product\\\/urko-503-h2-lijmklem-hydraulisch\\\/#breadcrumb\"},\"inLanguage\":\"de\",\"potentialAction\":[{\"@type\":\"ReadAction\",\"target\":[\"https:\\\/\\\/globe-europe.nl\\\/product\\\/urko-503-h2-lijmklem-hydraulisch\\\/\"]}]},{\"@type\":\"ImageObject\",\"inLanguage\":\"de\",\"@id\":\"https:\\\/\\\/globe-europe.nl\\\/product\\\/urko-503-h2-lijmklem-hydraulisch\\\/#primaryimage\",\"url\":\"https:\\\/\\\/globe-europe.nl\\\/wp-content\\\/uploads\\\/2025\\\/02\\\/urko-503-h-lijmklem-hydraulisch.jpg\",\"contentUrl\":\"https:\\\/\\\/globe-europe.nl\\\/wp-content\\\/uploads\\\/2025\\\/02\\\/urko-503-h-lijmklem-hydraulisch.jpg\",\"width\":700,\"height\":700},{\"@type\":\"BreadcrumbList\",\"@id\":\"https:\\\/\\\/globe-europe.nl\\\/product\\\/urko-503-h2-lijmklem-hydraulisch\\\/#breadcrumb\",\"itemListElement\":[{\"@type\":\"ListItem\",\"position\":1,\"name\":\"Home\",\"item\":\"https:\\\/\\\/globe-europe.nl\\\/\"},{\"@type\":\"ListItem\",\"position\":2,\"name\":\"Winkel\",\"item\":\"https:\\\/\\\/globe-europe.nl\\\/winkel\\\/\"},{\"@type\":\"ListItem\",\"position\":3,\"name\":\"Urko &#8211; 503-H2 &#8211; Lijmklem hydraulisch\"}]},{\"@type\":\"WebSite\",\"@id\":\"https:\\\/\\\/globe-europe.nl\\\/#website\",\"url\":\"https:\\\/\\\/globe-europe.nl\\\/\",\"name\":\"Globe Europe\",\"description\":\"\",\"publisher\":{\"@id\":\"https:\\\/\\\/globe-europe.nl\\\/#organization\"},\"potentialAction\":[{\"@type\":\"SearchAction\",\"target\":{\"@type\":\"EntryPoint\",\"urlTemplate\":\"https:\\\/\\\/globe-europe.nl\\\/?s={search_term_string}\"},\"query-input\":{\"@type\":\"PropertyValueSpecification\",\"valueRequired\":true,\"valueName\":\"search_term_string\"}}],\"inLanguage\":\"de\"},{\"@type\":\"Organization\",\"@id\":\"https:\\\/\\\/globe-europe.nl\\\/#organization\",\"name\":\"Globe Europe\",\"url\":\"https:\\\/\\\/globe-europe.nl\\\/\",\"logo\":{\"@type\":\"ImageObject\",\"inLanguage\":\"de\",\"@id\":\"https:\\\/\\\/globe-europe.nl\\\/#\\\/schema\\\/logo\\\/image\\\/\",\"url\":\"https:\\\/\\\/globe-europe.nl\\\/wp-content\\\/uploads\\\/2025\\\/02\\\/GLOBE-LOGO-WEB-GROOT.png\",\"contentUrl\":\"https:\\\/\\\/globe-europe.nl\\\/wp-content\\\/uploads\\\/2025\\\/02\\\/GLOBE-LOGO-WEB-GROOT.png\",\"width\":938,\"height\":404,\"caption\":\"Globe Europe\"},\"image\":{\"@id\":\"https:\\\/\\\/globe-europe.nl\\\/#\\\/schema\\\/logo\\\/image\\\/\"}}]}<\/script>\n<!-- \/ Yoast SEO plugin. -->","yoast_head_json":{"title":"Urko 503-H2 Hydraulische Leimzwinge | Kraftvoll &amp; einfach - Globe Europe","description":"Hydraulische Leimzwinge Urko 503-H2 mit 8.000N Spannkraft. Hochwertiges Gusseisen, geh\u00e4rteter Stahl und Einhandbedienung f\u00fcr schwere Konstruktionen.","robots":{"index":"index","follow":"follow","max-snippet":"max-snippet:-1","max-image-preview":"max-image-preview:large","max-video-preview":"max-video-preview:-1"},"canonical":"https:\/\/globe-europe.nl\/de\/produkt\/urko-503-h2-hydraulische-schraubzwinge\/","og_locale":"de_DE","og_type":"article","og_title":"Urko 503-H2 Hydraulische Lijmklem | Krachtig & Eenvoudig - Globe Europe","og_description":"Urko 503-H2 hydraulische lijmklem met 8.000N spankracht. Hoogwaardig gietijzer, gehard staal en \u00e9\u00e9nhandsbediening voor zware constructies.","og_url":"https:\/\/globe-europe.nl\/de\/produkt\/urko-503-h2-hydraulische-schraubzwinge\/","og_site_name":"Globe Europe","article_modified_time":"2025-02-19T07:39:55+00:00","og_image":[{"width":700,"height":700,"url":"https:\/\/globe-europe.nl\/wp-content\/uploads\/2025\/02\/urko-503-h-lijmklem-hydraulisch.jpg","type":"image\/jpeg"}],"twitter_card":"summary_large_image","twitter_misc":{"Gesch\u00e4tzte Lesezeit":"1\u00a0Minute"},"schema":{"@context":"https:\/\/schema.org","@graph":[{"@type":"WebPage","@id":"https:\/\/globe-europe.nl\/product\/urko-503-h2-lijmklem-hydraulisch\/","url":"https:\/\/globe-europe.nl\/product\/urko-503-h2-lijmklem-hydraulisch\/","name":"Urko 503-H2 Hydraulische Leimzwinge | Kraftvoll &amp; einfach - Globe Europe","isPartOf":{"@id":"https:\/\/globe-europe.nl\/#website"},"primaryImageOfPage":{"@id":"https:\/\/globe-europe.nl\/product\/urko-503-h2-lijmklem-hydraulisch\/#primaryimage"},"image":{"@id":"https:\/\/globe-europe.nl\/product\/urko-503-h2-lijmklem-hydraulisch\/#primaryimage"},"thumbnailUrl":"https:\/\/globe-europe.nl\/wp-content\/uploads\/2025\/02\/urko-503-h-lijmklem-hydraulisch.jpg","datePublished":"2025-02-04T11:09:34+00:00","dateModified":"2025-02-19T07:39:55+00:00","description":"Hydraulische Leimzwinge Urko 503-H2 mit 8.000N Spannkraft. Hochwertiges Gusseisen, geh\u00e4rteter Stahl und Einhandbedienung f\u00fcr schwere Konstruktionen.","breadcrumb":{"@id":"https:\/\/globe-europe.nl\/product\/urko-503-h2-lijmklem-hydraulisch\/#breadcrumb"},"inLanguage":"de","potentialAction":[{"@type":"ReadAction","target":["https:\/\/globe-europe.nl\/product\/urko-503-h2-lijmklem-hydraulisch\/"]}]},{"@type":"ImageObject","inLanguage":"de","@id":"https:\/\/globe-europe.nl\/product\/urko-503-h2-lijmklem-hydraulisch\/#primaryimage","url":"https:\/\/globe-europe.nl\/wp-content\/uploads\/2025\/02\/urko-503-h-lijmklem-hydraulisch.jpg","contentUrl":"https:\/\/globe-europe.nl\/wp-content\/uploads\/2025\/02\/urko-503-h-lijmklem-hydraulisch.jpg","width":700,"height":700},{"@type":"BreadcrumbList","@id":"https:\/\/globe-europe.nl\/product\/urko-503-h2-lijmklem-hydraulisch\/#breadcrumb","itemListElement":[{"@type":"ListItem","position":1,"name":"Home","item":"https:\/\/globe-europe.nl\/"},{"@type":"ListItem","position":2,"name":"Winkel","item":"https:\/\/globe-europe.nl\/winkel\/"},{"@type":"ListItem","position":3,"name":"Urko &#8211; 503-H2 &#8211; Lijmklem hydraulisch"}]},{"@type":"WebSite","@id":"https:\/\/globe-europe.nl\/#website","url":"https:\/\/globe-europe.nl\/","name":"Globe Europe","description":"","publisher":{"@id":"https:\/\/globe-europe.nl\/#organization"},"potentialAction":[{"@type":"SearchAction","target":{"@type":"EntryPoint","urlTemplate":"https:\/\/globe-europe.nl\/?s={search_term_string}"},"query-input":{"@type":"PropertyValueSpecification","valueRequired":true,"valueName":"search_term_string"}}],"inLanguage":"de"},{"@type":"Organization","@id":"https:\/\/globe-europe.nl\/#organization","name":"Globe Europe","url":"https:\/\/globe-europe.nl\/","logo":{"@type":"ImageObject","inLanguage":"de","@id":"https:\/\/globe-europe.nl\/#\/schema\/logo\/image\/","url":"https:\/\/globe-europe.nl\/wp-content\/uploads\/2025\/02\/GLOBE-LOGO-WEB-GROOT.png","contentUrl":"https:\/\/globe-europe.nl\/wp-content\/uploads\/2025\/02\/GLOBE-LOGO-WEB-GROOT.png","width":938,"height":404,"caption":"Globe Europe"},"image":{"@id":"https:\/\/globe-europe.nl\/#\/schema\/logo\/image\/"}}]}},"_links":{"self":[{"href":"https:\/\/globe-europe.nl\/de\/wp-json\/wp\/v2\/product\/756","targetHints":{"allow":["GET"]}}],"collection":[{"href":"https:\/\/globe-europe.nl\/de\/wp-json\/wp\/v2\/product"}],"about":[{"href":"https:\/\/globe-europe.nl\/de\/wp-json\/wp\/v2\/types\/product"}],"replies":[{"embeddable":true,"href":"https:\/\/globe-europe.nl\/de\/wp-json\/wp\/v2\/comments?post=756"}],"wp:featuredmedia":[{"embeddable":true,"href":"https:\/\/globe-europe.nl\/de\/wp-json\/wp\/v2\/media\/755"}],"wp:attachment":[{"href":"https:\/\/globe-europe.nl\/de\/wp-json\/wp\/v2\/media?parent=756"}],"wp:term":[{"taxonomy":"product_brand","embeddable":true,"href":"https:\/\/globe-europe.nl\/de\/wp-json\/wp\/v2\/product_brand?post=756"},{"taxonomy":"product_cat","embeddable":true,"href":"https:\/\/globe-europe.nl\/de\/wp-json\/wp\/v2\/product_cat?post=756"},{"taxonomy":"product_tag","embeddable":true,"href":"https:\/\/globe-europe.nl\/de\/wp-json\/wp\/v2\/product_tag?post=756"}],"curies":[{"name":"wp","href":"https:\/\/api.w.org\/{rel}","templated":true}]}}