{"id":781,"date":"2025-02-04T11:09:44","date_gmt":"2025-02-04T11:09:44","guid":{"rendered":"https:\/\/globe-europe.nl\/product\/lenox-tri-tech-ct\/"},"modified":"2025-03-26T07:26:02","modified_gmt":"2025-03-26T07:26:02","slug":"lenox-tri-tech-ct","status":"publish","type":"product","link":"https:\/\/globe-europe.nl\/de\/product\/lenox-tri-tech-ct\/","title":{"rendered":"Lenox Tri-Tech CT"},"content":{"rendered":"<p>&nbsp;<\/p>\n<table id=\"t01\" style=\"width: 100%;\">\n<tbody>\n<tr>\n<th>Breite und Dicke<\/th>\n<th colspan=\"5\">TPI (Z\u00e4hne pro Zoll)<\/th>\n<\/tr>\n<tr>\n<td><i>in Millimetern<\/i><\/td>\n<td><i>0.6 \/ 0.8<\/i><\/td>\n<td><i>0.9 \/ 1.1<\/i><\/td>\n<td><i>1.4 \/ 2.0<\/i><\/td>\n<td><i>1.8 \/ 2.0<\/i><\/td>\n<td><i>2.5 \/ 3.4<\/i><\/td>\n<\/tr>\n<tr>\n<td><b>34 x 1,07<\/b><\/td>\n<td>&#8211;<\/td>\n<td>&#8211;<\/td>\n<td>&#8211;<\/td>\n<td><img loading=\"lazy\" decoding=\"async\" class=\"alignnone wp-image-2920\" src=\"https:\/\/globe-europe.nl\/wp-content\/uploads\/2025\/03\/1-300x300.png\" alt=\"\" width=\"50\" height=\"50\" srcset=\"https:\/\/globe-europe.nl\/wp-content\/uploads\/2025\/03\/1-300x300.png 300w, https:\/\/globe-europe.nl\/wp-content\/uploads\/2025\/03\/1-150x150.png 150w, https:\/\/globe-europe.nl\/wp-content\/uploads\/2025\/03\/1-100x100.png 100w, https:\/\/globe-europe.nl\/wp-content\/uploads\/2025\/03\/1.png 500w\" sizes=\"auto, (max-width: 50px) 100vw, 50px\" \/><\/td>\n<td><img loading=\"lazy\" decoding=\"async\" class=\"alignnone wp-image-2920\" src=\"https:\/\/globe-europe.nl\/wp-content\/uploads\/2025\/03\/1-300x300.png\" alt=\"\" width=\"50\" height=\"50\" srcset=\"https:\/\/globe-europe.nl\/wp-content\/uploads\/2025\/03\/1-300x300.png 300w, https:\/\/globe-europe.nl\/wp-content\/uploads\/2025\/03\/1-150x150.png 150w, https:\/\/globe-europe.nl\/wp-content\/uploads\/2025\/03\/1-100x100.png 100w, https:\/\/globe-europe.nl\/wp-content\/uploads\/2025\/03\/1.png 500w\" sizes=\"auto, (max-width: 50px) 100vw, 50px\" \/><\/td>\n<\/tr>\n<tr>\n<td><b>41 x 1,27<\/b><\/td>\n<td>&#8211;<\/td>\n<td>&#8211;<\/td>\n<td><img loading=\"lazy\" decoding=\"async\" class=\"alignnone wp-image-2920\" src=\"https:\/\/globe-europe.nl\/wp-content\/uploads\/2025\/03\/1-300x300.png\" alt=\"\" width=\"50\" height=\"50\" srcset=\"https:\/\/globe-europe.nl\/wp-content\/uploads\/2025\/03\/1-300x300.png 300w, https:\/\/globe-europe.nl\/wp-content\/uploads\/2025\/03\/1-150x150.png 150w, https:\/\/globe-europe.nl\/wp-content\/uploads\/2025\/03\/1-100x100.png 100w, https:\/\/globe-europe.nl\/wp-content\/uploads\/2025\/03\/1.png 500w\" sizes=\"auto, (max-width: 50px) 100vw, 50px\" \/><\/td>\n<td><img loading=\"lazy\" decoding=\"async\" class=\"alignnone wp-image-2920\" src=\"https:\/\/globe-europe.nl\/wp-content\/uploads\/2025\/03\/1-300x300.png\" alt=\"\" width=\"50\" height=\"50\" srcset=\"https:\/\/globe-europe.nl\/wp-content\/uploads\/2025\/03\/1-300x300.png 300w, https:\/\/globe-europe.nl\/wp-content\/uploads\/2025\/03\/1-150x150.png 150w, https:\/\/globe-europe.nl\/wp-content\/uploads\/2025\/03\/1-100x100.png 100w, https:\/\/globe-europe.nl\/wp-content\/uploads\/2025\/03\/1.png 500w\" sizes=\"auto, (max-width: 50px) 100vw, 50px\" \/><\/td>\n<td><img loading=\"lazy\" decoding=\"async\" class=\"alignnone wp-image-2920\" src=\"https:\/\/globe-europe.nl\/wp-content\/uploads\/2025\/03\/1-300x300.png\" alt=\"\" width=\"50\" height=\"50\" srcset=\"https:\/\/globe-europe.nl\/wp-content\/uploads\/2025\/03\/1-300x300.png 300w, https:\/\/globe-europe.nl\/wp-content\/uploads\/2025\/03\/1-150x150.png 150w, https:\/\/globe-europe.nl\/wp-content\/uploads\/2025\/03\/1-100x100.png 100w, https:\/\/globe-europe.nl\/wp-content\/uploads\/2025\/03\/1.png 500w\" sizes=\"auto, (max-width: 50px) 100vw, 50px\" \/><\/td>\n<\/tr>\n<tr>\n<td><b>54 x 1,60<\/b><\/td>\n<td>&#8211;<\/td>\n<td><img loading=\"lazy\" decoding=\"async\" class=\"alignnone wp-image-2920\" src=\"https:\/\/globe-europe.nl\/wp-content\/uploads\/2025\/03\/1-300x300.png\" alt=\"\" width=\"50\" height=\"50\" srcset=\"https:\/\/globe-europe.nl\/wp-content\/uploads\/2025\/03\/1-300x300.png 300w, https:\/\/globe-europe.nl\/wp-content\/uploads\/2025\/03\/1-150x150.png 150w, https:\/\/globe-europe.nl\/wp-content\/uploads\/2025\/03\/1-100x100.png 100w, https:\/\/globe-europe.nl\/wp-content\/uploads\/2025\/03\/1.png 500w\" sizes=\"auto, (max-width: 50px) 100vw, 50px\" \/><\/td>\n<td><img loading=\"lazy\" decoding=\"async\" class=\"alignnone wp-image-2920\" src=\"https:\/\/globe-europe.nl\/wp-content\/uploads\/2025\/03\/1-300x300.png\" alt=\"\" width=\"50\" height=\"50\" srcset=\"https:\/\/globe-europe.nl\/wp-content\/uploads\/2025\/03\/1-300x300.png 300w, https:\/\/globe-europe.nl\/wp-content\/uploads\/2025\/03\/1-150x150.png 150w, https:\/\/globe-europe.nl\/wp-content\/uploads\/2025\/03\/1-100x100.png 100w, https:\/\/globe-europe.nl\/wp-content\/uploads\/2025\/03\/1.png 500w\" sizes=\"auto, (max-width: 50px) 100vw, 50px\" \/><\/td>\n<td><img loading=\"lazy\" decoding=\"async\" class=\"alignnone wp-image-2920\" src=\"https:\/\/globe-europe.nl\/wp-content\/uploads\/2025\/03\/1-300x300.png\" alt=\"\" width=\"50\" height=\"50\" srcset=\"https:\/\/globe-europe.nl\/wp-content\/uploads\/2025\/03\/1-300x300.png 300w, https:\/\/globe-europe.nl\/wp-content\/uploads\/2025\/03\/1-150x150.png 150w, https:\/\/globe-europe.nl\/wp-content\/uploads\/2025\/03\/1-100x100.png 100w, https:\/\/globe-europe.nl\/wp-content\/uploads\/2025\/03\/1.png 500w\" sizes=\"auto, (max-width: 50px) 100vw, 50px\" \/><\/td>\n<td><img loading=\"lazy\" decoding=\"async\" class=\"alignnone wp-image-2920\" src=\"https:\/\/globe-europe.nl\/wp-content\/uploads\/2025\/03\/1-300x300.png\" alt=\"\" width=\"50\" height=\"50\" srcset=\"https:\/\/globe-europe.nl\/wp-content\/uploads\/2025\/03\/1-300x300.png 300w, https:\/\/globe-europe.nl\/wp-content\/uploads\/2025\/03\/1-150x150.png 150w, https:\/\/globe-europe.nl\/wp-content\/uploads\/2025\/03\/1-100x100.png 100w, https:\/\/globe-europe.nl\/wp-content\/uploads\/2025\/03\/1.png 500w\" sizes=\"auto, (max-width: 50px) 100vw, 50px\" \/><\/td>\n<\/tr>\n<tr>\n<td><b>67 x 1,60<\/b><\/td>\n<td><img loading=\"lazy\" decoding=\"async\" class=\"alignnone wp-image-2920\" src=\"https:\/\/globe-europe.nl\/wp-content\/uploads\/2025\/03\/1-300x300.png\" alt=\"\" width=\"50\" height=\"50\" srcset=\"https:\/\/globe-europe.nl\/wp-content\/uploads\/2025\/03\/1-300x300.png 300w, https:\/\/globe-europe.nl\/wp-content\/uploads\/2025\/03\/1-150x150.png 150w, https:\/\/globe-europe.nl\/wp-content\/uploads\/2025\/03\/1-100x100.png 100w, https:\/\/globe-europe.nl\/wp-content\/uploads\/2025\/03\/1.png 500w\" sizes=\"auto, (max-width: 50px) 100vw, 50px\" \/><\/td>\n<td><img loading=\"lazy\" decoding=\"async\" class=\"alignnone wp-image-2920\" src=\"https:\/\/globe-europe.nl\/wp-content\/uploads\/2025\/03\/1-300x300.png\" alt=\"\" width=\"50\" height=\"50\" srcset=\"https:\/\/globe-europe.nl\/wp-content\/uploads\/2025\/03\/1-300x300.png 300w, https:\/\/globe-europe.nl\/wp-content\/uploads\/2025\/03\/1-150x150.png 150w, https:\/\/globe-europe.nl\/wp-content\/uploads\/2025\/03\/1-100x100.png 100w, https:\/\/globe-europe.nl\/wp-content\/uploads\/2025\/03\/1.png 500w\" sizes=\"auto, (max-width: 50px) 100vw, 50px\" \/><\/td>\n<td><img loading=\"lazy\" decoding=\"async\" class=\"alignnone wp-image-2920\" src=\"https:\/\/globe-europe.nl\/wp-content\/uploads\/2025\/03\/1-300x300.png\" alt=\"\" width=\"50\" height=\"50\" srcset=\"https:\/\/globe-europe.nl\/wp-content\/uploads\/2025\/03\/1-300x300.png 300w, https:\/\/globe-europe.nl\/wp-content\/uploads\/2025\/03\/1-150x150.png 150w, https:\/\/globe-europe.nl\/wp-content\/uploads\/2025\/03\/1-100x100.png 100w, https:\/\/globe-europe.nl\/wp-content\/uploads\/2025\/03\/1.png 500w\" sizes=\"auto, (max-width: 50px) 100vw, 50px\" \/><\/td>\n<td>&#8211;<\/td>\n<td>&#8211;<\/td>\n<\/tr>\n<tr>\n<td><b>80 x 1,60<\/b><\/td>\n<td><img loading=\"lazy\" decoding=\"async\" class=\"alignnone wp-image-2920\" src=\"https:\/\/globe-europe.nl\/wp-content\/uploads\/2025\/03\/1-300x300.png\" alt=\"\" width=\"50\" height=\"50\" srcset=\"https:\/\/globe-europe.nl\/wp-content\/uploads\/2025\/03\/1-300x300.png 300w, https:\/\/globe-europe.nl\/wp-content\/uploads\/2025\/03\/1-150x150.png 150w, https:\/\/globe-europe.nl\/wp-content\/uploads\/2025\/03\/1-100x100.png 100w, https:\/\/globe-europe.nl\/wp-content\/uploads\/2025\/03\/1.png 500w\" sizes=\"auto, (max-width: 50px) 100vw, 50px\" \/><\/td>\n<td><img loading=\"lazy\" decoding=\"async\" class=\"alignnone wp-image-2920\" src=\"https:\/\/globe-europe.nl\/wp-content\/uploads\/2025\/03\/1-300x300.png\" alt=\"\" width=\"50\" height=\"50\" srcset=\"https:\/\/globe-europe.nl\/wp-content\/uploads\/2025\/03\/1-300x300.png 300w, https:\/\/globe-europe.nl\/wp-content\/uploads\/2025\/03\/1-150x150.png 150w, https:\/\/globe-europe.nl\/wp-content\/uploads\/2025\/03\/1-100x100.png 100w, https:\/\/globe-europe.nl\/wp-content\/uploads\/2025\/03\/1.png 500w\" sizes=\"auto, (max-width: 50px) 100vw, 50px\" \/><\/td>\n<td>&#8211;<\/td>\n<td>&#8211;<\/td>\n<td>&#8211;<\/td>\n<\/tr>\n<\/tbody>\n<\/table>\n<hr \/>\n<table id=\"t01\" style=\"width: 60%;\">\n<tbody>\n<tr>\n<th>Anmeldung<\/th>\n<\/tr>\n<tr>\n<td><i>Aluminium\/Nicht-Eisen-Stahl<\/i><\/td>\n<\/tr>\n<tr>\n<td><i>Nickel-Basis-Legierungen (Inconel)<\/i><\/td>\n<\/tr>\n<tr>\n<td><i>Titan-Legierungen<\/i><\/td>\n<\/tr>\n<tr>\n<td><i>Chrom-Basis-Legierungen<\/i><\/td>\n<\/tr>\n<tr>\n<td><i>Rostfreier Stahl<\/i><\/td>\n<\/tr>\n<tr>\n<td><i>Werkzeugstahl<\/i><\/td>\n<\/tr>\n<tr>\n<td><i>Muster formen<\/i><\/td>\n<\/tr>\n<\/tbody>\n<\/table>","protected":false},"excerpt":{"rendered":"<h2 class=\"subtitle\">F\u00fcr schwer zu schneidende Metalle<\/h2>\n<p><strong>Gerade schneiden. Ohne Verklemmung<\/strong><br \/>\nDie optimierte Zahnstellung vermeidet ein Verklemmen in hochfesten Metallen. Der weite Schnittspalt erm\u00f6glicht ein steckbares Schneiden.<\/p>\n<p><strong>Klinge mit l\u00e4ngerer Standzeit<\/strong><br \/>\nDie hochwertigen Hartmetallspitzen sind f\u00fcr effizientes Schneiden pr\u00e4zise geschliffen. Hochwertiger Tr\u00e4gerstahl reduziert die Bruchgefahr auf ein Minimum. Die optimal geformte Sp\u00e4nespitze h\u00e4lt die Klinge beim Schneiden in Bewegung.<\/p>\n<p><strong>Extreme Vielseitigkeit<\/strong><br \/>\nSchneidet eine breite Palette von Werkstoffen, von hochfesten St\u00e4hlen bis zu Nickelbasislegierungen. Der positive Spanwinkel sorgt f\u00fcr Festigkeit und Haltbarkeit im Schnitt.<\/p>","protected":false},"featured_media":780,"comment_status":"open","ping_status":"closed","template":"","meta":[],"product_brand":[324],"product_cat":[56,57],"product_tag":[],"class_list":{"0":"post-781","1":"product","2":"type-product","3":"status-publish","4":"has-post-thumbnail","6":"product_brand-lenox","7":"product_cat-bandzagen","8":"product_cat-hard-metaal","10":"first","11":"instock","12":"shipping-taxable","13":"product-type-simple"},"ct_brands":[{"id":324,"name":"LENOX","slug":"lenox"}],"yoast_head":"<!-- This site is optimized with the Yoast SEO plugin v27.3 - https:\/\/yoast.com\/product\/yoast-seo-wordpress\/ -->\n<title>Lenox Tri-Tech CT | Zaagblad voor moeilijk te zagen metalen - Globe Europe<\/title>\n<meta name=\"description\" content=\"Lenox Tri-Tech CT zaagblad voor hader metalen zoals aluminium, RVS, titanium, Inconel en chroomlegeringen. Ideaal voor gereedschaps- en vormstaal.\" \/>\n<meta name=\"robots\" content=\"index, follow, max-snippet:-1, max-image-preview:large, max-video-preview:-1\" \/>\n<link rel=\"canonical\" href=\"https:\/\/globe-europe.nl\/de\/produkt\/lenox-tri-tech-ct\/\" \/>\n<meta property=\"og:locale\" content=\"de_DE\" \/>\n<meta property=\"og:type\" content=\"article\" \/>\n<meta property=\"og:title\" content=\"Lenox Tri-Tech CT | Zaagblad voor moeilijk te zagen metalen - Globe Europe\" \/>\n<meta property=\"og:description\" content=\"Lenox Tri-Tech CT zaagblad voor hader metalen zoals aluminium, RVS, titanium, Inconel en chroomlegeringen. Ideaal voor gereedschaps- en vormstaal.\" \/>\n<meta property=\"og:url\" content=\"https:\/\/globe-europe.nl\/de\/produkt\/lenox-tri-tech-ct\/\" \/>\n<meta property=\"og:site_name\" content=\"Globe Europe\" \/>\n<meta property=\"article:modified_time\" content=\"2025-03-26T07:26:02+00:00\" \/>\n<meta property=\"og:image\" content=\"https:\/\/globe-europe.nl\/wp-content\/uploads\/2025\/02\/Lenox-tri-tech-ct.jpg\" \/>\n\t<meta property=\"og:image:width\" content=\"700\" \/>\n\t<meta property=\"og:image:height\" content=\"700\" \/>\n\t<meta property=\"og:image:type\" content=\"image\/jpeg\" \/>\n<meta name=\"twitter:card\" content=\"summary_large_image\" \/>\n<meta name=\"twitter:label1\" content=\"Gesch\u00e4tzte Lesezeit\" \/>\n\t<meta name=\"twitter:data1\" content=\"4\u00a0Minuten\" \/>\n<script type=\"application\/ld+json\" class=\"yoast-schema-graph\">{\"@context\":\"https:\\\/\\\/schema.org\",\"@graph\":[{\"@type\":\"WebPage\",\"@id\":\"https:\\\/\\\/globe-europe.nl\\\/product\\\/lenox-tri-tech-ct\\\/\",\"url\":\"https:\\\/\\\/globe-europe.nl\\\/product\\\/lenox-tri-tech-ct\\\/\",\"name\":\"Lenox Tri-Tech CT | Zaagblad voor moeilijk te zagen metalen - Globe Europe\",\"isPartOf\":{\"@id\":\"https:\\\/\\\/globe-europe.nl\\\/#website\"},\"primaryImageOfPage\":{\"@id\":\"https:\\\/\\\/globe-europe.nl\\\/product\\\/lenox-tri-tech-ct\\\/#primaryimage\"},\"image\":{\"@id\":\"https:\\\/\\\/globe-europe.nl\\\/product\\\/lenox-tri-tech-ct\\\/#primaryimage\"},\"thumbnailUrl\":\"https:\\\/\\\/globe-europe.nl\\\/wp-content\\\/uploads\\\/2025\\\/02\\\/Lenox-tri-tech-ct.jpg\",\"datePublished\":\"2025-02-04T11:09:44+00:00\",\"dateModified\":\"2025-03-26T07:26:02+00:00\",\"description\":\"Lenox Tri-Tech CT zaagblad voor hader metalen zoals aluminium, RVS, titanium, Inconel en chroomlegeringen. Ideaal voor gereedschaps- en vormstaal.\",\"breadcrumb\":{\"@id\":\"https:\\\/\\\/globe-europe.nl\\\/product\\\/lenox-tri-tech-ct\\\/#breadcrumb\"},\"inLanguage\":\"de\",\"potentialAction\":[{\"@type\":\"ReadAction\",\"target\":[\"https:\\\/\\\/globe-europe.nl\\\/product\\\/lenox-tri-tech-ct\\\/\"]}]},{\"@type\":\"ImageObject\",\"inLanguage\":\"de\",\"@id\":\"https:\\\/\\\/globe-europe.nl\\\/product\\\/lenox-tri-tech-ct\\\/#primaryimage\",\"url\":\"https:\\\/\\\/globe-europe.nl\\\/wp-content\\\/uploads\\\/2025\\\/02\\\/Lenox-tri-tech-ct.jpg\",\"contentUrl\":\"https:\\\/\\\/globe-europe.nl\\\/wp-content\\\/uploads\\\/2025\\\/02\\\/Lenox-tri-tech-ct.jpg\",\"width\":700,\"height\":700,\"caption\":\"Lenox Tri-Tech CT\"},{\"@type\":\"BreadcrumbList\",\"@id\":\"https:\\\/\\\/globe-europe.nl\\\/product\\\/lenox-tri-tech-ct\\\/#breadcrumb\",\"itemListElement\":[{\"@type\":\"ListItem\",\"position\":1,\"name\":\"Home\",\"item\":\"https:\\\/\\\/globe-europe.nl\\\/\"},{\"@type\":\"ListItem\",\"position\":2,\"name\":\"Winkel\",\"item\":\"https:\\\/\\\/globe-europe.nl\\\/winkel\\\/\"},{\"@type\":\"ListItem\",\"position\":3,\"name\":\"Lenox Tri-Tech CT\"}]},{\"@type\":\"WebSite\",\"@id\":\"https:\\\/\\\/globe-europe.nl\\\/#website\",\"url\":\"https:\\\/\\\/globe-europe.nl\\\/\",\"name\":\"Globe Europe\",\"description\":\"\",\"publisher\":{\"@id\":\"https:\\\/\\\/globe-europe.nl\\\/#organization\"},\"potentialAction\":[{\"@type\":\"SearchAction\",\"target\":{\"@type\":\"EntryPoint\",\"urlTemplate\":\"https:\\\/\\\/globe-europe.nl\\\/?s={search_term_string}\"},\"query-input\":{\"@type\":\"PropertyValueSpecification\",\"valueRequired\":true,\"valueName\":\"search_term_string\"}}],\"inLanguage\":\"de\"},{\"@type\":\"Organization\",\"@id\":\"https:\\\/\\\/globe-europe.nl\\\/#organization\",\"name\":\"Globe Europe\",\"url\":\"https:\\\/\\\/globe-europe.nl\\\/\",\"logo\":{\"@type\":\"ImageObject\",\"inLanguage\":\"de\",\"@id\":\"https:\\\/\\\/globe-europe.nl\\\/#\\\/schema\\\/logo\\\/image\\\/\",\"url\":\"https:\\\/\\\/globe-europe.nl\\\/wp-content\\\/uploads\\\/2025\\\/02\\\/GLOBE-LOGO-WEB-GROOT.png\",\"contentUrl\":\"https:\\\/\\\/globe-europe.nl\\\/wp-content\\\/uploads\\\/2025\\\/02\\\/GLOBE-LOGO-WEB-GROOT.png\",\"width\":938,\"height\":404,\"caption\":\"Globe Europe\"},\"image\":{\"@id\":\"https:\\\/\\\/globe-europe.nl\\\/#\\\/schema\\\/logo\\\/image\\\/\"}}]}<\/script>\n<!-- \/ Yoast SEO plugin. -->","yoast_head_json":{"title":"Lenox Tri-Tech CT | S\u00e4geblatt f\u00fcr schwer zu schneidende Metalle - Globe Europe","description":"Lenox Tri-Tech CT S\u00e4geblatt f\u00fcr h\u00e4rtere Metalle wie Aluminium, rostfreien Stahl, Titan, Inconel und Chromlegierungen. Ideal f\u00fcr Werkzeug- und Formenst\u00e4hle.","robots":{"index":"index","follow":"follow","max-snippet":"max-snippet:-1","max-image-preview":"max-image-preview:large","max-video-preview":"max-video-preview:-1"},"canonical":"https:\/\/globe-europe.nl\/de\/produkt\/lenox-tri-tech-ct\/","og_locale":"de_DE","og_type":"article","og_title":"Lenox Tri-Tech CT | Zaagblad voor moeilijk te zagen metalen - Globe Europe","og_description":"Lenox Tri-Tech CT zaagblad voor hader metalen zoals aluminium, RVS, titanium, Inconel en chroomlegeringen. Ideaal voor gereedschaps- en vormstaal.","og_url":"https:\/\/globe-europe.nl\/de\/produkt\/lenox-tri-tech-ct\/","og_site_name":"Globe Europe","article_modified_time":"2025-03-26T07:26:02+00:00","og_image":[{"width":700,"height":700,"url":"https:\/\/globe-europe.nl\/wp-content\/uploads\/2025\/02\/Lenox-tri-tech-ct.jpg","type":"image\/jpeg"}],"twitter_card":"summary_large_image","twitter_misc":{"Gesch\u00e4tzte Lesezeit":"4\u00a0Minuten"},"schema":{"@context":"https:\/\/schema.org","@graph":[{"@type":"WebPage","@id":"https:\/\/globe-europe.nl\/product\/lenox-tri-tech-ct\/","url":"https:\/\/globe-europe.nl\/product\/lenox-tri-tech-ct\/","name":"Lenox Tri-Tech CT | S\u00e4geblatt f\u00fcr schwer zu schneidende Metalle - Globe Europe","isPartOf":{"@id":"https:\/\/globe-europe.nl\/#website"},"primaryImageOfPage":{"@id":"https:\/\/globe-europe.nl\/product\/lenox-tri-tech-ct\/#primaryimage"},"image":{"@id":"https:\/\/globe-europe.nl\/product\/lenox-tri-tech-ct\/#primaryimage"},"thumbnailUrl":"https:\/\/globe-europe.nl\/wp-content\/uploads\/2025\/02\/Lenox-tri-tech-ct.jpg","datePublished":"2025-02-04T11:09:44+00:00","dateModified":"2025-03-26T07:26:02+00:00","description":"Lenox Tri-Tech CT S\u00e4geblatt f\u00fcr h\u00e4rtere Metalle wie Aluminium, rostfreien Stahl, Titan, Inconel und Chromlegierungen. Ideal f\u00fcr Werkzeug- und Formenst\u00e4hle.","breadcrumb":{"@id":"https:\/\/globe-europe.nl\/product\/lenox-tri-tech-ct\/#breadcrumb"},"inLanguage":"de","potentialAction":[{"@type":"ReadAction","target":["https:\/\/globe-europe.nl\/product\/lenox-tri-tech-ct\/"]}]},{"@type":"ImageObject","inLanguage":"de","@id":"https:\/\/globe-europe.nl\/product\/lenox-tri-tech-ct\/#primaryimage","url":"https:\/\/globe-europe.nl\/wp-content\/uploads\/2025\/02\/Lenox-tri-tech-ct.jpg","contentUrl":"https:\/\/globe-europe.nl\/wp-content\/uploads\/2025\/02\/Lenox-tri-tech-ct.jpg","width":700,"height":700,"caption":"Lenox Tri-Tech CT"},{"@type":"BreadcrumbList","@id":"https:\/\/globe-europe.nl\/product\/lenox-tri-tech-ct\/#breadcrumb","itemListElement":[{"@type":"ListItem","position":1,"name":"Home","item":"https:\/\/globe-europe.nl\/"},{"@type":"ListItem","position":2,"name":"Winkel","item":"https:\/\/globe-europe.nl\/winkel\/"},{"@type":"ListItem","position":3,"name":"Lenox Tri-Tech CT"}]},{"@type":"WebSite","@id":"https:\/\/globe-europe.nl\/#website","url":"https:\/\/globe-europe.nl\/","name":"Globe Europe","description":"","publisher":{"@id":"https:\/\/globe-europe.nl\/#organization"},"potentialAction":[{"@type":"SearchAction","target":{"@type":"EntryPoint","urlTemplate":"https:\/\/globe-europe.nl\/?s={search_term_string}"},"query-input":{"@type":"PropertyValueSpecification","valueRequired":true,"valueName":"search_term_string"}}],"inLanguage":"de"},{"@type":"Organization","@id":"https:\/\/globe-europe.nl\/#organization","name":"Globe Europe","url":"https:\/\/globe-europe.nl\/","logo":{"@type":"ImageObject","inLanguage":"de","@id":"https:\/\/globe-europe.nl\/#\/schema\/logo\/image\/","url":"https:\/\/globe-europe.nl\/wp-content\/uploads\/2025\/02\/GLOBE-LOGO-WEB-GROOT.png","contentUrl":"https:\/\/globe-europe.nl\/wp-content\/uploads\/2025\/02\/GLOBE-LOGO-WEB-GROOT.png","width":938,"height":404,"caption":"Globe Europe"},"image":{"@id":"https:\/\/globe-europe.nl\/#\/schema\/logo\/image\/"}}]}},"_links":{"self":[{"href":"https:\/\/globe-europe.nl\/de\/wp-json\/wp\/v2\/product\/781","targetHints":{"allow":["GET"]}}],"collection":[{"href":"https:\/\/globe-europe.nl\/de\/wp-json\/wp\/v2\/product"}],"about":[{"href":"https:\/\/globe-europe.nl\/de\/wp-json\/wp\/v2\/types\/product"}],"replies":[{"embeddable":true,"href":"https:\/\/globe-europe.nl\/de\/wp-json\/wp\/v2\/comments?post=781"}],"wp:featuredmedia":[{"embeddable":true,"href":"https:\/\/globe-europe.nl\/de\/wp-json\/wp\/v2\/media\/780"}],"wp:attachment":[{"href":"https:\/\/globe-europe.nl\/de\/wp-json\/wp\/v2\/media?parent=781"}],"wp:term":[{"taxonomy":"product_brand","embeddable":true,"href":"https:\/\/globe-europe.nl\/de\/wp-json\/wp\/v2\/product_brand?post=781"},{"taxonomy":"product_cat","embeddable":true,"href":"https:\/\/globe-europe.nl\/de\/wp-json\/wp\/v2\/product_cat?post=781"},{"taxonomy":"product_tag","embeddable":true,"href":"https:\/\/globe-europe.nl\/de\/wp-json\/wp\/v2\/product_tag?post=781"}],"curies":[{"name":"wp","href":"https:\/\/api.w.org\/{rel}","templated":true}]}}