{"id":79,"date":"2025-02-04T08:25:33","date_gmt":"2025-02-04T08:25:33","guid":{"rendered":"https:\/\/globe-europe.nl\/product\/eggenberg-ebs2480-bandzaagmachine-metaal-225mm-400v\/"},"modified":"2026-02-27T10:24:54","modified_gmt":"2026-02-27T10:24:54","slug":"eggenberg-ebs2480-black-edition-bandsaege-metall-225mm-400v","status":"publish","type":"product","link":"https:\/\/globe-europe.nl\/de\/product\/eggenberg-ebs2480-bandzaagmachine-metaal-225mm-400v\/","title":{"rendered":"Eggenberg EBS2480 Bands\u00e4gemaschine Metall | 225mm | 400V"},"content":{"rendered":"<p><strong>Eggenberg EBS2480 Bands\u00e4gemaschine Metall 225mm 400V<\/strong><\/p>\n<p>Planen Sie den Kauf einer neuen Bands\u00e4gemaschine? Und sind Sie auf der Suche nach einem Produkt mit nicht zu viel \"Brimborium\" und mit einem guten Preis-Leistungs-Verh\u00e4ltnis? Dann ist die Eggenberg EBS2480 Bands\u00e4gemaschine, mit einer Reichweite von 225mm, die richtige Wahl! Eggenberg ist eine junge Marke mit ausgezeichneter Qualit\u00e4t. Geeignet f\u00fcr <strong>jeder Arbeitsplatz<\/strong>Montageunternehmen, Wartungsdienste, Schulen und Ausbildungszentren, allgemeine Industrie.<\/p>\n<ul>\n<li>Bestes Preis-Leistungs-Verh\u00e4ltnis f\u00fcr S\u00e4gemaschinen mit 27 mm S\u00e4geblatth\u00f6he<\/li>\n<li>F\u00fcr Gehrungsschnitte in Edelstahl und Stahl zwischen 0\u00b0 und 60\u00b0 rechts<\/li>\n<li>Ausgestattet mit eingebauter K\u00fchlpumpe und automatischem Absacksystem<\/li>\n<li>Ausgestattet mit Schnellspannsystem<\/li>\n<li>S\u00e4geblattspannung durch eingebautes Manometer deutlich ablesbar<\/li>\n<li>N\u00e4hgutklammer mit Schnellspanner<\/li>\n<li>S\u00e4gearm, Klemme und Plattform aus Gusseisen<\/li>\n<li>Gro\u00dfer Drehknopf f\u00fcr einfache Klingeneinstellung<\/li>\n<li>Mit 2 einstellbaren Schnittgeschwindigkeiten 45\/90 m\/min (einphasig 1 Geschwindigkeit)<\/li>\n<li>Gro\u00dfe S\u00e4geleistung durch S\u00e4gebock und gro\u00dfdimensionierte Laufr\u00e4der<\/li>\n<li>S\u00e4gevorschub durch stufenlos verstellbaren Hydraulikzylinder<\/li>\n<li>Robustes Maschinenbett garantiert Stabilit\u00e4t<\/li>\n<li>Ergonomisch angeordnetes Bedienfeld mit separater Not-Aus-Taste, separater Start-Stopp-Taste, K\u00fchlmittelschalter und Wahlschalter f\u00fcr zwei Geschwindigkeiten oder Potentiometer<\/li>\n<li>Pr\u00e4zisionsfertigung nach Eggenberg Standard (gem\u00e4\u00df CE-Norm)<\/li>\n<li>Automatische Abschaltung nach Ende des Schneidzyklus<\/li>\n<li>Starke R\u00fcckholfeder<\/li>\n<li>5-Punkt kugelgelagerte S\u00e4geblattf\u00fchrung<\/li>\n<li>Direkte, einstellbare K\u00fchlung am S\u00e4geblatt<\/li>\n<li>Leistungsstarker und leiser Motor<\/li>\n<li>S\u00e4geb\u00fcrste zur Reinigung des S\u00e4geblatts<\/li>\n<li>Optional: <strong>Eggenberg Micro Vernebelungsanlage<\/strong><\/li>\n<\/ul>\n<table class=\"table table-bordered text-center no-margin\" style=\"height: 196px;\" width=\"1083\">\n<thead>\n<tr>\n<th style=\"text-align: center;\"><\/th>\n<th style=\"text-align: center;\"><img decoding=\"async\" class=\"\" src=\"https:\/\/www.femi.it\/assets\/img\/icon-larghezza-massima.png\" data-no-retina=\"\" \/><\/th>\n<th style=\"text-align: center;\"><img decoding=\"async\" class=\"\" src=\"https:\/\/www.femi.it\/assets\/img\/icon-larghezza-massima-circle.png\" data-no-retina=\"\" \/><\/th>\n<th style=\"text-align: center;\"><img decoding=\"async\" class=\"\" src=\"https:\/\/www.femi.it\/assets\/img\/icon-larghezza-massima-square.png\" data-no-retina=\"\" \/><\/th>\n<\/tr>\n<\/thead>\n<tbody>\n<tr>\n<th style=\"text-align: center;\" scope=\"row\">0\u00b0<\/th>\n<td style=\"text-align: center;\">245 x 150 mm<\/td>\n<td style=\"text-align: center;\">225 mm<\/td>\n<td style=\"text-align: center;\">190 x 190 mm<\/td>\n<\/tr>\n<tr>\n<th style=\"text-align: center;\" scope=\"row\">45\u00b0<\/th>\n<td style=\"text-align: center;\">190 x 150 mm<\/td>\n<td style=\"text-align: center;\">145 mm<\/td>\n<td style=\"text-align: center;\">150 x 150 mm<\/td>\n<\/tr>\n<tr>\n<th style=\"text-align: center;\" scope=\"row\">60\u00b0<\/th>\n<td style=\"text-align: center;\">120 x 90 mm<\/td>\n<td style=\"text-align: center;\">90 mm<\/td>\n<td style=\"text-align: center;\">90 x 90 mm<\/td>\n<\/tr>\n<\/tbody>\n<\/table>\n<p><strong>Technische Daten<\/strong><\/p>\n<ul>\n<li>Spannung - 400 V<\/li>\n<li>Leistung - 1100 W<\/li>\n<li>Motor - Starker 2HP-Motor<\/li>\n<li>Abmessungen des S\u00e4geblatts - 2480 x 27 x 0,90 mm<\/li>\n<li>Schnittgeschwindigkeit - 45-90 Mt\/min<\/li>\n<li>Abmessungen (LxBxH) - 1380 x 580 x 930 mm<\/li>\n<li>Gewicht - 185 kg<\/li>\n<\/ul>\n<p><strong>Umfang der Lieferung<\/strong><\/p>\n<ul>\n<li>Eggenberg EBS2480 Bands\u00e4gemaschine Metall 225 mm 400V<\/li>\n<\/ul>\n<p><strong>Dokumente<br \/>\n<\/strong><br \/>\n<img decoding=\"async\" src=\"https:\/\/bjctools.nl\/wp-content\/uploads\/2018\/07\/pdf.png\" \/><span style=\"color: #000;\"><br \/>\n<a href=\"https:\/\/bjctools.nl\/wp-content\/uploads\/2020\/06\/EBS2480-Handleiding.pdf\">Handbuch<\/a><\/span><\/p>","protected":false},"excerpt":{"rendered":"<ul>\n<li><strong>Leistungsstarker 1100W Motor (2HP)<\/strong> - geeignet f\u00fcr Edelstahl und Stahl, mit einstellbarer Schnittgeschwindigkeit (45\/90 m\/min)<\/li>\n<li><strong>Gro\u00dfe Schnittkapazit\u00e4t (bis zu 225 mm)<\/strong> - Gehrungsschnitte m\u00f6glich von <strong>0\u00b0 bis 60\u00b0 rechts<\/strong><\/li>\n<li><strong>Fortschrittliches Spannsystem<\/strong> - Schnellspannvorrichtung und einstellbare S\u00e4geblattspannung mit Manometer<\/li>\n<li><strong>Effizientes und pr\u00e4zises S\u00e4gen<\/strong> - Hydraulikzylinder f\u00fcr stufenlosen S\u00e4gevorschub<\/li>\n<li><strong>Langlebig und stabil<\/strong> - gusseiserner S\u00e4gearm und robuster Maschinenrahmen f\u00fcr optimale Stabilit\u00e4t<\/li>\n<\/ul>","protected":false},"featured_media":78,"comment_status":"open","ping_status":"closed","template":"","meta":[],"product_brand":[22],"product_cat":[16,17,18],"product_tag":[],"class_list":{"0":"post-79","1":"product","2":"type-product","3":"status-publish","4":"has-post-thumbnail","6":"product_brand-eggenberg","7":"product_cat-bandzaagmachine","8":"product_cat-bandzaagmachine-stationair","9":"product_cat-machines","11":"first","12":"instock","13":"shipping-taxable","14":"product-type-simple"},"ct_brands":[{"id":22,"name":"EGGENBERG","slug":"eggenberg"}],"yoast_head":"<!-- This site is optimized with the Yoast SEO plugin v27.3 - https:\/\/yoast.com\/product\/yoast-seo-wordpress\/ -->\n<title>Eggenberg EBS2480 Bandzaagmachine | 225mm | 400V - Globe Europe<\/title>\n<meta name=\"description\" content=\"Eggenberg EBS2480 Bandzaagmachine met 225mm zaagcapaciteit. Ideaal voor RVS en staal, met verstekzagen tot 60\u00b0. Krachtige 1100W motor.\" \/>\n<meta name=\"robots\" content=\"index, follow, max-snippet:-1, max-image-preview:large, max-video-preview:-1\" \/>\n<link rel=\"canonical\" href=\"https:\/\/globe-europe.nl\/de\/produkt\/eggenberg-ebs2480-black-edition-bandsaege-metall-225mm-400v\/\" \/>\n<meta property=\"og:locale\" content=\"de_DE\" \/>\n<meta property=\"og:type\" content=\"article\" \/>\n<meta property=\"og:title\" content=\"Eggenberg EBS2480 Bandzaagmachine | 225mm | 400V - Globe Europe\" \/>\n<meta property=\"og:description\" content=\"Eggenberg EBS2480 Bandzaagmachine met 225mm zaagcapaciteit. Ideaal voor RVS en staal, met verstekzagen tot 60\u00b0. Krachtige 1100W motor.\" \/>\n<meta property=\"og:url\" content=\"https:\/\/globe-europe.nl\/de\/produkt\/eggenberg-ebs2480-black-edition-bandsaege-metall-225mm-400v\/\" \/>\n<meta property=\"og:site_name\" content=\"Globe Europe\" \/>\n<meta property=\"article:modified_time\" content=\"2026-02-27T10:24:54+00:00\" \/>\n<meta property=\"og:image\" content=\"https:\/\/globe-europe.nl\/wp-content\/uploads\/2025\/02\/EGGENBERG-EBS2480-SP-10.jpg\" \/>\n\t<meta property=\"og:image:width\" content=\"700\" \/>\n\t<meta property=\"og:image:height\" content=\"700\" \/>\n\t<meta property=\"og:image:type\" content=\"image\/jpeg\" \/>\n<meta name=\"twitter:card\" content=\"summary_large_image\" \/>\n<meta name=\"twitter:label1\" content=\"Gesch\u00e4tzte Lesezeit\" \/>\n\t<meta name=\"twitter:data1\" content=\"3\u00a0Minuten\" \/>\n<script type=\"application\/ld+json\" class=\"yoast-schema-graph\">{\"@context\":\"https:\\\/\\\/schema.org\",\"@graph\":[{\"@type\":\"WebPage\",\"@id\":\"https:\\\/\\\/globe-europe.nl\\\/product\\\/eggenberg-ebs2480-bandzaagmachine-metaal-225mm-400v\\\/\",\"url\":\"https:\\\/\\\/globe-europe.nl\\\/product\\\/eggenberg-ebs2480-bandzaagmachine-metaal-225mm-400v\\\/\",\"name\":\"Eggenberg EBS2480 Bandzaagmachine | 225mm | 400V - Globe Europe\",\"isPartOf\":{\"@id\":\"https:\\\/\\\/globe-europe.nl\\\/#website\"},\"primaryImageOfPage\":{\"@id\":\"https:\\\/\\\/globe-europe.nl\\\/product\\\/eggenberg-ebs2480-bandzaagmachine-metaal-225mm-400v\\\/#primaryimage\"},\"image\":{\"@id\":\"https:\\\/\\\/globe-europe.nl\\\/product\\\/eggenberg-ebs2480-bandzaagmachine-metaal-225mm-400v\\\/#primaryimage\"},\"thumbnailUrl\":\"https:\\\/\\\/globe-europe.nl\\\/wp-content\\\/uploads\\\/2025\\\/02\\\/EGGENBERG-EBS2480-SP-10.jpg\",\"datePublished\":\"2025-02-04T08:25:33+00:00\",\"dateModified\":\"2026-02-27T10:24:54+00:00\",\"description\":\"Eggenberg EBS2480 Bandzaagmachine met 225mm zaagcapaciteit. Ideaal voor RVS en staal, met verstekzagen tot 60\u00b0. Krachtige 1100W motor.\",\"breadcrumb\":{\"@id\":\"https:\\\/\\\/globe-europe.nl\\\/product\\\/eggenberg-ebs2480-bandzaagmachine-metaal-225mm-400v\\\/#breadcrumb\"},\"inLanguage\":\"de\",\"potentialAction\":[{\"@type\":\"ReadAction\",\"target\":[\"https:\\\/\\\/globe-europe.nl\\\/product\\\/eggenberg-ebs2480-bandzaagmachine-metaal-225mm-400v\\\/\"]}]},{\"@type\":\"ImageObject\",\"inLanguage\":\"de\",\"@id\":\"https:\\\/\\\/globe-europe.nl\\\/product\\\/eggenberg-ebs2480-bandzaagmachine-metaal-225mm-400v\\\/#primaryimage\",\"url\":\"https:\\\/\\\/globe-europe.nl\\\/wp-content\\\/uploads\\\/2025\\\/02\\\/EGGENBERG-EBS2480-SP-10.jpg\",\"contentUrl\":\"https:\\\/\\\/globe-europe.nl\\\/wp-content\\\/uploads\\\/2025\\\/02\\\/EGGENBERG-EBS2480-SP-10.jpg\",\"width\":700,\"height\":700,\"caption\":\"Eggenberg EBS2480 Bandzaagmachine | 225mm | 400V\"},{\"@type\":\"BreadcrumbList\",\"@id\":\"https:\\\/\\\/globe-europe.nl\\\/product\\\/eggenberg-ebs2480-bandzaagmachine-metaal-225mm-400v\\\/#breadcrumb\",\"itemListElement\":[{\"@type\":\"ListItem\",\"position\":1,\"name\":\"Home\",\"item\":\"https:\\\/\\\/globe-europe.nl\\\/\"},{\"@type\":\"ListItem\",\"position\":2,\"name\":\"Winkel\",\"item\":\"https:\\\/\\\/globe-europe.nl\\\/winkel\\\/\"},{\"@type\":\"ListItem\",\"position\":3,\"name\":\"Eggenberg EBS2480 Bandzaagmachine metaal | 225mm | 400V\"}]},{\"@type\":\"WebSite\",\"@id\":\"https:\\\/\\\/globe-europe.nl\\\/#website\",\"url\":\"https:\\\/\\\/globe-europe.nl\\\/\",\"name\":\"Globe Europe\",\"description\":\"\",\"publisher\":{\"@id\":\"https:\\\/\\\/globe-europe.nl\\\/#organization\"},\"potentialAction\":[{\"@type\":\"SearchAction\",\"target\":{\"@type\":\"EntryPoint\",\"urlTemplate\":\"https:\\\/\\\/globe-europe.nl\\\/?s={search_term_string}\"},\"query-input\":{\"@type\":\"PropertyValueSpecification\",\"valueRequired\":true,\"valueName\":\"search_term_string\"}}],\"inLanguage\":\"de\"},{\"@type\":\"Organization\",\"@id\":\"https:\\\/\\\/globe-europe.nl\\\/#organization\",\"name\":\"Globe Europe\",\"url\":\"https:\\\/\\\/globe-europe.nl\\\/\",\"logo\":{\"@type\":\"ImageObject\",\"inLanguage\":\"de\",\"@id\":\"https:\\\/\\\/globe-europe.nl\\\/#\\\/schema\\\/logo\\\/image\\\/\",\"url\":\"https:\\\/\\\/globe-europe.nl\\\/wp-content\\\/uploads\\\/2025\\\/02\\\/GLOBE-LOGO-WEB-GROOT.png\",\"contentUrl\":\"https:\\\/\\\/globe-europe.nl\\\/wp-content\\\/uploads\\\/2025\\\/02\\\/GLOBE-LOGO-WEB-GROOT.png\",\"width\":938,\"height\":404,\"caption\":\"Globe Europe\"},\"image\":{\"@id\":\"https:\\\/\\\/globe-europe.nl\\\/#\\\/schema\\\/logo\\\/image\\\/\"}}]}<\/script>\n<!-- \/ Yoast SEO plugin. -->","yoast_head_json":{"title":"Eggenberg EBS2480 Bands\u00e4gemaschine | 225mm | 400V - Globe Europe","description":"Eggenberg EBS2480 Bands\u00e4ge mit 225 mm Schnittleistung. Ideal f\u00fcr Edelstahl und Stahl, mit Gehrungsschnitten bis zu 60\u00b0. Leistungsstarker 1100W Motor.","robots":{"index":"index","follow":"follow","max-snippet":"max-snippet:-1","max-image-preview":"max-image-preview:large","max-video-preview":"max-video-preview:-1"},"canonical":"https:\/\/globe-europe.nl\/de\/produkt\/eggenberg-ebs2480-black-edition-bandsaege-metall-225mm-400v\/","og_locale":"de_DE","og_type":"article","og_title":"Eggenberg EBS2480 Bandzaagmachine | 225mm | 400V - Globe Europe","og_description":"Eggenberg EBS2480 Bandzaagmachine met 225mm zaagcapaciteit. Ideaal voor RVS en staal, met verstekzagen tot 60\u00b0. Krachtige 1100W motor.","og_url":"https:\/\/globe-europe.nl\/de\/produkt\/eggenberg-ebs2480-black-edition-bandsaege-metall-225mm-400v\/","og_site_name":"Globe Europe","article_modified_time":"2026-02-27T10:24:54+00:00","og_image":[{"width":700,"height":700,"url":"https:\/\/globe-europe.nl\/wp-content\/uploads\/2025\/02\/EGGENBERG-EBS2480-SP-10.jpg","type":"image\/jpeg"}],"twitter_card":"summary_large_image","twitter_misc":{"Gesch\u00e4tzte Lesezeit":"3\u00a0Minuten"},"schema":{"@context":"https:\/\/schema.org","@graph":[{"@type":"WebPage","@id":"https:\/\/globe-europe.nl\/product\/eggenberg-ebs2480-bandzaagmachine-metaal-225mm-400v\/","url":"https:\/\/globe-europe.nl\/product\/eggenberg-ebs2480-bandzaagmachine-metaal-225mm-400v\/","name":"Eggenberg EBS2480 Bands\u00e4gemaschine | 225mm | 400V - Globe Europe","isPartOf":{"@id":"https:\/\/globe-europe.nl\/#website"},"primaryImageOfPage":{"@id":"https:\/\/globe-europe.nl\/product\/eggenberg-ebs2480-bandzaagmachine-metaal-225mm-400v\/#primaryimage"},"image":{"@id":"https:\/\/globe-europe.nl\/product\/eggenberg-ebs2480-bandzaagmachine-metaal-225mm-400v\/#primaryimage"},"thumbnailUrl":"https:\/\/globe-europe.nl\/wp-content\/uploads\/2025\/02\/EGGENBERG-EBS2480-SP-10.jpg","datePublished":"2025-02-04T08:25:33+00:00","dateModified":"2026-02-27T10:24:54+00:00","description":"Eggenberg EBS2480 Bands\u00e4ge mit 225 mm Schnittleistung. Ideal f\u00fcr Edelstahl und Stahl, mit Gehrungsschnitten bis zu 60\u00b0. Leistungsstarker 1100W Motor.","breadcrumb":{"@id":"https:\/\/globe-europe.nl\/product\/eggenberg-ebs2480-bandzaagmachine-metaal-225mm-400v\/#breadcrumb"},"inLanguage":"de","potentialAction":[{"@type":"ReadAction","target":["https:\/\/globe-europe.nl\/product\/eggenberg-ebs2480-bandzaagmachine-metaal-225mm-400v\/"]}]},{"@type":"ImageObject","inLanguage":"de","@id":"https:\/\/globe-europe.nl\/product\/eggenberg-ebs2480-bandzaagmachine-metaal-225mm-400v\/#primaryimage","url":"https:\/\/globe-europe.nl\/wp-content\/uploads\/2025\/02\/EGGENBERG-EBS2480-SP-10.jpg","contentUrl":"https:\/\/globe-europe.nl\/wp-content\/uploads\/2025\/02\/EGGENBERG-EBS2480-SP-10.jpg","width":700,"height":700,"caption":"Eggenberg EBS2480 Bandzaagmachine | 225mm | 400V"},{"@type":"BreadcrumbList","@id":"https:\/\/globe-europe.nl\/product\/eggenberg-ebs2480-bandzaagmachine-metaal-225mm-400v\/#breadcrumb","itemListElement":[{"@type":"ListItem","position":1,"name":"Home","item":"https:\/\/globe-europe.nl\/"},{"@type":"ListItem","position":2,"name":"Winkel","item":"https:\/\/globe-europe.nl\/winkel\/"},{"@type":"ListItem","position":3,"name":"Eggenberg EBS2480 Bandzaagmachine metaal | 225mm | 400V"}]},{"@type":"WebSite","@id":"https:\/\/globe-europe.nl\/#website","url":"https:\/\/globe-europe.nl\/","name":"Globe Europe","description":"","publisher":{"@id":"https:\/\/globe-europe.nl\/#organization"},"potentialAction":[{"@type":"SearchAction","target":{"@type":"EntryPoint","urlTemplate":"https:\/\/globe-europe.nl\/?s={search_term_string}"},"query-input":{"@type":"PropertyValueSpecification","valueRequired":true,"valueName":"search_term_string"}}],"inLanguage":"de"},{"@type":"Organization","@id":"https:\/\/globe-europe.nl\/#organization","name":"Globe Europe","url":"https:\/\/globe-europe.nl\/","logo":{"@type":"ImageObject","inLanguage":"de","@id":"https:\/\/globe-europe.nl\/#\/schema\/logo\/image\/","url":"https:\/\/globe-europe.nl\/wp-content\/uploads\/2025\/02\/GLOBE-LOGO-WEB-GROOT.png","contentUrl":"https:\/\/globe-europe.nl\/wp-content\/uploads\/2025\/02\/GLOBE-LOGO-WEB-GROOT.png","width":938,"height":404,"caption":"Globe Europe"},"image":{"@id":"https:\/\/globe-europe.nl\/#\/schema\/logo\/image\/"}}]}},"_links":{"self":[{"href":"https:\/\/globe-europe.nl\/de\/wp-json\/wp\/v2\/product\/79","targetHints":{"allow":["GET"]}}],"collection":[{"href":"https:\/\/globe-europe.nl\/de\/wp-json\/wp\/v2\/product"}],"about":[{"href":"https:\/\/globe-europe.nl\/de\/wp-json\/wp\/v2\/types\/product"}],"replies":[{"embeddable":true,"href":"https:\/\/globe-europe.nl\/de\/wp-json\/wp\/v2\/comments?post=79"}],"wp:featuredmedia":[{"embeddable":true,"href":"https:\/\/globe-europe.nl\/de\/wp-json\/wp\/v2\/media\/78"}],"wp:attachment":[{"href":"https:\/\/globe-europe.nl\/de\/wp-json\/wp\/v2\/media?parent=79"}],"wp:term":[{"taxonomy":"product_brand","embeddable":true,"href":"https:\/\/globe-europe.nl\/de\/wp-json\/wp\/v2\/product_brand?post=79"},{"taxonomy":"product_cat","embeddable":true,"href":"https:\/\/globe-europe.nl\/de\/wp-json\/wp\/v2\/product_cat?post=79"},{"taxonomy":"product_tag","embeddable":true,"href":"https:\/\/globe-europe.nl\/de\/wp-json\/wp\/v2\/product_tag?post=79"}],"curies":[{"name":"wp","href":"https:\/\/api.w.org\/{rel}","templated":true}]}}