{"id":791,"date":"2025-02-04T11:09:48","date_gmt":"2025-02-04T11:09:48","guid":{"rendered":"https:\/\/globe-europe.nl\/product\/lenox-armor-rx\/"},"modified":"2025-03-26T07:00:26","modified_gmt":"2025-03-26T07:00:26","slug":"lenox-armor-rx","status":"publish","type":"product","link":"https:\/\/globe-europe.nl\/de\/product\/lenox-armor-rx\/","title":{"rendered":"Lenox Armor\u2122 RX+\u00ae"},"content":{"rendered":"<p>&nbsp;<\/p>\n<table id=\"t01\" style=\"width: 100%;\">\n<tbody>\n<tr>\n<th>Breite und Dicke<\/th>\n<th colspan=\"5\">TPI (Z\u00e4hne pro Zoll)<\/th>\n<\/tr>\n<tr>\n<td><i>in Millimetern<\/i><\/td>\n<td width=\"200px\"><i>2\/3<\/i><\/td>\n<td width=\"200px\"><i>3\/4<\/i><\/td>\n<td width=\"200px\"><i>4\/6<\/i><\/td>\n<\/tr>\n<tr>\n<td><b>34 x 1,07<\/b><\/td>\n<td>&#8211;<\/td>\n<td><img loading=\"lazy\" decoding=\"async\" class=\"alignnone wp-image-2920\" src=\"https:\/\/globe-europe.nl\/wp-content\/uploads\/2025\/03\/1-300x300.png\" alt=\"\" width=\"50\" height=\"50\" srcset=\"https:\/\/globe-europe.nl\/wp-content\/uploads\/2025\/03\/1-300x300.png 300w, https:\/\/globe-europe.nl\/wp-content\/uploads\/2025\/03\/1-150x150.png 150w, https:\/\/globe-europe.nl\/wp-content\/uploads\/2025\/03\/1-100x100.png 100w, https:\/\/globe-europe.nl\/wp-content\/uploads\/2025\/03\/1.png 500w\" sizes=\"auto, (max-width: 50px) 100vw, 50px\" \/><\/td>\n<td>&#8211;<\/td>\n<\/tr>\n<tr>\n<td><b>41 x 1,27<\/b><\/td>\n<td><img loading=\"lazy\" decoding=\"async\" class=\"alignnone wp-image-2920\" src=\"https:\/\/globe-europe.nl\/wp-content\/uploads\/2025\/03\/1-300x300.png\" alt=\"\" width=\"50\" height=\"50\" srcset=\"https:\/\/globe-europe.nl\/wp-content\/uploads\/2025\/03\/1-300x300.png 300w, https:\/\/globe-europe.nl\/wp-content\/uploads\/2025\/03\/1-150x150.png 150w, https:\/\/globe-europe.nl\/wp-content\/uploads\/2025\/03\/1-100x100.png 100w, https:\/\/globe-europe.nl\/wp-content\/uploads\/2025\/03\/1.png 500w\" sizes=\"auto, (max-width: 50px) 100vw, 50px\" \/><\/td>\n<td><img loading=\"lazy\" decoding=\"async\" class=\"alignnone wp-image-2920\" src=\"https:\/\/globe-europe.nl\/wp-content\/uploads\/2025\/03\/1-300x300.png\" alt=\"\" width=\"50\" height=\"50\" srcset=\"https:\/\/globe-europe.nl\/wp-content\/uploads\/2025\/03\/1-300x300.png 300w, https:\/\/globe-europe.nl\/wp-content\/uploads\/2025\/03\/1-150x150.png 150w, https:\/\/globe-europe.nl\/wp-content\/uploads\/2025\/03\/1-100x100.png 100w, https:\/\/globe-europe.nl\/wp-content\/uploads\/2025\/03\/1.png 500w\" sizes=\"auto, (max-width: 50px) 100vw, 50px\" \/> <img loading=\"lazy\" decoding=\"async\" class=\"alignnone wp-image-2921\" src=\"https:\/\/globe-europe.nl\/wp-content\/uploads\/2025\/03\/2-300x300.png\" alt=\"\" width=\"50\" height=\"50\" srcset=\"https:\/\/globe-europe.nl\/wp-content\/uploads\/2025\/03\/2-300x300.png 300w, https:\/\/globe-europe.nl\/wp-content\/uploads\/2025\/03\/2-150x150.png 150w, https:\/\/globe-europe.nl\/wp-content\/uploads\/2025\/03\/2-100x100.png 100w, https:\/\/globe-europe.nl\/wp-content\/uploads\/2025\/03\/2.png 500w\" sizes=\"auto, (max-width: 50px) 100vw, 50px\" \/><\/td>\n<td><img loading=\"lazy\" decoding=\"async\" class=\"alignnone wp-image-2920\" src=\"https:\/\/globe-europe.nl\/wp-content\/uploads\/2025\/03\/1-300x300.png\" alt=\"\" width=\"50\" height=\"50\" srcset=\"https:\/\/globe-europe.nl\/wp-content\/uploads\/2025\/03\/1-300x300.png 300w, https:\/\/globe-europe.nl\/wp-content\/uploads\/2025\/03\/1-150x150.png 150w, https:\/\/globe-europe.nl\/wp-content\/uploads\/2025\/03\/1-100x100.png 100w, https:\/\/globe-europe.nl\/wp-content\/uploads\/2025\/03\/1.png 500w\" sizes=\"auto, (max-width: 50px) 100vw, 50px\" \/> <img loading=\"lazy\" decoding=\"async\" class=\"alignnone wp-image-2921\" src=\"https:\/\/globe-europe.nl\/wp-content\/uploads\/2025\/03\/2-300x300.png\" alt=\"\" width=\"50\" height=\"50\" srcset=\"https:\/\/globe-europe.nl\/wp-content\/uploads\/2025\/03\/2-300x300.png 300w, https:\/\/globe-europe.nl\/wp-content\/uploads\/2025\/03\/2-150x150.png 150w, https:\/\/globe-europe.nl\/wp-content\/uploads\/2025\/03\/2-100x100.png 100w, https:\/\/globe-europe.nl\/wp-content\/uploads\/2025\/03\/2.png 500w\" sizes=\"auto, (max-width: 50px) 100vw, 50px\" \/><\/td>\n<\/tr>\n<tr>\n<td><b>54 x 1,60<\/b><\/td>\n<td><img loading=\"lazy\" decoding=\"async\" class=\"alignnone wp-image-2920\" src=\"https:\/\/globe-europe.nl\/wp-content\/uploads\/2025\/03\/1-300x300.png\" alt=\"\" width=\"50\" height=\"50\" srcset=\"https:\/\/globe-europe.nl\/wp-content\/uploads\/2025\/03\/1-300x300.png 300w, https:\/\/globe-europe.nl\/wp-content\/uploads\/2025\/03\/1-150x150.png 150w, https:\/\/globe-europe.nl\/wp-content\/uploads\/2025\/03\/1-100x100.png 100w, https:\/\/globe-europe.nl\/wp-content\/uploads\/2025\/03\/1.png 500w\" sizes=\"auto, (max-width: 50px) 100vw, 50px\" \/><\/td>\n<td><img loading=\"lazy\" decoding=\"async\" class=\"alignnone wp-image-2920\" src=\"https:\/\/globe-europe.nl\/wp-content\/uploads\/2025\/03\/1-300x300.png\" alt=\"\" width=\"50\" height=\"50\" srcset=\"https:\/\/globe-europe.nl\/wp-content\/uploads\/2025\/03\/1-300x300.png 300w, https:\/\/globe-europe.nl\/wp-content\/uploads\/2025\/03\/1-150x150.png 150w, https:\/\/globe-europe.nl\/wp-content\/uploads\/2025\/03\/1-100x100.png 100w, https:\/\/globe-europe.nl\/wp-content\/uploads\/2025\/03\/1.png 500w\" sizes=\"auto, (max-width: 50px) 100vw, 50px\" \/> <img loading=\"lazy\" decoding=\"async\" class=\"alignnone wp-image-2921\" src=\"https:\/\/globe-europe.nl\/wp-content\/uploads\/2025\/03\/2-300x300.png\" alt=\"\" width=\"50\" height=\"50\" srcset=\"https:\/\/globe-europe.nl\/wp-content\/uploads\/2025\/03\/2-300x300.png 300w, https:\/\/globe-europe.nl\/wp-content\/uploads\/2025\/03\/2-150x150.png 150w, https:\/\/globe-europe.nl\/wp-content\/uploads\/2025\/03\/2-100x100.png 100w, https:\/\/globe-europe.nl\/wp-content\/uploads\/2025\/03\/2.png 500w\" sizes=\"auto, (max-width: 50px) 100vw, 50px\" \/><\/td>\n<td>&#8211;<\/td>\n<\/tr>\n<tr>\n<td colspan=\"6\"><img loading=\"lazy\" decoding=\"async\" class=\"alignnone wp-image-2921\" src=\"https:\/\/globe-europe.nl\/wp-content\/uploads\/2025\/03\/2-300x300.png\" alt=\"\" width=\"50\" height=\"50\" srcset=\"https:\/\/globe-europe.nl\/wp-content\/uploads\/2025\/03\/2-300x300.png 300w, https:\/\/globe-europe.nl\/wp-content\/uploads\/2025\/03\/2-150x150.png 150w, https:\/\/globe-europe.nl\/wp-content\/uploads\/2025\/03\/2-100x100.png 100w, https:\/\/globe-europe.nl\/wp-content\/uploads\/2025\/03\/2.png 500w\" sizes=\"auto, (max-width: 50px) 100vw, 50px\" \/>\u00a0 = Extra schwere Einstellung<\/td>\n<\/tr>\n<\/tbody>\n<\/table>\n<hr \/>\n<table id=\"t01\" style=\"width: 60%;\">\n<tbody>\n<tr>\n<th>Anmeldung<\/th>\n<\/tr>\n<tr>\n<td><i>Kohlenstoffstahl<\/i><\/td>\n<\/tr>\n<tr>\n<td><i>Konstruktionsstahl<\/i><\/td>\n<\/tr>\n<\/tbody>\n<\/table>","protected":false},"excerpt":{"rendered":"<div class=\"buttonzaag\"><center><b>\u00a0<\/b><\/center><\/div>\n<h2 class=\"subtitle\">H\u00f6here Produktivit\u00e4t und l\u00e4ngere Standzeiten beim Schneiden von Profilen, Rohren, Winkelstahl und B\u00fcndeln<\/h2>\n<p><strong>Vorteile von Armor RX\u00ae+<\/strong><br \/>\nAltin Armor f\u00fcr Produktivit\u00e4t und Lebensdauer der Klingen.<br \/>\nAluminium, Titan und Nitrid verbinden sich zu einer harten und verschlei\u00dffesten Beschichtung, die den Zahn wie ein Schild vor Hitze und Abrieb sch\u00fctzt. Armor hat eine geringe W\u00e4rmeleitf\u00e4higkeit, die die W\u00e4rme an die Sp\u00e4ne und nicht an die Klinge oder das Werkst\u00fcck ableitet.<\/p>","protected":false},"featured_media":790,"comment_status":"open","ping_status":"closed","template":"","meta":[],"product_brand":[324],"product_cat":[56,61],"product_tag":[],"class_list":{"0":"post-791","1":"product","2":"type-product","3":"status-publish","4":"has-post-thumbnail","6":"product_brand-lenox","7":"product_cat-bandzagen","8":"product_cat-bi-metaal","10":"first","11":"instock","12":"shipping-taxable","13":"product-type-simple"},"ct_brands":[{"id":324,"name":"LENOX","slug":"lenox"}],"yoast_head":"<!-- This site is optimized with the Yoast SEO plugin v27.3 - https:\/\/yoast.com\/product\/yoast-seo-wordpress\/ -->\n<title>Lenox Armor\u2122 RX+\u00ae | Gecoat zaagblad | Profielen\/Bundels\/Buizen - Globe Europe<\/title>\n<meta name=\"description\" content=\"Lenox Armor\u2122 RX+\u00ae met AlTiN-coating voor hitte- en slijtvastheid. Gepatenteerd tandprofiel vermindert trillingen en breuk. Lange levensduur en stille snede.\" \/>\n<meta name=\"robots\" content=\"index, follow, max-snippet:-1, max-image-preview:large, max-video-preview:-1\" \/>\n<link rel=\"canonical\" href=\"https:\/\/globe-europe.nl\/de\/produkt\/lenox-armor-rx\/\" \/>\n<meta property=\"og:locale\" content=\"de_DE\" \/>\n<meta property=\"og:type\" content=\"article\" \/>\n<meta property=\"og:title\" content=\"Lenox Armor\u2122 RX+\u00ae | Gecoat zaagblad | Profielen\/Bundels\/Buizen - Globe Europe\" \/>\n<meta property=\"og:description\" content=\"Lenox Armor\u2122 RX+\u00ae met AlTiN-coating voor hitte- en slijtvastheid. Gepatenteerd tandprofiel vermindert trillingen en breuk. Lange levensduur en stille snede.\" \/>\n<meta property=\"og:url\" content=\"https:\/\/globe-europe.nl\/de\/produkt\/lenox-armor-rx\/\" \/>\n<meta property=\"og:site_name\" content=\"Globe Europe\" \/>\n<meta property=\"article:modified_time\" content=\"2025-03-26T07:00:26+00:00\" \/>\n<meta property=\"og:image\" content=\"https:\/\/globe-europe.nl\/wp-content\/uploads\/2025\/02\/Lenox-armor-rx.jpg\" \/>\n\t<meta property=\"og:image:width\" content=\"700\" \/>\n\t<meta property=\"og:image:height\" content=\"700\" \/>\n\t<meta property=\"og:image:type\" content=\"image\/jpeg\" \/>\n<meta name=\"twitter:card\" content=\"summary_large_image\" \/>\n<meta name=\"twitter:label1\" content=\"Gesch\u00e4tzte Lesezeit\" \/>\n\t<meta name=\"twitter:data1\" content=\"3\u00a0Minuten\" \/>\n<script type=\"application\/ld+json\" class=\"yoast-schema-graph\">{\"@context\":\"https:\\\/\\\/schema.org\",\"@graph\":[{\"@type\":\"WebPage\",\"@id\":\"https:\\\/\\\/globe-europe.nl\\\/product\\\/lenox-armor-rx\\\/\",\"url\":\"https:\\\/\\\/globe-europe.nl\\\/product\\\/lenox-armor-rx\\\/\",\"name\":\"Lenox Armor\u2122 RX+\u00ae | Gecoat zaagblad | Profielen\\\/Bundels\\\/Buizen - Globe Europe\",\"isPartOf\":{\"@id\":\"https:\\\/\\\/globe-europe.nl\\\/#website\"},\"primaryImageOfPage\":{\"@id\":\"https:\\\/\\\/globe-europe.nl\\\/product\\\/lenox-armor-rx\\\/#primaryimage\"},\"image\":{\"@id\":\"https:\\\/\\\/globe-europe.nl\\\/product\\\/lenox-armor-rx\\\/#primaryimage\"},\"thumbnailUrl\":\"https:\\\/\\\/globe-europe.nl\\\/wp-content\\\/uploads\\\/2025\\\/02\\\/Lenox-armor-rx.jpg\",\"datePublished\":\"2025-02-04T11:09:48+00:00\",\"dateModified\":\"2025-03-26T07:00:26+00:00\",\"description\":\"Lenox Armor\u2122 RX+\u00ae met AlTiN-coating voor hitte- en slijtvastheid. Gepatenteerd tandprofiel vermindert trillingen en breuk. Lange levensduur en stille snede.\",\"breadcrumb\":{\"@id\":\"https:\\\/\\\/globe-europe.nl\\\/product\\\/lenox-armor-rx\\\/#breadcrumb\"},\"inLanguage\":\"de\",\"potentialAction\":[{\"@type\":\"ReadAction\",\"target\":[\"https:\\\/\\\/globe-europe.nl\\\/product\\\/lenox-armor-rx\\\/\"]}]},{\"@type\":\"ImageObject\",\"inLanguage\":\"de\",\"@id\":\"https:\\\/\\\/globe-europe.nl\\\/product\\\/lenox-armor-rx\\\/#primaryimage\",\"url\":\"https:\\\/\\\/globe-europe.nl\\\/wp-content\\\/uploads\\\/2025\\\/02\\\/Lenox-armor-rx.jpg\",\"contentUrl\":\"https:\\\/\\\/globe-europe.nl\\\/wp-content\\\/uploads\\\/2025\\\/02\\\/Lenox-armor-rx.jpg\",\"width\":700,\"height\":700,\"caption\":\"Lenox Armor\u2122 RX+\u00ae\"},{\"@type\":\"BreadcrumbList\",\"@id\":\"https:\\\/\\\/globe-europe.nl\\\/product\\\/lenox-armor-rx\\\/#breadcrumb\",\"itemListElement\":[{\"@type\":\"ListItem\",\"position\":1,\"name\":\"Home\",\"item\":\"https:\\\/\\\/globe-europe.nl\\\/\"},{\"@type\":\"ListItem\",\"position\":2,\"name\":\"Winkel\",\"item\":\"https:\\\/\\\/globe-europe.nl\\\/winkel\\\/\"},{\"@type\":\"ListItem\",\"position\":3,\"name\":\"Lenox Armor\u2122 RX+\u00ae\"}]},{\"@type\":\"WebSite\",\"@id\":\"https:\\\/\\\/globe-europe.nl\\\/#website\",\"url\":\"https:\\\/\\\/globe-europe.nl\\\/\",\"name\":\"Globe Europe\",\"description\":\"\",\"publisher\":{\"@id\":\"https:\\\/\\\/globe-europe.nl\\\/#organization\"},\"potentialAction\":[{\"@type\":\"SearchAction\",\"target\":{\"@type\":\"EntryPoint\",\"urlTemplate\":\"https:\\\/\\\/globe-europe.nl\\\/?s={search_term_string}\"},\"query-input\":{\"@type\":\"PropertyValueSpecification\",\"valueRequired\":true,\"valueName\":\"search_term_string\"}}],\"inLanguage\":\"de\"},{\"@type\":\"Organization\",\"@id\":\"https:\\\/\\\/globe-europe.nl\\\/#organization\",\"name\":\"Globe Europe\",\"url\":\"https:\\\/\\\/globe-europe.nl\\\/\",\"logo\":{\"@type\":\"ImageObject\",\"inLanguage\":\"de\",\"@id\":\"https:\\\/\\\/globe-europe.nl\\\/#\\\/schema\\\/logo\\\/image\\\/\",\"url\":\"https:\\\/\\\/globe-europe.nl\\\/wp-content\\\/uploads\\\/2025\\\/02\\\/GLOBE-LOGO-WEB-GROOT.png\",\"contentUrl\":\"https:\\\/\\\/globe-europe.nl\\\/wp-content\\\/uploads\\\/2025\\\/02\\\/GLOBE-LOGO-WEB-GROOT.png\",\"width\":938,\"height\":404,\"caption\":\"Globe Europe\"},\"image\":{\"@id\":\"https:\\\/\\\/globe-europe.nl\\\/#\\\/schema\\\/logo\\\/image\\\/\"}}]}<\/script>\n<!-- \/ Yoast SEO plugin. -->","yoast_head_json":{"title":"Lenox Armor\u2122 RX+\u00ae | Beschichtetes S\u00e4geblatt | Profile\/B\u00fcndel\/Rohre - Globe Europe","description":"Lenox Armor\u2122 RX+\u00ae mit AlTiN-Beschichtung f\u00fcr Hitze- und Abriebfestigkeit. Patentiertes Zahnprofil reduziert Vibrationen und Br\u00fcche. Lange Standzeit und leiser Schnitt.","robots":{"index":"index","follow":"follow","max-snippet":"max-snippet:-1","max-image-preview":"max-image-preview:large","max-video-preview":"max-video-preview:-1"},"canonical":"https:\/\/globe-europe.nl\/de\/produkt\/lenox-armor-rx\/","og_locale":"de_DE","og_type":"article","og_title":"Lenox Armor\u2122 RX+\u00ae | Gecoat zaagblad | Profielen\/Bundels\/Buizen - Globe Europe","og_description":"Lenox Armor\u2122 RX+\u00ae met AlTiN-coating voor hitte- en slijtvastheid. Gepatenteerd tandprofiel vermindert trillingen en breuk. Lange levensduur en stille snede.","og_url":"https:\/\/globe-europe.nl\/de\/produkt\/lenox-armor-rx\/","og_site_name":"Globe Europe","article_modified_time":"2025-03-26T07:00:26+00:00","og_image":[{"width":700,"height":700,"url":"https:\/\/globe-europe.nl\/wp-content\/uploads\/2025\/02\/Lenox-armor-rx.jpg","type":"image\/jpeg"}],"twitter_card":"summary_large_image","twitter_misc":{"Gesch\u00e4tzte Lesezeit":"3\u00a0Minuten"},"schema":{"@context":"https:\/\/schema.org","@graph":[{"@type":"WebPage","@id":"https:\/\/globe-europe.nl\/product\/lenox-armor-rx\/","url":"https:\/\/globe-europe.nl\/product\/lenox-armor-rx\/","name":"Lenox Armor\u2122 RX+\u00ae | Beschichtetes S\u00e4geblatt | Profile\/B\u00fcndel\/Rohre - Globe Europe","isPartOf":{"@id":"https:\/\/globe-europe.nl\/#website"},"primaryImageOfPage":{"@id":"https:\/\/globe-europe.nl\/product\/lenox-armor-rx\/#primaryimage"},"image":{"@id":"https:\/\/globe-europe.nl\/product\/lenox-armor-rx\/#primaryimage"},"thumbnailUrl":"https:\/\/globe-europe.nl\/wp-content\/uploads\/2025\/02\/Lenox-armor-rx.jpg","datePublished":"2025-02-04T11:09:48+00:00","dateModified":"2025-03-26T07:00:26+00:00","description":"Lenox Armor\u2122 RX+\u00ae mit AlTiN-Beschichtung f\u00fcr Hitze- und Abriebfestigkeit. Patentiertes Zahnprofil reduziert Vibrationen und Br\u00fcche. Lange Standzeit und leiser Schnitt.","breadcrumb":{"@id":"https:\/\/globe-europe.nl\/product\/lenox-armor-rx\/#breadcrumb"},"inLanguage":"de","potentialAction":[{"@type":"ReadAction","target":["https:\/\/globe-europe.nl\/product\/lenox-armor-rx\/"]}]},{"@type":"ImageObject","inLanguage":"de","@id":"https:\/\/globe-europe.nl\/product\/lenox-armor-rx\/#primaryimage","url":"https:\/\/globe-europe.nl\/wp-content\/uploads\/2025\/02\/Lenox-armor-rx.jpg","contentUrl":"https:\/\/globe-europe.nl\/wp-content\/uploads\/2025\/02\/Lenox-armor-rx.jpg","width":700,"height":700,"caption":"Lenox Armor\u2122 RX+\u00ae"},{"@type":"BreadcrumbList","@id":"https:\/\/globe-europe.nl\/product\/lenox-armor-rx\/#breadcrumb","itemListElement":[{"@type":"ListItem","position":1,"name":"Home","item":"https:\/\/globe-europe.nl\/"},{"@type":"ListItem","position":2,"name":"Winkel","item":"https:\/\/globe-europe.nl\/winkel\/"},{"@type":"ListItem","position":3,"name":"Lenox Armor\u2122 RX+\u00ae"}]},{"@type":"WebSite","@id":"https:\/\/globe-europe.nl\/#website","url":"https:\/\/globe-europe.nl\/","name":"Globe Europe","description":"","publisher":{"@id":"https:\/\/globe-europe.nl\/#organization"},"potentialAction":[{"@type":"SearchAction","target":{"@type":"EntryPoint","urlTemplate":"https:\/\/globe-europe.nl\/?s={search_term_string}"},"query-input":{"@type":"PropertyValueSpecification","valueRequired":true,"valueName":"search_term_string"}}],"inLanguage":"de"},{"@type":"Organization","@id":"https:\/\/globe-europe.nl\/#organization","name":"Globe Europe","url":"https:\/\/globe-europe.nl\/","logo":{"@type":"ImageObject","inLanguage":"de","@id":"https:\/\/globe-europe.nl\/#\/schema\/logo\/image\/","url":"https:\/\/globe-europe.nl\/wp-content\/uploads\/2025\/02\/GLOBE-LOGO-WEB-GROOT.png","contentUrl":"https:\/\/globe-europe.nl\/wp-content\/uploads\/2025\/02\/GLOBE-LOGO-WEB-GROOT.png","width":938,"height":404,"caption":"Globe Europe"},"image":{"@id":"https:\/\/globe-europe.nl\/#\/schema\/logo\/image\/"}}]}},"_links":{"self":[{"href":"https:\/\/globe-europe.nl\/de\/wp-json\/wp\/v2\/product\/791","targetHints":{"allow":["GET"]}}],"collection":[{"href":"https:\/\/globe-europe.nl\/de\/wp-json\/wp\/v2\/product"}],"about":[{"href":"https:\/\/globe-europe.nl\/de\/wp-json\/wp\/v2\/types\/product"}],"replies":[{"embeddable":true,"href":"https:\/\/globe-europe.nl\/de\/wp-json\/wp\/v2\/comments?post=791"}],"wp:featuredmedia":[{"embeddable":true,"href":"https:\/\/globe-europe.nl\/de\/wp-json\/wp\/v2\/media\/790"}],"wp:attachment":[{"href":"https:\/\/globe-europe.nl\/de\/wp-json\/wp\/v2\/media?parent=791"}],"wp:term":[{"taxonomy":"product_brand","embeddable":true,"href":"https:\/\/globe-europe.nl\/de\/wp-json\/wp\/v2\/product_brand?post=791"},{"taxonomy":"product_cat","embeddable":true,"href":"https:\/\/globe-europe.nl\/de\/wp-json\/wp\/v2\/product_cat?post=791"},{"taxonomy":"product_tag","embeddable":true,"href":"https:\/\/globe-europe.nl\/de\/wp-json\/wp\/v2\/product_tag?post=791"}],"curies":[{"name":"wp","href":"https:\/\/api.w.org\/{rel}","templated":true}]}}