{"id":814,"date":"2025-02-04T11:09:56","date_gmt":"2025-02-04T11:09:56","guid":{"rendered":"https:\/\/globe-europe.nl\/product\/lenox-classic\/"},"modified":"2025-03-26T07:04:33","modified_gmt":"2025-03-26T07:04:33","slug":"lenox-classic-2","status":"publish","type":"product","link":"https:\/\/globe-europe.nl\/de\/product\/lenox-classic\/","title":{"rendered":"Lenox Classic\u2122"},"content":{"rendered":"<p>&nbsp;<\/p>\n<table id=\"t01\" style=\"width: 100%;\">\n<tbody>\n<tr>\n<th>Breite und Dicke<\/th>\n<th colspan=\"9\">TPI (Z\u00e4hne pro Zoll)<\/th>\n<\/tr>\n<tr>\n<td><\/td>\n<td colspan=\"2\" width=\"200px\"><i>Tuff-Zahn<\/i><\/td>\n<td colspan=\"4\" width=\"200px\"><i>Vario-Zahn<\/i><\/td>\n<td colspan=\"2\" width=\"200px\"><i>Gewelltes<\/i><\/td>\n<td width=\"200px\"><i>Haken<\/i><\/td>\n<\/tr>\n<tr>\n<td><i>in Millimetern<\/i><\/td>\n<td width=\"200px\"><i>4\/6<\/i><\/td>\n<td width=\"200px\"><i>6\/8<\/i><\/td>\n<td width=\"200px\"><i>5\/8<\/i><\/td>\n<td width=\"200px\"><i>6\/10<\/i><\/td>\n<td width=\"200px\"><i>8\/12<\/i><\/td>\n<td width=\"200px\"><i>10\/14<\/i><\/td>\n<td width=\"200px\"><i>14<\/i><\/td>\n<td width=\"200px\"><i>18<\/i><\/td>\n<td width=\"200px\"><i>3<\/i><\/td>\n<\/tr>\n<tr>\n<td><b>19 x 0,90<\/b><\/td>\n<td><img loading=\"lazy\" decoding=\"async\" class=\"alignnone wp-image-2920\" src=\"https:\/\/globe-europe.nl\/wp-content\/uploads\/2025\/03\/1-300x300.png\" alt=\"\" width=\"50\" height=\"50\" srcset=\"https:\/\/globe-europe.nl\/wp-content\/uploads\/2025\/03\/1-300x300.png 300w, https:\/\/globe-europe.nl\/wp-content\/uploads\/2025\/03\/1-150x150.png 150w, https:\/\/globe-europe.nl\/wp-content\/uploads\/2025\/03\/1-100x100.png 100w, https:\/\/globe-europe.nl\/wp-content\/uploads\/2025\/03\/1.png 500w\" sizes=\"auto, (max-width: 50px) 100vw, 50px\" \/><\/td>\n<td><img loading=\"lazy\" decoding=\"async\" class=\"alignnone wp-image-2920\" src=\"https:\/\/globe-europe.nl\/wp-content\/uploads\/2025\/03\/1-300x300.png\" alt=\"\" width=\"50\" height=\"50\" srcset=\"https:\/\/globe-europe.nl\/wp-content\/uploads\/2025\/03\/1-300x300.png 300w, https:\/\/globe-europe.nl\/wp-content\/uploads\/2025\/03\/1-150x150.png 150w, https:\/\/globe-europe.nl\/wp-content\/uploads\/2025\/03\/1-100x100.png 100w, https:\/\/globe-europe.nl\/wp-content\/uploads\/2025\/03\/1.png 500w\" sizes=\"auto, (max-width: 50px) 100vw, 50px\" \/><\/td>\n<td><img loading=\"lazy\" decoding=\"async\" class=\"alignnone wp-image-2920\" src=\"https:\/\/globe-europe.nl\/wp-content\/uploads\/2025\/03\/1-300x300.png\" alt=\"\" width=\"50\" height=\"50\" srcset=\"https:\/\/globe-europe.nl\/wp-content\/uploads\/2025\/03\/1-300x300.png 300w, https:\/\/globe-europe.nl\/wp-content\/uploads\/2025\/03\/1-150x150.png 150w, https:\/\/globe-europe.nl\/wp-content\/uploads\/2025\/03\/1-100x100.png 100w, https:\/\/globe-europe.nl\/wp-content\/uploads\/2025\/03\/1.png 500w\" sizes=\"auto, (max-width: 50px) 100vw, 50px\" \/><\/td>\n<td><img loading=\"lazy\" decoding=\"async\" class=\"alignnone wp-image-2920\" src=\"https:\/\/globe-europe.nl\/wp-content\/uploads\/2025\/03\/1-300x300.png\" alt=\"\" width=\"50\" height=\"50\" srcset=\"https:\/\/globe-europe.nl\/wp-content\/uploads\/2025\/03\/1-300x300.png 300w, https:\/\/globe-europe.nl\/wp-content\/uploads\/2025\/03\/1-150x150.png 150w, https:\/\/globe-europe.nl\/wp-content\/uploads\/2025\/03\/1-100x100.png 100w, https:\/\/globe-europe.nl\/wp-content\/uploads\/2025\/03\/1.png 500w\" sizes=\"auto, (max-width: 50px) 100vw, 50px\" \/><\/td>\n<td><img loading=\"lazy\" decoding=\"async\" class=\"alignnone wp-image-2920\" src=\"https:\/\/globe-europe.nl\/wp-content\/uploads\/2025\/03\/1-300x300.png\" alt=\"\" width=\"50\" height=\"50\" srcset=\"https:\/\/globe-europe.nl\/wp-content\/uploads\/2025\/03\/1-300x300.png 300w, https:\/\/globe-europe.nl\/wp-content\/uploads\/2025\/03\/1-150x150.png 150w, https:\/\/globe-europe.nl\/wp-content\/uploads\/2025\/03\/1-100x100.png 100w, https:\/\/globe-europe.nl\/wp-content\/uploads\/2025\/03\/1.png 500w\" sizes=\"auto, (max-width: 50px) 100vw, 50px\" \/><\/td>\n<td><img loading=\"lazy\" decoding=\"async\" class=\"alignnone wp-image-2920\" src=\"https:\/\/globe-europe.nl\/wp-content\/uploads\/2025\/03\/1-300x300.png\" alt=\"\" width=\"50\" height=\"50\" srcset=\"https:\/\/globe-europe.nl\/wp-content\/uploads\/2025\/03\/1-300x300.png 300w, https:\/\/globe-europe.nl\/wp-content\/uploads\/2025\/03\/1-150x150.png 150w, https:\/\/globe-europe.nl\/wp-content\/uploads\/2025\/03\/1-100x100.png 100w, https:\/\/globe-europe.nl\/wp-content\/uploads\/2025\/03\/1.png 500w\" sizes=\"auto, (max-width: 50px) 100vw, 50px\" \/><\/td>\n<td><img loading=\"lazy\" decoding=\"async\" class=\"alignnone wp-image-2920\" src=\"https:\/\/globe-europe.nl\/wp-content\/uploads\/2025\/03\/1-300x300.png\" alt=\"\" width=\"50\" height=\"50\" srcset=\"https:\/\/globe-europe.nl\/wp-content\/uploads\/2025\/03\/1-300x300.png 300w, https:\/\/globe-europe.nl\/wp-content\/uploads\/2025\/03\/1-150x150.png 150w, https:\/\/globe-europe.nl\/wp-content\/uploads\/2025\/03\/1-100x100.png 100w, https:\/\/globe-europe.nl\/wp-content\/uploads\/2025\/03\/1.png 500w\" sizes=\"auto, (max-width: 50px) 100vw, 50px\" \/><\/td>\n<td><img loading=\"lazy\" decoding=\"async\" class=\"alignnone wp-image-2920\" src=\"https:\/\/globe-europe.nl\/wp-content\/uploads\/2025\/03\/1-300x300.png\" alt=\"\" width=\"50\" height=\"50\" srcset=\"https:\/\/globe-europe.nl\/wp-content\/uploads\/2025\/03\/1-300x300.png 300w, https:\/\/globe-europe.nl\/wp-content\/uploads\/2025\/03\/1-150x150.png 150w, https:\/\/globe-europe.nl\/wp-content\/uploads\/2025\/03\/1-100x100.png 100w, https:\/\/globe-europe.nl\/wp-content\/uploads\/2025\/03\/1.png 500w\" sizes=\"auto, (max-width: 50px) 100vw, 50px\" \/><\/td>\n<td><img loading=\"lazy\" decoding=\"async\" class=\"alignnone wp-image-2920\" src=\"https:\/\/globe-europe.nl\/wp-content\/uploads\/2025\/03\/1-300x300.png\" alt=\"\" width=\"50\" height=\"50\" srcset=\"https:\/\/globe-europe.nl\/wp-content\/uploads\/2025\/03\/1-300x300.png 300w, https:\/\/globe-europe.nl\/wp-content\/uploads\/2025\/03\/1-150x150.png 150w, https:\/\/globe-europe.nl\/wp-content\/uploads\/2025\/03\/1-100x100.png 100w, https:\/\/globe-europe.nl\/wp-content\/uploads\/2025\/03\/1.png 500w\" sizes=\"auto, (max-width: 50px) 100vw, 50px\" \/><\/td>\n<\/tr>\n<tr>\n<td><b>27 x 0,90<\/b><\/td>\n<td><img loading=\"lazy\" decoding=\"async\" class=\"alignnone wp-image-2920\" src=\"https:\/\/globe-europe.nl\/wp-content\/uploads\/2025\/03\/1-300x300.png\" alt=\"\" width=\"50\" height=\"50\" srcset=\"https:\/\/globe-europe.nl\/wp-content\/uploads\/2025\/03\/1-300x300.png 300w, https:\/\/globe-europe.nl\/wp-content\/uploads\/2025\/03\/1-150x150.png 150w, https:\/\/globe-europe.nl\/wp-content\/uploads\/2025\/03\/1-100x100.png 100w, https:\/\/globe-europe.nl\/wp-content\/uploads\/2025\/03\/1.png 500w\" sizes=\"auto, (max-width: 50px) 100vw, 50px\" \/><\/td>\n<td><img loading=\"lazy\" decoding=\"async\" class=\"alignnone wp-image-2920\" src=\"https:\/\/globe-europe.nl\/wp-content\/uploads\/2025\/03\/1-300x300.png\" alt=\"\" width=\"50\" height=\"50\" srcset=\"https:\/\/globe-europe.nl\/wp-content\/uploads\/2025\/03\/1-300x300.png 300w, https:\/\/globe-europe.nl\/wp-content\/uploads\/2025\/03\/1-150x150.png 150w, https:\/\/globe-europe.nl\/wp-content\/uploads\/2025\/03\/1-100x100.png 100w, https:\/\/globe-europe.nl\/wp-content\/uploads\/2025\/03\/1.png 500w\" sizes=\"auto, (max-width: 50px) 100vw, 50px\" \/><\/td>\n<td><img loading=\"lazy\" decoding=\"async\" class=\"alignnone wp-image-2920\" src=\"https:\/\/globe-europe.nl\/wp-content\/uploads\/2025\/03\/1-300x300.png\" alt=\"\" width=\"50\" height=\"50\" srcset=\"https:\/\/globe-europe.nl\/wp-content\/uploads\/2025\/03\/1-300x300.png 300w, https:\/\/globe-europe.nl\/wp-content\/uploads\/2025\/03\/1-150x150.png 150w, https:\/\/globe-europe.nl\/wp-content\/uploads\/2025\/03\/1-100x100.png 100w, https:\/\/globe-europe.nl\/wp-content\/uploads\/2025\/03\/1.png 500w\" sizes=\"auto, (max-width: 50px) 100vw, 50px\" \/><\/td>\n<td><img loading=\"lazy\" decoding=\"async\" class=\"alignnone wp-image-2920\" src=\"https:\/\/globe-europe.nl\/wp-content\/uploads\/2025\/03\/1-300x300.png\" alt=\"\" width=\"50\" height=\"50\" srcset=\"https:\/\/globe-europe.nl\/wp-content\/uploads\/2025\/03\/1-300x300.png 300w, https:\/\/globe-europe.nl\/wp-content\/uploads\/2025\/03\/1-150x150.png 150w, https:\/\/globe-europe.nl\/wp-content\/uploads\/2025\/03\/1-100x100.png 100w, https:\/\/globe-europe.nl\/wp-content\/uploads\/2025\/03\/1.png 500w\" sizes=\"auto, (max-width: 50px) 100vw, 50px\" \/><\/td>\n<td><img loading=\"lazy\" decoding=\"async\" class=\"alignnone wp-image-2920\" src=\"https:\/\/globe-europe.nl\/wp-content\/uploads\/2025\/03\/1-300x300.png\" alt=\"\" width=\"50\" height=\"50\" srcset=\"https:\/\/globe-europe.nl\/wp-content\/uploads\/2025\/03\/1-300x300.png 300w, https:\/\/globe-europe.nl\/wp-content\/uploads\/2025\/03\/1-150x150.png 150w, https:\/\/globe-europe.nl\/wp-content\/uploads\/2025\/03\/1-100x100.png 100w, https:\/\/globe-europe.nl\/wp-content\/uploads\/2025\/03\/1.png 500w\" sizes=\"auto, (max-width: 50px) 100vw, 50px\" \/><\/td>\n<td><img loading=\"lazy\" decoding=\"async\" class=\"alignnone wp-image-2920\" src=\"https:\/\/globe-europe.nl\/wp-content\/uploads\/2025\/03\/1-300x300.png\" alt=\"\" width=\"50\" height=\"50\" srcset=\"https:\/\/globe-europe.nl\/wp-content\/uploads\/2025\/03\/1-300x300.png 300w, https:\/\/globe-europe.nl\/wp-content\/uploads\/2025\/03\/1-150x150.png 150w, https:\/\/globe-europe.nl\/wp-content\/uploads\/2025\/03\/1-100x100.png 100w, https:\/\/globe-europe.nl\/wp-content\/uploads\/2025\/03\/1.png 500w\" sizes=\"auto, (max-width: 50px) 100vw, 50px\" \/><\/td>\n<td>&#8211;<\/td>\n<td><img loading=\"lazy\" decoding=\"async\" class=\"alignnone wp-image-2920\" src=\"https:\/\/globe-europe.nl\/wp-content\/uploads\/2025\/03\/1-300x300.png\" alt=\"\" width=\"50\" height=\"50\" srcset=\"https:\/\/globe-europe.nl\/wp-content\/uploads\/2025\/03\/1-300x300.png 300w, https:\/\/globe-europe.nl\/wp-content\/uploads\/2025\/03\/1-150x150.png 150w, https:\/\/globe-europe.nl\/wp-content\/uploads\/2025\/03\/1-100x100.png 100w, https:\/\/globe-europe.nl\/wp-content\/uploads\/2025\/03\/1.png 500w\" sizes=\"auto, (max-width: 50px) 100vw, 50px\" \/><\/td>\n<td><img loading=\"lazy\" decoding=\"async\" class=\"alignnone wp-image-2920\" src=\"https:\/\/globe-europe.nl\/wp-content\/uploads\/2025\/03\/1-300x300.png\" alt=\"\" width=\"50\" height=\"50\" srcset=\"https:\/\/globe-europe.nl\/wp-content\/uploads\/2025\/03\/1-300x300.png 300w, https:\/\/globe-europe.nl\/wp-content\/uploads\/2025\/03\/1-150x150.png 150w, https:\/\/globe-europe.nl\/wp-content\/uploads\/2025\/03\/1-100x100.png 100w, https:\/\/globe-europe.nl\/wp-content\/uploads\/2025\/03\/1.png 500w\" sizes=\"auto, (max-width: 50px) 100vw, 50px\" \/><\/td>\n<\/tr>\n<tr>\n<td><b>34 x 1,07<\/b><\/td>\n<td><img loading=\"lazy\" decoding=\"async\" class=\"alignnone wp-image-2920\" src=\"https:\/\/globe-europe.nl\/wp-content\/uploads\/2025\/03\/1-300x300.png\" alt=\"\" width=\"50\" height=\"50\" srcset=\"https:\/\/globe-europe.nl\/wp-content\/uploads\/2025\/03\/1-300x300.png 300w, https:\/\/globe-europe.nl\/wp-content\/uploads\/2025\/03\/1-150x150.png 150w, https:\/\/globe-europe.nl\/wp-content\/uploads\/2025\/03\/1-100x100.png 100w, https:\/\/globe-europe.nl\/wp-content\/uploads\/2025\/03\/1.png 500w\" sizes=\"auto, (max-width: 50px) 100vw, 50px\" \/><\/td>\n<td><img loading=\"lazy\" decoding=\"async\" class=\"alignnone wp-image-2920\" src=\"https:\/\/globe-europe.nl\/wp-content\/uploads\/2025\/03\/1-300x300.png\" alt=\"\" width=\"50\" height=\"50\" srcset=\"https:\/\/globe-europe.nl\/wp-content\/uploads\/2025\/03\/1-300x300.png 300w, https:\/\/globe-europe.nl\/wp-content\/uploads\/2025\/03\/1-150x150.png 150w, https:\/\/globe-europe.nl\/wp-content\/uploads\/2025\/03\/1-100x100.png 100w, https:\/\/globe-europe.nl\/wp-content\/uploads\/2025\/03\/1.png 500w\" sizes=\"auto, (max-width: 50px) 100vw, 50px\" \/><\/td>\n<td><img loading=\"lazy\" decoding=\"async\" class=\"alignnone wp-image-2920\" src=\"https:\/\/globe-europe.nl\/wp-content\/uploads\/2025\/03\/1-300x300.png\" alt=\"\" width=\"50\" height=\"50\" srcset=\"https:\/\/globe-europe.nl\/wp-content\/uploads\/2025\/03\/1-300x300.png 300w, https:\/\/globe-europe.nl\/wp-content\/uploads\/2025\/03\/1-150x150.png 150w, https:\/\/globe-europe.nl\/wp-content\/uploads\/2025\/03\/1-100x100.png 100w, https:\/\/globe-europe.nl\/wp-content\/uploads\/2025\/03\/1.png 500w\" sizes=\"auto, (max-width: 50px) 100vw, 50px\" \/><\/td>\n<td><img loading=\"lazy\" decoding=\"async\" class=\"alignnone wp-image-2920\" src=\"https:\/\/globe-europe.nl\/wp-content\/uploads\/2025\/03\/1-300x300.png\" alt=\"\" width=\"50\" height=\"50\" srcset=\"https:\/\/globe-europe.nl\/wp-content\/uploads\/2025\/03\/1-300x300.png 300w, https:\/\/globe-europe.nl\/wp-content\/uploads\/2025\/03\/1-150x150.png 150w, https:\/\/globe-europe.nl\/wp-content\/uploads\/2025\/03\/1-100x100.png 100w, https:\/\/globe-europe.nl\/wp-content\/uploads\/2025\/03\/1.png 500w\" sizes=\"auto, (max-width: 50px) 100vw, 50px\" \/><\/td>\n<td><img loading=\"lazy\" decoding=\"async\" class=\"alignnone wp-image-2920\" src=\"https:\/\/globe-europe.nl\/wp-content\/uploads\/2025\/03\/1-300x300.png\" alt=\"\" width=\"50\" height=\"50\" srcset=\"https:\/\/globe-europe.nl\/wp-content\/uploads\/2025\/03\/1-300x300.png 300w, https:\/\/globe-europe.nl\/wp-content\/uploads\/2025\/03\/1-150x150.png 150w, https:\/\/globe-europe.nl\/wp-content\/uploads\/2025\/03\/1-100x100.png 100w, https:\/\/globe-europe.nl\/wp-content\/uploads\/2025\/03\/1.png 500w\" sizes=\"auto, (max-width: 50px) 100vw, 50px\" \/><\/td>\n<td>&#8211;<\/td>\n<td>&#8211;<\/td>\n<td>&#8211;<\/td>\n<td>&#8211;<\/td>\n<\/tr>\n<\/tbody>\n<\/table>\n<hr \/>\n<table id=\"t01\" style=\"width: 60%;\">\n<tbody>\n<tr>\n<th>Anmeldung<\/th>\n<\/tr>\n<tr>\n<td><i>Kohlenstoffstahl<\/i><\/td>\n<\/tr>\n<tr>\n<td><i>Leicht legierte St\u00e4hle<\/i><\/td>\n<\/tr>\n<tr>\n<td><i>Muster formen<\/i><\/td>\n<\/tr>\n<tr>\n<td><i>Werkzeugstahl<\/i><\/td>\n<\/tr>\n<tr>\n<td><i>Rostfreier Stahl<\/i><\/td>\n<\/tr>\n<\/tbody>\n<\/table>","protected":false},"excerpt":{"rendered":"<h2 class=\"subtitle\">LENOX Classic\u2122 Die ultimative Universalklinge f\u00fcr die Fertigung<\/h2>\n<p><strong>Flache Expansionsl\u00f6cher<\/strong><br \/>\nF\u00fcr ein festeres Profil.<\/p>\n<p><strong>Patentiertes Tuff-Tooth-Design<\/strong><br \/>\nWiderstandsf\u00e4hig gegen Abl\u00f6sen.<\/p>\n<p><strong>M-42 Gezahnte Kante in HSS<\/strong><br \/>\nF\u00fcr Nachhaltigkeit.<\/p>","protected":false},"featured_media":813,"comment_status":"open","ping_status":"closed","template":"","meta":[],"product_brand":[324],"product_cat":[56,61],"product_tag":[],"class_list":{"0":"post-814","1":"product","2":"type-product","3":"status-publish","4":"has-post-thumbnail","6":"product_brand-lenox","7":"product_cat-bandzagen","8":"product_cat-bi-metaal","10":"first","11":"instock","12":"shipping-taxable","13":"product-type-simple"},"ct_brands":[{"id":324,"name":"LENOX","slug":"lenox"}],"yoast_head":"<!-- This site is optimized with the Yoast SEO plugin v27.3 - https:\/\/yoast.com\/product\/yoast-seo-wordpress\/ -->\n<title>Lenox Classic\u2122 | Universeel Bandzaagblad met M-42 HSS Tanden - Globe Europe<\/title>\n<meta name=\"description\" content=\"Lenox Classic\u2122 met Tuff Tooth-ontwerp en M-42 HSS-rand. Ondiepe expansiegaten voor extra stevigheid en duurzaamheid. Ideaal voor productietoepassingen.\" \/>\n<meta name=\"robots\" content=\"index, follow, max-snippet:-1, max-image-preview:large, max-video-preview:-1\" \/>\n<link rel=\"canonical\" href=\"https:\/\/globe-europe.nl\/de\/produkt\/lenox-classic-2\/\" \/>\n<meta property=\"og:locale\" content=\"de_DE\" \/>\n<meta property=\"og:type\" content=\"article\" \/>\n<meta property=\"og:title\" content=\"Lenox Classic\u2122 | Universeel Bandzaagblad met M-42 HSS Tanden - Globe Europe\" \/>\n<meta property=\"og:description\" content=\"Lenox Classic\u2122 met Tuff Tooth-ontwerp en M-42 HSS-rand. Ondiepe expansiegaten voor extra stevigheid en duurzaamheid. Ideaal voor productietoepassingen.\" \/>\n<meta property=\"og:url\" content=\"https:\/\/globe-europe.nl\/de\/produkt\/lenox-classic-2\/\" \/>\n<meta property=\"og:site_name\" content=\"Globe Europe\" \/>\n<meta property=\"article:modified_time\" content=\"2025-03-26T07:04:33+00:00\" \/>\n<meta property=\"og:image\" content=\"https:\/\/globe-europe.nl\/wp-content\/uploads\/2025\/02\/Lenox-classic.jpg\" \/>\n\t<meta property=\"og:image:width\" content=\"700\" \/>\n\t<meta property=\"og:image:height\" content=\"700\" \/>\n\t<meta property=\"og:image:type\" content=\"image\/jpeg\" \/>\n<meta name=\"twitter:card\" content=\"summary_large_image\" \/>\n<meta name=\"twitter:label1\" content=\"Gesch\u00e4tzte Lesezeit\" \/>\n\t<meta name=\"twitter:data1\" content=\"5\u00a0Minuten\" \/>\n<script type=\"application\/ld+json\" class=\"yoast-schema-graph\">{\"@context\":\"https:\\\/\\\/schema.org\",\"@graph\":[{\"@type\":\"WebPage\",\"@id\":\"https:\\\/\\\/globe-europe.nl\\\/product\\\/lenox-classic\\\/\",\"url\":\"https:\\\/\\\/globe-europe.nl\\\/product\\\/lenox-classic\\\/\",\"name\":\"Lenox Classic\u2122 | Universeel Bandzaagblad met M-42 HSS Tanden - Globe Europe\",\"isPartOf\":{\"@id\":\"https:\\\/\\\/globe-europe.nl\\\/#website\"},\"primaryImageOfPage\":{\"@id\":\"https:\\\/\\\/globe-europe.nl\\\/product\\\/lenox-classic\\\/#primaryimage\"},\"image\":{\"@id\":\"https:\\\/\\\/globe-europe.nl\\\/product\\\/lenox-classic\\\/#primaryimage\"},\"thumbnailUrl\":\"https:\\\/\\\/globe-europe.nl\\\/wp-content\\\/uploads\\\/2025\\\/02\\\/Lenox-classic.jpg\",\"datePublished\":\"2025-02-04T11:09:56+00:00\",\"dateModified\":\"2025-03-26T07:04:33+00:00\",\"description\":\"Lenox Classic\u2122 met Tuff Tooth-ontwerp en M-42 HSS-rand. Ondiepe expansiegaten voor extra stevigheid en duurzaamheid. Ideaal voor productietoepassingen.\",\"breadcrumb\":{\"@id\":\"https:\\\/\\\/globe-europe.nl\\\/product\\\/lenox-classic\\\/#breadcrumb\"},\"inLanguage\":\"de\",\"potentialAction\":[{\"@type\":\"ReadAction\",\"target\":[\"https:\\\/\\\/globe-europe.nl\\\/product\\\/lenox-classic\\\/\"]}]},{\"@type\":\"ImageObject\",\"inLanguage\":\"de\",\"@id\":\"https:\\\/\\\/globe-europe.nl\\\/product\\\/lenox-classic\\\/#primaryimage\",\"url\":\"https:\\\/\\\/globe-europe.nl\\\/wp-content\\\/uploads\\\/2025\\\/02\\\/Lenox-classic.jpg\",\"contentUrl\":\"https:\\\/\\\/globe-europe.nl\\\/wp-content\\\/uploads\\\/2025\\\/02\\\/Lenox-classic.jpg\",\"width\":700,\"height\":700},{\"@type\":\"BreadcrumbList\",\"@id\":\"https:\\\/\\\/globe-europe.nl\\\/product\\\/lenox-classic\\\/#breadcrumb\",\"itemListElement\":[{\"@type\":\"ListItem\",\"position\":1,\"name\":\"Home\",\"item\":\"https:\\\/\\\/globe-europe.nl\\\/\"},{\"@type\":\"ListItem\",\"position\":2,\"name\":\"Winkel\",\"item\":\"https:\\\/\\\/globe-europe.nl\\\/winkel\\\/\"},{\"@type\":\"ListItem\",\"position\":3,\"name\":\"Lenox Classic\u2122\"}]},{\"@type\":\"WebSite\",\"@id\":\"https:\\\/\\\/globe-europe.nl\\\/#website\",\"url\":\"https:\\\/\\\/globe-europe.nl\\\/\",\"name\":\"Globe Europe\",\"description\":\"\",\"publisher\":{\"@id\":\"https:\\\/\\\/globe-europe.nl\\\/#organization\"},\"potentialAction\":[{\"@type\":\"SearchAction\",\"target\":{\"@type\":\"EntryPoint\",\"urlTemplate\":\"https:\\\/\\\/globe-europe.nl\\\/?s={search_term_string}\"},\"query-input\":{\"@type\":\"PropertyValueSpecification\",\"valueRequired\":true,\"valueName\":\"search_term_string\"}}],\"inLanguage\":\"de\"},{\"@type\":\"Organization\",\"@id\":\"https:\\\/\\\/globe-europe.nl\\\/#organization\",\"name\":\"Globe Europe\",\"url\":\"https:\\\/\\\/globe-europe.nl\\\/\",\"logo\":{\"@type\":\"ImageObject\",\"inLanguage\":\"de\",\"@id\":\"https:\\\/\\\/globe-europe.nl\\\/#\\\/schema\\\/logo\\\/image\\\/\",\"url\":\"https:\\\/\\\/globe-europe.nl\\\/wp-content\\\/uploads\\\/2025\\\/02\\\/GLOBE-LOGO-WEB-GROOT.png\",\"contentUrl\":\"https:\\\/\\\/globe-europe.nl\\\/wp-content\\\/uploads\\\/2025\\\/02\\\/GLOBE-LOGO-WEB-GROOT.png\",\"width\":938,\"height\":404,\"caption\":\"Globe Europe\"},\"image\":{\"@id\":\"https:\\\/\\\/globe-europe.nl\\\/#\\\/schema\\\/logo\\\/image\\\/\"}}]}<\/script>\n<!-- \/ Yoast SEO plugin. -->","yoast_head_json":{"title":"Lenox Classic\u2122 | Universal-Bands\u00e4geblatt mit M-42 HSS-Z\u00e4hnen - Globe Europe","description":"Lenox Classic\u2122 mit Tuff Tooth Design und M-42 HSS Schneide. Flache Expansionsl\u00f6cher f\u00fcr zus\u00e4tzliche Festigkeit und Haltbarkeit. Ideal f\u00fcr Produktionsanwendungen.","robots":{"index":"index","follow":"follow","max-snippet":"max-snippet:-1","max-image-preview":"max-image-preview:large","max-video-preview":"max-video-preview:-1"},"canonical":"https:\/\/globe-europe.nl\/de\/produkt\/lenox-classic-2\/","og_locale":"de_DE","og_type":"article","og_title":"Lenox Classic\u2122 | Universeel Bandzaagblad met M-42 HSS Tanden - Globe Europe","og_description":"Lenox Classic\u2122 met Tuff Tooth-ontwerp en M-42 HSS-rand. Ondiepe expansiegaten voor extra stevigheid en duurzaamheid. Ideaal voor productietoepassingen.","og_url":"https:\/\/globe-europe.nl\/de\/produkt\/lenox-classic-2\/","og_site_name":"Globe Europe","article_modified_time":"2025-03-26T07:04:33+00:00","og_image":[{"width":700,"height":700,"url":"https:\/\/globe-europe.nl\/wp-content\/uploads\/2025\/02\/Lenox-classic.jpg","type":"image\/jpeg"}],"twitter_card":"summary_large_image","twitter_misc":{"Gesch\u00e4tzte Lesezeit":"5\u00a0Minuten"},"schema":{"@context":"https:\/\/schema.org","@graph":[{"@type":"WebPage","@id":"https:\/\/globe-europe.nl\/product\/lenox-classic\/","url":"https:\/\/globe-europe.nl\/product\/lenox-classic\/","name":"Lenox Classic\u2122 | Universal-Bands\u00e4geblatt mit M-42 HSS-Z\u00e4hnen - Globe Europe","isPartOf":{"@id":"https:\/\/globe-europe.nl\/#website"},"primaryImageOfPage":{"@id":"https:\/\/globe-europe.nl\/product\/lenox-classic\/#primaryimage"},"image":{"@id":"https:\/\/globe-europe.nl\/product\/lenox-classic\/#primaryimage"},"thumbnailUrl":"https:\/\/globe-europe.nl\/wp-content\/uploads\/2025\/02\/Lenox-classic.jpg","datePublished":"2025-02-04T11:09:56+00:00","dateModified":"2025-03-26T07:04:33+00:00","description":"Lenox Classic\u2122 mit Tuff Tooth Design und M-42 HSS Schneide. Flache Expansionsl\u00f6cher f\u00fcr zus\u00e4tzliche Festigkeit und Haltbarkeit. Ideal f\u00fcr Produktionsanwendungen.","breadcrumb":{"@id":"https:\/\/globe-europe.nl\/product\/lenox-classic\/#breadcrumb"},"inLanguage":"de","potentialAction":[{"@type":"ReadAction","target":["https:\/\/globe-europe.nl\/product\/lenox-classic\/"]}]},{"@type":"ImageObject","inLanguage":"de","@id":"https:\/\/globe-europe.nl\/product\/lenox-classic\/#primaryimage","url":"https:\/\/globe-europe.nl\/wp-content\/uploads\/2025\/02\/Lenox-classic.jpg","contentUrl":"https:\/\/globe-europe.nl\/wp-content\/uploads\/2025\/02\/Lenox-classic.jpg","width":700,"height":700},{"@type":"BreadcrumbList","@id":"https:\/\/globe-europe.nl\/product\/lenox-classic\/#breadcrumb","itemListElement":[{"@type":"ListItem","position":1,"name":"Home","item":"https:\/\/globe-europe.nl\/"},{"@type":"ListItem","position":2,"name":"Winkel","item":"https:\/\/globe-europe.nl\/winkel\/"},{"@type":"ListItem","position":3,"name":"Lenox Classic\u2122"}]},{"@type":"WebSite","@id":"https:\/\/globe-europe.nl\/#website","url":"https:\/\/globe-europe.nl\/","name":"Globe Europe","description":"","publisher":{"@id":"https:\/\/globe-europe.nl\/#organization"},"potentialAction":[{"@type":"SearchAction","target":{"@type":"EntryPoint","urlTemplate":"https:\/\/globe-europe.nl\/?s={search_term_string}"},"query-input":{"@type":"PropertyValueSpecification","valueRequired":true,"valueName":"search_term_string"}}],"inLanguage":"de"},{"@type":"Organization","@id":"https:\/\/globe-europe.nl\/#organization","name":"Globe Europe","url":"https:\/\/globe-europe.nl\/","logo":{"@type":"ImageObject","inLanguage":"de","@id":"https:\/\/globe-europe.nl\/#\/schema\/logo\/image\/","url":"https:\/\/globe-europe.nl\/wp-content\/uploads\/2025\/02\/GLOBE-LOGO-WEB-GROOT.png","contentUrl":"https:\/\/globe-europe.nl\/wp-content\/uploads\/2025\/02\/GLOBE-LOGO-WEB-GROOT.png","width":938,"height":404,"caption":"Globe Europe"},"image":{"@id":"https:\/\/globe-europe.nl\/#\/schema\/logo\/image\/"}}]}},"_links":{"self":[{"href":"https:\/\/globe-europe.nl\/de\/wp-json\/wp\/v2\/product\/814","targetHints":{"allow":["GET"]}}],"collection":[{"href":"https:\/\/globe-europe.nl\/de\/wp-json\/wp\/v2\/product"}],"about":[{"href":"https:\/\/globe-europe.nl\/de\/wp-json\/wp\/v2\/types\/product"}],"replies":[{"embeddable":true,"href":"https:\/\/globe-europe.nl\/de\/wp-json\/wp\/v2\/comments?post=814"}],"wp:featuredmedia":[{"embeddable":true,"href":"https:\/\/globe-europe.nl\/de\/wp-json\/wp\/v2\/media\/813"}],"wp:attachment":[{"href":"https:\/\/globe-europe.nl\/de\/wp-json\/wp\/v2\/media?parent=814"}],"wp:term":[{"taxonomy":"product_brand","embeddable":true,"href":"https:\/\/globe-europe.nl\/de\/wp-json\/wp\/v2\/product_brand?post=814"},{"taxonomy":"product_cat","embeddable":true,"href":"https:\/\/globe-europe.nl\/de\/wp-json\/wp\/v2\/product_cat?post=814"},{"taxonomy":"product_tag","embeddable":true,"href":"https:\/\/globe-europe.nl\/de\/wp-json\/wp\/v2\/product_tag?post=814"}],"curies":[{"name":"wp","href":"https:\/\/api.w.org\/{rel}","templated":true}]}}