{"id":831,"date":"2025-02-04T11:10:02","date_gmt":"2025-02-04T11:10:02","guid":{"rendered":"https:\/\/globe-europe.nl\/product\/lenox-traverse-master-feed-rate-meter-3\/"},"modified":"2025-02-05T13:16:54","modified_gmt":"2025-02-05T13:16:54","slug":"lenox-vorschubmesser-traverse-master","status":"publish","type":"product","link":"https:\/\/globe-europe.nl\/de\/product\/lenox-traverse-master-feed-rate-meter-3\/","title":{"rendered":"Lenox Traverse Master\u00ae Vorschubgeschwindigkeitsmesser"},"content":{"rendered":"<table class=\"data tb5 bdrb0\" cellspacing=\"0\">\n<tbody>\n<tr class=\"tr1 bdrb\">\n<th style=\"text-align: left;\" width=\"100px\">Produkt Nr.<\/th>\n<th class=\"left\" style=\"text-align: left;\" width=\"350px\">Beschreibung<\/th>\n<\/tr>\n<tr>\n<td class=\"tc2 cntr\" style=\"text-align: left;\">68090<\/td>\n<td style=\"text-align: left;\">1 Line Unit mit LENOX-S\u00e4ged\u00fcse, 32 oz. (.95 Liter) Reservoir und manuellem Ein\/Aus-Schalter<\/td>\n<\/tr>\n<tr class=\"alt\">\n<td class=\"tc2 cntr\" style=\"text-align: left;\">1770276<\/td>\n<td style=\"text-align: left;\">1 Line Unit mit flexibler D\u00fcse, 32 oz. (.95 Liter) Reservoir und manuellem Ein\/Aus-Schalter<\/td>\n<\/tr>\n<tr class=\"bdrt\">\n<td class=\"tc2 cntr\">1770277<\/td>\n<td>1 Line Unit mit Kupferd\u00fcse, 32 oz. (.95 Liter) Reservoir und manuellem Ein\/Aus-Schalter<\/td>\n<\/tr>\n<tr class=\"alt\">\n<td class=\"tc2 cntr\">1770278<\/td>\n<td>1 Leitungseinheit mit LENOX-S\u00e4ged\u00fcse, 32 oz. (.95 Liter) Beh\u00e4lter und 110V-Magnetventil<\/td>\n<\/tr>\n<tr>\n<td class=\"tc2 cntr\">1770279<\/td>\n<td>1 Line Unit mit LENOX-S\u00e4ged\u00fcse, 32 oz. (.95 Liter) Reservoir und 220V Magnetventil<\/td>\n<\/tr>\n<tr class=\"alt\">\n<td class=\"tc2 cntr\">1770280<\/td>\n<td>1 Leitungseinheit mit flexibler D\u00fcse, 32 oz. (.95 Liter) Reservoir und 110V Magnetventil<\/td>\n<\/tr>\n<tr>\n<td class=\"tc2 cntr\">1770401<\/td>\n<td>1 Line Unit mit Kupferd\u00fcse, 32 oz. (.95 Liter) Reservoir und 110V Magnetventil<\/td>\n<\/tr>\n<tr class=\"alt\">\n<td class=\"tc2 cntr\">1170402<\/td>\n<td>2-Leitungsger\u00e4t mit LENOX-S\u00e4ged\u00fcse, 32 oz. (.95 Liter) Beh\u00e4lter und manuellem Ein\/Aus-Schalter<\/td>\n<\/tr>\n<tr>\n<td class=\"tc2 cntr\">1770403<\/td>\n<td>2-Leitungsger\u00e4t mit flexibler D\u00fcse, 32 oz. (.95 Liter) Beh\u00e4lter und manuellem Ein\/Aus-Schalter<\/td>\n<\/tr>\n<tr>\n<td class=\"alt\">1770188<\/td>\n<td class=\"alt\">2-Leitungsger\u00e4t mit Kupferd\u00fcse, 32 oz. (.95 Liter) Reservoir und manuellem Ein-\/Ausschalter<\/td>\n<\/tr>\n<tr>\n<td>1770406<\/td>\n<td>2-Leiter-Ger\u00e4t mit LENOX-S\u00e4ged\u00fcse, 32 oz. (.95 Liter) Beh\u00e4lter und 110V-Magnetventil<\/td>\n<\/tr>\n<tr>\n<td class=\"alt\">1770407<\/td>\n<td class=\"alt\">2-Leitungseinheit mit flexibler D\u00fcse, 32 oz. (.95 Liter) Reservoir und 110V Magnetventil<\/td>\n<\/tr>\n<tr>\n<td>1770408<\/td>\n<td>2-Linien-Einheit mit Kupferd\u00fcse, 32 oz. (.95 Liter) Reservoir und 110V Magnetventil<\/td>\n<\/tr>\n<tr class=\"last\">\n<td colspan=\"3\"><\/td>\n<\/tr>\n<\/tbody>\n<\/table>","protected":false},"excerpt":{"rendered":"<p>Optimieren Sie die Sp\u00e4nebelastung, um einen schnellen Schnitt zu erzielen, ohne die Lebensdauer der Klinge zu beeintr\u00e4chtigen. Erreichen Sie genau die von LENOX SAWCALC\u00ae empfohlenen Schnittgeschwindigkeiten.<\/p>\n<p>Pr\u00e4zisionsmessger\u00e4t: Zeigt die Vorschubgeschwindigkeit in Zoll (oder Millimeter) pro Minute an.<\/p>\n<p>Stromversorgung \u00fcber ein 12-V-Gleichstromnetzteil oder ein wiederaufladbares Akkupack (beides im Lieferumfang enthalten)<\/p>","protected":false},"featured_media":702,"comment_status":"open","ping_status":"closed","template":"","meta":[],"product_brand":[324],"product_cat":[60],"product_tag":[],"class_list":{"0":"post-831","1":"product","2":"type-product","3":"status-publish","4":"has-post-thumbnail","6":"product_brand-lenox","7":"product_cat-toebehoren","9":"first","10":"instock","11":"shipping-taxable","12":"product-type-simple"},"ct_brands":[{"id":324,"name":"LENOX","slug":"lenox"}],"yoast_head":"<!-- This site is optimized with the Yoast SEO plugin v27.4 - https:\/\/yoast.com\/product\/yoast-seo-wordpress\/ -->\n<title>Lenox Traverse Master\u00ae Feed rate meter - Globe Europe<\/title>\n<meta name=\"robots\" content=\"index, follow, max-snippet:-1, max-image-preview:large, max-video-preview:-1\" \/>\n<link rel=\"canonical\" href=\"https:\/\/globe-europe.nl\/de\/produkt\/lenox-vorschubmesser-traverse-master\/\" \/>\n<meta property=\"og:locale\" content=\"de_DE\" \/>\n<meta property=\"og:type\" content=\"article\" \/>\n<meta property=\"og:title\" content=\"Lenox Traverse Master\u00ae Feed rate meter - Globe Europe\" \/>\n<meta property=\"og:description\" content=\"Optimize chip loads to achieve fast cutting without detrimental effects on blade life. Accurately achieve cutting rates recommended by LENOX SAWCALC\u00ae.  Precision meter: provides readout of feed rate in inches (or millimeters) per minute.  Powered by a 12v DC power supply or rechargeable battery pack (both included)\" \/>\n<meta property=\"og:url\" content=\"https:\/\/globe-europe.nl\/de\/produkt\/lenox-vorschubmesser-traverse-master\/\" \/>\n<meta property=\"og:site_name\" content=\"Globe Europe\" \/>\n<meta property=\"article:modified_time\" content=\"2025-02-05T13:16:54+00:00\" \/>\n<meta property=\"og:image\" content=\"https:\/\/globe-europe.nl\/wp-content\/uploads\/2025\/02\/Lenox-Traverse-master.jpg\" \/>\n\t<meta property=\"og:image:width\" content=\"700\" \/>\n\t<meta property=\"og:image:height\" content=\"700\" \/>\n\t<meta property=\"og:image:type\" content=\"image\/jpeg\" \/>\n<meta name=\"twitter:card\" content=\"summary_large_image\" \/>\n<meta name=\"twitter:label1\" content=\"Gesch\u00e4tzte Lesezeit\" \/>\n\t<meta name=\"twitter:data1\" content=\"1\u00a0Minute\" \/>\n<script type=\"application\/ld+json\" class=\"yoast-schema-graph\">{\"@context\":\"https:\\\/\\\/schema.org\",\"@graph\":[{\"@type\":\"WebPage\",\"@id\":\"https:\\\/\\\/globe-europe.nl\\\/product\\\/lenox-traverse-master-feed-rate-meter-3\\\/\",\"url\":\"https:\\\/\\\/globe-europe.nl\\\/product\\\/lenox-traverse-master-feed-rate-meter-3\\\/\",\"name\":\"Lenox Traverse Master\u00ae Feed rate meter - Globe Europe\",\"isPartOf\":{\"@id\":\"https:\\\/\\\/globe-europe.nl\\\/#website\"},\"primaryImageOfPage\":{\"@id\":\"https:\\\/\\\/globe-europe.nl\\\/product\\\/lenox-traverse-master-feed-rate-meter-3\\\/#primaryimage\"},\"image\":{\"@id\":\"https:\\\/\\\/globe-europe.nl\\\/product\\\/lenox-traverse-master-feed-rate-meter-3\\\/#primaryimage\"},\"thumbnailUrl\":\"https:\\\/\\\/globe-europe.nl\\\/wp-content\\\/uploads\\\/2025\\\/02\\\/Lenox-Traverse-master.jpg\",\"datePublished\":\"2025-02-04T11:10:02+00:00\",\"dateModified\":\"2025-02-05T13:16:54+00:00\",\"breadcrumb\":{\"@id\":\"https:\\\/\\\/globe-europe.nl\\\/product\\\/lenox-traverse-master-feed-rate-meter-3\\\/#breadcrumb\"},\"inLanguage\":\"de\",\"potentialAction\":[{\"@type\":\"ReadAction\",\"target\":[\"https:\\\/\\\/globe-europe.nl\\\/product\\\/lenox-traverse-master-feed-rate-meter-3\\\/\"]}]},{\"@type\":\"ImageObject\",\"inLanguage\":\"de\",\"@id\":\"https:\\\/\\\/globe-europe.nl\\\/product\\\/lenox-traverse-master-feed-rate-meter-3\\\/#primaryimage\",\"url\":\"https:\\\/\\\/globe-europe.nl\\\/wp-content\\\/uploads\\\/2025\\\/02\\\/Lenox-Traverse-master.jpg\",\"contentUrl\":\"https:\\\/\\\/globe-europe.nl\\\/wp-content\\\/uploads\\\/2025\\\/02\\\/Lenox-Traverse-master.jpg\",\"width\":700,\"height\":700},{\"@type\":\"BreadcrumbList\",\"@id\":\"https:\\\/\\\/globe-europe.nl\\\/product\\\/lenox-traverse-master-feed-rate-meter-3\\\/#breadcrumb\",\"itemListElement\":[{\"@type\":\"ListItem\",\"position\":1,\"name\":\"Home\",\"item\":\"https:\\\/\\\/globe-europe.nl\\\/\"},{\"@type\":\"ListItem\",\"position\":2,\"name\":\"Winkel\",\"item\":\"https:\\\/\\\/globe-europe.nl\\\/winkel\\\/\"},{\"@type\":\"ListItem\",\"position\":3,\"name\":\"Lenox Traverse Master\u00ae Feed rate meter\"}]},{\"@type\":\"WebSite\",\"@id\":\"https:\\\/\\\/globe-europe.nl\\\/#website\",\"url\":\"https:\\\/\\\/globe-europe.nl\\\/\",\"name\":\"Globe Europe\",\"description\":\"\",\"publisher\":{\"@id\":\"https:\\\/\\\/globe-europe.nl\\\/#organization\"},\"potentialAction\":[{\"@type\":\"SearchAction\",\"target\":{\"@type\":\"EntryPoint\",\"urlTemplate\":\"https:\\\/\\\/globe-europe.nl\\\/?s={search_term_string}\"},\"query-input\":{\"@type\":\"PropertyValueSpecification\",\"valueRequired\":true,\"valueName\":\"search_term_string\"}}],\"inLanguage\":\"de\"},{\"@type\":\"Organization\",\"@id\":\"https:\\\/\\\/globe-europe.nl\\\/#organization\",\"name\":\"Globe Europe\",\"url\":\"https:\\\/\\\/globe-europe.nl\\\/\",\"logo\":{\"@type\":\"ImageObject\",\"inLanguage\":\"de\",\"@id\":\"https:\\\/\\\/globe-europe.nl\\\/#\\\/schema\\\/logo\\\/image\\\/\",\"url\":\"https:\\\/\\\/globe-europe.nl\\\/wp-content\\\/uploads\\\/2025\\\/02\\\/GLOBE-LOGO-WEB-GROOT.png\",\"contentUrl\":\"https:\\\/\\\/globe-europe.nl\\\/wp-content\\\/uploads\\\/2025\\\/02\\\/GLOBE-LOGO-WEB-GROOT.png\",\"width\":938,\"height\":404,\"caption\":\"Globe Europe\"},\"image\":{\"@id\":\"https:\\\/\\\/globe-europe.nl\\\/#\\\/schema\\\/logo\\\/image\\\/\"}}]}<\/script>\n<!-- \/ Yoast SEO plugin. -->","yoast_head_json":{"title":"Lenox Traverse Master\u00ae Vorschubgeschwindigkeitsmesser - Globe Europe","robots":{"index":"index","follow":"follow","max-snippet":"max-snippet:-1","max-image-preview":"max-image-preview:large","max-video-preview":"max-video-preview:-1"},"canonical":"https:\/\/globe-europe.nl\/de\/produkt\/lenox-vorschubmesser-traverse-master\/","og_locale":"de_DE","og_type":"article","og_title":"Lenox Traverse Master\u00ae Feed rate meter - Globe Europe","og_description":"Optimize chip loads to achieve fast cutting without detrimental effects on blade life. Accurately achieve cutting rates recommended by LENOX SAWCALC\u00ae.  Precision meter: provides readout of feed rate in inches (or millimeters) per minute.  Powered by a 12v DC power supply or rechargeable battery pack (both included)","og_url":"https:\/\/globe-europe.nl\/de\/produkt\/lenox-vorschubmesser-traverse-master\/","og_site_name":"Globe Europe","article_modified_time":"2025-02-05T13:16:54+00:00","og_image":[{"width":700,"height":700,"url":"https:\/\/globe-europe.nl\/wp-content\/uploads\/2025\/02\/Lenox-Traverse-master.jpg","type":"image\/jpeg"}],"twitter_card":"summary_large_image","twitter_misc":{"Gesch\u00e4tzte Lesezeit":"1\u00a0Minute"},"schema":{"@context":"https:\/\/schema.org","@graph":[{"@type":"WebPage","@id":"https:\/\/globe-europe.nl\/product\/lenox-traverse-master-feed-rate-meter-3\/","url":"https:\/\/globe-europe.nl\/product\/lenox-traverse-master-feed-rate-meter-3\/","name":"Lenox Traverse Master\u00ae Vorschubgeschwindigkeitsmesser - Globe Europe","isPartOf":{"@id":"https:\/\/globe-europe.nl\/#website"},"primaryImageOfPage":{"@id":"https:\/\/globe-europe.nl\/product\/lenox-traverse-master-feed-rate-meter-3\/#primaryimage"},"image":{"@id":"https:\/\/globe-europe.nl\/product\/lenox-traverse-master-feed-rate-meter-3\/#primaryimage"},"thumbnailUrl":"https:\/\/globe-europe.nl\/wp-content\/uploads\/2025\/02\/Lenox-Traverse-master.jpg","datePublished":"2025-02-04T11:10:02+00:00","dateModified":"2025-02-05T13:16:54+00:00","breadcrumb":{"@id":"https:\/\/globe-europe.nl\/product\/lenox-traverse-master-feed-rate-meter-3\/#breadcrumb"},"inLanguage":"de","potentialAction":[{"@type":"ReadAction","target":["https:\/\/globe-europe.nl\/product\/lenox-traverse-master-feed-rate-meter-3\/"]}]},{"@type":"ImageObject","inLanguage":"de","@id":"https:\/\/globe-europe.nl\/product\/lenox-traverse-master-feed-rate-meter-3\/#primaryimage","url":"https:\/\/globe-europe.nl\/wp-content\/uploads\/2025\/02\/Lenox-Traverse-master.jpg","contentUrl":"https:\/\/globe-europe.nl\/wp-content\/uploads\/2025\/02\/Lenox-Traverse-master.jpg","width":700,"height":700},{"@type":"BreadcrumbList","@id":"https:\/\/globe-europe.nl\/product\/lenox-traverse-master-feed-rate-meter-3\/#breadcrumb","itemListElement":[{"@type":"ListItem","position":1,"name":"Home","item":"https:\/\/globe-europe.nl\/"},{"@type":"ListItem","position":2,"name":"Winkel","item":"https:\/\/globe-europe.nl\/winkel\/"},{"@type":"ListItem","position":3,"name":"Lenox Traverse Master\u00ae Feed rate meter"}]},{"@type":"WebSite","@id":"https:\/\/globe-europe.nl\/#website","url":"https:\/\/globe-europe.nl\/","name":"Globe Europe","description":"","publisher":{"@id":"https:\/\/globe-europe.nl\/#organization"},"potentialAction":[{"@type":"SearchAction","target":{"@type":"EntryPoint","urlTemplate":"https:\/\/globe-europe.nl\/?s={search_term_string}"},"query-input":{"@type":"PropertyValueSpecification","valueRequired":true,"valueName":"search_term_string"}}],"inLanguage":"de"},{"@type":"Organization","@id":"https:\/\/globe-europe.nl\/#organization","name":"Globe Europe","url":"https:\/\/globe-europe.nl\/","logo":{"@type":"ImageObject","inLanguage":"de","@id":"https:\/\/globe-europe.nl\/#\/schema\/logo\/image\/","url":"https:\/\/globe-europe.nl\/wp-content\/uploads\/2025\/02\/GLOBE-LOGO-WEB-GROOT.png","contentUrl":"https:\/\/globe-europe.nl\/wp-content\/uploads\/2025\/02\/GLOBE-LOGO-WEB-GROOT.png","width":938,"height":404,"caption":"Globe Europe"},"image":{"@id":"https:\/\/globe-europe.nl\/#\/schema\/logo\/image\/"}}]}},"_links":{"self":[{"href":"https:\/\/globe-europe.nl\/de\/wp-json\/wp\/v2\/product\/831","targetHints":{"allow":["GET"]}}],"collection":[{"href":"https:\/\/globe-europe.nl\/de\/wp-json\/wp\/v2\/product"}],"about":[{"href":"https:\/\/globe-europe.nl\/de\/wp-json\/wp\/v2\/types\/product"}],"replies":[{"embeddable":true,"href":"https:\/\/globe-europe.nl\/de\/wp-json\/wp\/v2\/comments?post=831"}],"wp:featuredmedia":[{"embeddable":true,"href":"https:\/\/globe-europe.nl\/de\/wp-json\/wp\/v2\/media\/702"}],"wp:attachment":[{"href":"https:\/\/globe-europe.nl\/de\/wp-json\/wp\/v2\/media?parent=831"}],"wp:term":[{"taxonomy":"product_brand","embeddable":true,"href":"https:\/\/globe-europe.nl\/de\/wp-json\/wp\/v2\/product_brand?post=831"},{"taxonomy":"product_cat","embeddable":true,"href":"https:\/\/globe-europe.nl\/de\/wp-json\/wp\/v2\/product_cat?post=831"},{"taxonomy":"product_tag","embeddable":true,"href":"https:\/\/globe-europe.nl\/de\/wp-json\/wp\/v2\/product_tag?post=831"}],"curies":[{"name":"wp","href":"https:\/\/api.w.org\/{rel}","templated":true}]}}