{"id":97,"date":"2025-02-04T08:25:41","date_gmt":"2025-02-04T08:25:41","guid":{"rendered":"https:\/\/globe-europe.nl\/product\/eggenberg-ebs3770-a-hydraulische-halfautomatische-bandzaagmachine-355mm-400v\/"},"modified":"2026-04-03T14:45:35","modified_gmt":"2026-04-03T14:45:35","slug":"eggenberg-ebs3770-a-hydraulische-bandsage-355mm-400v","status":"publish","type":"product","link":"https:\/\/globe-europe.nl\/de\/product\/eggenberg-ebs3770-a-hydraulische-bandzaagmachine-355mm-400v\/","title":{"rendered":"Eggenberg EBS3770-A Hydraulische halbautomatische Bands\u00e4gemaschine | 355mm | 400V"},"content":{"rendered":"<h2><span style=\"font-size: 18px;\"><strong>Merkmale Eggenberg EBS3770-A Hydraulische halbautomatische Bands\u00e4gemaschine | 355mm | 400V<\/strong><\/span><\/h2>\n<p>Sind Sie auf der Suche nach einem Produkt mit nicht zu viel \"Brimborium\" und einem guten Preis-Leistungs-Verh\u00e4ltnis? Dann ist die Eggenberg Hydraulische Bands\u00e4gemaschine EBS3770-A | 355mm | 400V, mit einer Reichweite von 355mm, die richtige Wahl! Eggenberg ist eine junge Marke mit ausgezeichneter Qualit\u00e4t.<\/p>\n<ul>\n<li>Die Eggenberg hydraulische halbautomatische Bands\u00e4ge zum Schneiden von Eisen und Stahl zwischen 0\u00b0 und 60\u00b0 rechts<\/li>\n<li>Hydraulische halbautomatische Bands\u00e4gemaschine<\/li>\n<li>Stufenlos einstellbare Geschwindigkeit 20~80 m\/min<\/li>\n<li>Doppelte Gehrung<\/li>\n<li>Schneiddruck hydraulisch einstellbar<\/li>\n<li>Ausgestattet mit K\u00fchlung und Not-Aus<\/li>\n<li>S\u00e4geblatt - 3770 x 34 x 1,07 mm<\/li>\n<\/ul>\n<table class=\"table table-bordered text-center no-margin\" style=\"height: 196px;\" width=\"1083\">\n<thead>\n<tr>\n<th style=\"text-align: center;\"><\/th>\n<th style=\"text-align: center;\"><img decoding=\"async\" class=\"\" src=\"https:\/\/www.femi.it\/assets\/img\/icon-larghezza-massima.png\" data-no-retina=\"\" \/><\/th>\n<th style=\"text-align: center;\"><img decoding=\"async\" class=\"\" src=\"https:\/\/www.femi.it\/assets\/img\/icon-larghezza-massima-circle.png\" data-no-retina=\"\" \/><\/th>\n<th style=\"text-align: center;\"><img decoding=\"async\" class=\"\" src=\"https:\/\/www.femi.it\/assets\/img\/icon-larghezza-massima-square.png\" data-no-retina=\"\" \/><\/th>\n<\/tr>\n<\/thead>\n<tbody>\n<tr>\n<th style=\"text-align: center;\" scope=\"row\">0\u00b0<\/th>\n<td style=\"text-align: center;\">300\u00d7490 mm<\/td>\n<td style=\"text-align: center;\">355 mm<\/td>\n<td style=\"text-align: center;\">300\u00d7300 mm<\/td>\n<\/tr>\n<tr>\n<th style=\"text-align: center;\" scope=\"row\">45\u00b0<\/th>\n<td style=\"text-align: center;\">L 250\u00d7250 mm \/ R 290\u00d7340 mm<\/td>\n<td style=\"text-align: center;\">L 290 mm \/ R 350 mm<\/td>\n<td style=\"text-align: center;\">L 270\u00d7270 mm \/ R 290\u00d7290 mm<\/td>\n<\/tr>\n<tr>\n<th style=\"text-align: center;\" scope=\"row\">60\u00b0<\/th>\n<td style=\"text-align: center;\">180\u00d7220 mm<\/td>\n<td style=\"text-align: center;\">230 mm<\/td>\n<td style=\"text-align: center;\">180\u00d7180 mm<\/td>\n<\/tr>\n<\/tbody>\n<\/table>\n<h3><strong>Technische Daten<\/strong><\/h3>\n<ul>\n<li>Spannung - 400 V<\/li>\n<li>Leistungsabgabe - 2.200 W<\/li>\n<li>Motor - Starker 3HP-Motor<\/li>\n<li>Abmessungen des S\u00e4geblatts - 3.770 x 34 x 1,07 mm<\/li>\n<li>Schnittgeschwindigkeit - 20-80 Mt\/min<\/li>\n<li>Abmessungen (lxbxh) - 2200 x 1400 x 2050 mm<\/li>\n<li>Gewicht - 645 kg<\/li>\n<\/ul>\n<h3><strong>Dokumente<br \/>\n<\/strong><br \/>\n<img decoding=\"async\" src=\"https:\/\/bjctools.nl\/wp-content\/uploads\/2018\/07\/pdf.png\" \/><span style=\"color: #000;\"><br \/>\n<a href=\"https:\/\/bjctools.nl\/wp-content\/uploads\/2020\/06\/EBS3770A-Handleiding.pdf\">EBS3770A Benutzerhandbuch<\/a><br \/>\n<\/span><\/h3>\n<p><strong>Umfang der Lieferung<\/strong><\/p>\n<ul>\n<li>Eggenberg EBS3770-A Hydraulische halbautomatische Bands\u00e4gemaschine | 355mm | 400V<\/li>\n<\/ul>\n<hr \/>\n<p><strong>Optional:<\/strong> Rollenbahnen pro 2 Meter von Eggenberg<br \/>\nAuch neugierig auf die Bands\u00e4gen?<\/p>\n<p>Wir erf\u00fcllen Ihre Anforderungen in unserer hauseigenen Schwei\u00dfstra\u00dfe!<\/p>","protected":false},"excerpt":{"rendered":"<ul>\n<li><strong>Leistungsstarker 2200W-Motor (3HP)<\/strong> - geeignet zum Schneiden von Eisen und Stahl<\/li>\n<li><strong>Hydraulischer Halbautomatikbetrieb<\/strong> - Effizienteres S\u00e4gen mit weniger Kraftaufwand<\/li>\n<li><strong>Stufenlos einstellbare Schnittgeschwindigkeit (20-80 m\/min)<\/strong> - optimale Kontrolle f\u00fcr verschiedene Materialien<\/li>\n<li><strong>Doppelgehrungss\u00e4gen<\/strong> - einstellbar von <strong>0\u00b0 bis 45\u00b0 links und 0\u00b0 bis 60\u00b0 rechts<\/strong><\/li>\n<li><strong>Robuste Konstruktion &amp; maximale Stabilit\u00e4t<\/strong> - schweres gusseisernes Maschinengestell<\/li>\n<\/ul>","protected":false},"featured_media":96,"comment_status":"open","ping_status":"closed","template":"","meta":[],"product_brand":[22],"product_cat":[16,17,18],"product_tag":[],"class_list":{"0":"post-97","1":"product","2":"type-product","3":"status-publish","4":"has-post-thumbnail","6":"product_brand-eggenberg","7":"product_cat-bandzaagmachine","8":"product_cat-bandzaagmachine-stationair","9":"product_cat-machines","11":"first","12":"instock","13":"shipping-taxable","14":"product-type-simple"},"ct_brands":[{"id":22,"name":"EGGENBERG","slug":"eggenberg"}],"yoast_head":"<!-- This site is optimized with the Yoast SEO plugin v27.3 - https:\/\/yoast.com\/product\/yoast-seo-wordpress\/ -->\n<title>Eggenberg EBS3770-A Hydraulische Bandzaagmachine | 355mm | Globe Europe<\/title>\n<meta name=\"description\" content=\"Eggenberg EBS3770-A Hydraulische Bandzaagmachine met 355mm capaciteit &amp; 400V. Traploos regelbare snelheid (20-80 m\/min) en dubbel verstek.\" \/>\n<meta name=\"robots\" content=\"index, follow, max-snippet:-1, max-image-preview:large, max-video-preview:-1\" \/>\n<link rel=\"canonical\" href=\"https:\/\/globe-europe.nl\/de\/produkt\/eggenberg-ebs3770-a-hydraulische-bandsage-355mm-400v\/\" \/>\n<meta property=\"og:locale\" content=\"de_DE\" \/>\n<meta property=\"og:type\" content=\"article\" \/>\n<meta property=\"og:title\" content=\"Eggenberg EBS3770-A Hydraulische Bandzaagmachine | 355mm | Globe Europe\" \/>\n<meta property=\"og:description\" content=\"Eggenberg EBS3770-A Hydraulische Bandzaagmachine met 355mm capaciteit &amp; 400V. Traploos regelbare snelheid (20-80 m\/min) en dubbel verstek.\" \/>\n<meta property=\"og:url\" content=\"https:\/\/globe-europe.nl\/de\/produkt\/eggenberg-ebs3770-a-hydraulische-bandsage-355mm-400v\/\" \/>\n<meta property=\"og:site_name\" content=\"Globe Europe\" \/>\n<meta property=\"article:modified_time\" content=\"2026-04-03T14:45:35+00:00\" \/>\n<meta property=\"og:image\" content=\"https:\/\/globe-europe.nl\/wp-content\/uploads\/2025\/02\/EBS3770_5.png\" \/>\n\t<meta property=\"og:image:width\" content=\"700\" \/>\n\t<meta property=\"og:image:height\" content=\"700\" \/>\n\t<meta property=\"og:image:type\" content=\"image\/png\" \/>\n<meta name=\"twitter:card\" content=\"summary_large_image\" \/>\n<meta name=\"twitter:label1\" content=\"Gesch\u00e4tzte Lesezeit\" \/>\n\t<meta name=\"twitter:data1\" content=\"2\u00a0Minuten\" \/>\n<script type=\"application\/ld+json\" class=\"yoast-schema-graph\">{\"@context\":\"https:\\\/\\\/schema.org\",\"@graph\":[{\"@type\":\"WebPage\",\"@id\":\"https:\\\/\\\/globe-europe.nl\\\/product\\\/eggenberg-ebs3770-a-hydraulische-bandzaagmachine-355mm-400v\\\/\",\"url\":\"https:\\\/\\\/globe-europe.nl\\\/product\\\/eggenberg-ebs3770-a-hydraulische-bandzaagmachine-355mm-400v\\\/\",\"name\":\"Eggenberg EBS3770-A Hydraulische Bandzaagmachine | 355mm | Globe Europe\",\"isPartOf\":{\"@id\":\"https:\\\/\\\/globe-europe.nl\\\/#website\"},\"primaryImageOfPage\":{\"@id\":\"https:\\\/\\\/globe-europe.nl\\\/product\\\/eggenberg-ebs3770-a-hydraulische-bandzaagmachine-355mm-400v\\\/#primaryimage\"},\"image\":{\"@id\":\"https:\\\/\\\/globe-europe.nl\\\/product\\\/eggenberg-ebs3770-a-hydraulische-bandzaagmachine-355mm-400v\\\/#primaryimage\"},\"thumbnailUrl\":\"https:\\\/\\\/globe-europe.nl\\\/wp-content\\\/uploads\\\/2025\\\/02\\\/EBS3770_5.png\",\"datePublished\":\"2025-02-04T08:25:41+00:00\",\"dateModified\":\"2026-04-03T14:45:35+00:00\",\"description\":\"Eggenberg EBS3770-A Hydraulische Bandzaagmachine met 355mm capaciteit & 400V. Traploos regelbare snelheid (20-80 m\\\/min) en dubbel verstek.\",\"breadcrumb\":{\"@id\":\"https:\\\/\\\/globe-europe.nl\\\/product\\\/eggenberg-ebs3770-a-hydraulische-bandzaagmachine-355mm-400v\\\/#breadcrumb\"},\"inLanguage\":\"de\",\"potentialAction\":[{\"@type\":\"ReadAction\",\"target\":[\"https:\\\/\\\/globe-europe.nl\\\/product\\\/eggenberg-ebs3770-a-hydraulische-bandzaagmachine-355mm-400v\\\/\"]}]},{\"@type\":\"ImageObject\",\"inLanguage\":\"de\",\"@id\":\"https:\\\/\\\/globe-europe.nl\\\/product\\\/eggenberg-ebs3770-a-hydraulische-bandzaagmachine-355mm-400v\\\/#primaryimage\",\"url\":\"https:\\\/\\\/globe-europe.nl\\\/wp-content\\\/uploads\\\/2025\\\/02\\\/EBS3770_5.png\",\"contentUrl\":\"https:\\\/\\\/globe-europe.nl\\\/wp-content\\\/uploads\\\/2025\\\/02\\\/EBS3770_5.png\",\"width\":700,\"height\":700},{\"@type\":\"BreadcrumbList\",\"@id\":\"https:\\\/\\\/globe-europe.nl\\\/product\\\/eggenberg-ebs3770-a-hydraulische-bandzaagmachine-355mm-400v\\\/#breadcrumb\",\"itemListElement\":[{\"@type\":\"ListItem\",\"position\":1,\"name\":\"Home\",\"item\":\"https:\\\/\\\/globe-europe.nl\\\/\"},{\"@type\":\"ListItem\",\"position\":2,\"name\":\"Winkel\",\"item\":\"https:\\\/\\\/globe-europe.nl\\\/winkel\\\/\"},{\"@type\":\"ListItem\",\"position\":3,\"name\":\"Eggenberg EBS3770-A Hydraulische Halfautomatische Bandzaagmachine | 355mm | 400V\"}]},{\"@type\":\"WebSite\",\"@id\":\"https:\\\/\\\/globe-europe.nl\\\/#website\",\"url\":\"https:\\\/\\\/globe-europe.nl\\\/\",\"name\":\"Globe Europe\",\"description\":\"\",\"publisher\":{\"@id\":\"https:\\\/\\\/globe-europe.nl\\\/#organization\"},\"potentialAction\":[{\"@type\":\"SearchAction\",\"target\":{\"@type\":\"EntryPoint\",\"urlTemplate\":\"https:\\\/\\\/globe-europe.nl\\\/?s={search_term_string}\"},\"query-input\":{\"@type\":\"PropertyValueSpecification\",\"valueRequired\":true,\"valueName\":\"search_term_string\"}}],\"inLanguage\":\"de\"},{\"@type\":\"Organization\",\"@id\":\"https:\\\/\\\/globe-europe.nl\\\/#organization\",\"name\":\"Globe Europe\",\"url\":\"https:\\\/\\\/globe-europe.nl\\\/\",\"logo\":{\"@type\":\"ImageObject\",\"inLanguage\":\"de\",\"@id\":\"https:\\\/\\\/globe-europe.nl\\\/#\\\/schema\\\/logo\\\/image\\\/\",\"url\":\"https:\\\/\\\/globe-europe.nl\\\/wp-content\\\/uploads\\\/2025\\\/02\\\/GLOBE-LOGO-WEB-GROOT.png\",\"contentUrl\":\"https:\\\/\\\/globe-europe.nl\\\/wp-content\\\/uploads\\\/2025\\\/02\\\/GLOBE-LOGO-WEB-GROOT.png\",\"width\":938,\"height\":404,\"caption\":\"Globe Europe\"},\"image\":{\"@id\":\"https:\\\/\\\/globe-europe.nl\\\/#\\\/schema\\\/logo\\\/image\\\/\"}}]}<\/script>\n<!-- \/ Yoast SEO plugin. -->","yoast_head_json":{"title":"Eggenberg EBS3770-A Hydraulische Bands\u00e4gemaschine | 355mm | Globe Europe","description":"Eggenberg EBS3770-A Hydraulische Bands\u00e4gemaschine mit 355mm Leistung &amp; 400V. Stufenlos einstellbare Geschwindigkeit (20-80 m\/min) und Doppelgehrung.","robots":{"index":"index","follow":"follow","max-snippet":"max-snippet:-1","max-image-preview":"max-image-preview:large","max-video-preview":"max-video-preview:-1"},"canonical":"https:\/\/globe-europe.nl\/de\/produkt\/eggenberg-ebs3770-a-hydraulische-bandsage-355mm-400v\/","og_locale":"de_DE","og_type":"article","og_title":"Eggenberg EBS3770-A Hydraulische Bandzaagmachine | 355mm | Globe Europe","og_description":"Eggenberg EBS3770-A Hydraulische Bandzaagmachine met 355mm capaciteit & 400V. Traploos regelbare snelheid (20-80 m\/min) en dubbel verstek.","og_url":"https:\/\/globe-europe.nl\/de\/produkt\/eggenberg-ebs3770-a-hydraulische-bandsage-355mm-400v\/","og_site_name":"Globe Europe","article_modified_time":"2026-04-03T14:45:35+00:00","og_image":[{"width":700,"height":700,"url":"https:\/\/globe-europe.nl\/wp-content\/uploads\/2025\/02\/EBS3770_5.png","type":"image\/png"}],"twitter_card":"summary_large_image","twitter_misc":{"Gesch\u00e4tzte Lesezeit":"2\u00a0Minuten"},"schema":{"@context":"https:\/\/schema.org","@graph":[{"@type":"WebPage","@id":"https:\/\/globe-europe.nl\/product\/eggenberg-ebs3770-a-hydraulische-bandzaagmachine-355mm-400v\/","url":"https:\/\/globe-europe.nl\/product\/eggenberg-ebs3770-a-hydraulische-bandzaagmachine-355mm-400v\/","name":"Eggenberg EBS3770-A Hydraulische Bands\u00e4gemaschine | 355mm | Globe Europe","isPartOf":{"@id":"https:\/\/globe-europe.nl\/#website"},"primaryImageOfPage":{"@id":"https:\/\/globe-europe.nl\/product\/eggenberg-ebs3770-a-hydraulische-bandzaagmachine-355mm-400v\/#primaryimage"},"image":{"@id":"https:\/\/globe-europe.nl\/product\/eggenberg-ebs3770-a-hydraulische-bandzaagmachine-355mm-400v\/#primaryimage"},"thumbnailUrl":"https:\/\/globe-europe.nl\/wp-content\/uploads\/2025\/02\/EBS3770_5.png","datePublished":"2025-02-04T08:25:41+00:00","dateModified":"2026-04-03T14:45:35+00:00","description":"Eggenberg EBS3770-A Hydraulische Bands\u00e4gemaschine mit 355mm Leistung &amp; 400V. Stufenlos einstellbare Geschwindigkeit (20-80 m\/min) und Doppelgehrung.","breadcrumb":{"@id":"https:\/\/globe-europe.nl\/product\/eggenberg-ebs3770-a-hydraulische-bandzaagmachine-355mm-400v\/#breadcrumb"},"inLanguage":"de","potentialAction":[{"@type":"ReadAction","target":["https:\/\/globe-europe.nl\/product\/eggenberg-ebs3770-a-hydraulische-bandzaagmachine-355mm-400v\/"]}]},{"@type":"ImageObject","inLanguage":"de","@id":"https:\/\/globe-europe.nl\/product\/eggenberg-ebs3770-a-hydraulische-bandzaagmachine-355mm-400v\/#primaryimage","url":"https:\/\/globe-europe.nl\/wp-content\/uploads\/2025\/02\/EBS3770_5.png","contentUrl":"https:\/\/globe-europe.nl\/wp-content\/uploads\/2025\/02\/EBS3770_5.png","width":700,"height":700},{"@type":"BreadcrumbList","@id":"https:\/\/globe-europe.nl\/product\/eggenberg-ebs3770-a-hydraulische-bandzaagmachine-355mm-400v\/#breadcrumb","itemListElement":[{"@type":"ListItem","position":1,"name":"Home","item":"https:\/\/globe-europe.nl\/"},{"@type":"ListItem","position":2,"name":"Winkel","item":"https:\/\/globe-europe.nl\/winkel\/"},{"@type":"ListItem","position":3,"name":"Eggenberg EBS3770-A Hydraulische Halfautomatische Bandzaagmachine | 355mm | 400V"}]},{"@type":"WebSite","@id":"https:\/\/globe-europe.nl\/#website","url":"https:\/\/globe-europe.nl\/","name":"Globe Europe","description":"","publisher":{"@id":"https:\/\/globe-europe.nl\/#organization"},"potentialAction":[{"@type":"SearchAction","target":{"@type":"EntryPoint","urlTemplate":"https:\/\/globe-europe.nl\/?s={search_term_string}"},"query-input":{"@type":"PropertyValueSpecification","valueRequired":true,"valueName":"search_term_string"}}],"inLanguage":"de"},{"@type":"Organization","@id":"https:\/\/globe-europe.nl\/#organization","name":"Globe Europe","url":"https:\/\/globe-europe.nl\/","logo":{"@type":"ImageObject","inLanguage":"de","@id":"https:\/\/globe-europe.nl\/#\/schema\/logo\/image\/","url":"https:\/\/globe-europe.nl\/wp-content\/uploads\/2025\/02\/GLOBE-LOGO-WEB-GROOT.png","contentUrl":"https:\/\/globe-europe.nl\/wp-content\/uploads\/2025\/02\/GLOBE-LOGO-WEB-GROOT.png","width":938,"height":404,"caption":"Globe Europe"},"image":{"@id":"https:\/\/globe-europe.nl\/#\/schema\/logo\/image\/"}}]}},"_links":{"self":[{"href":"https:\/\/globe-europe.nl\/de\/wp-json\/wp\/v2\/product\/97","targetHints":{"allow":["GET"]}}],"collection":[{"href":"https:\/\/globe-europe.nl\/de\/wp-json\/wp\/v2\/product"}],"about":[{"href":"https:\/\/globe-europe.nl\/de\/wp-json\/wp\/v2\/types\/product"}],"replies":[{"embeddable":true,"href":"https:\/\/globe-europe.nl\/de\/wp-json\/wp\/v2\/comments?post=97"}],"wp:featuredmedia":[{"embeddable":true,"href":"https:\/\/globe-europe.nl\/de\/wp-json\/wp\/v2\/media\/96"}],"wp:attachment":[{"href":"https:\/\/globe-europe.nl\/de\/wp-json\/wp\/v2\/media?parent=97"}],"wp:term":[{"taxonomy":"product_brand","embeddable":true,"href":"https:\/\/globe-europe.nl\/de\/wp-json\/wp\/v2\/product_brand?post=97"},{"taxonomy":"product_cat","embeddable":true,"href":"https:\/\/globe-europe.nl\/de\/wp-json\/wp\/v2\/product_cat?post=97"},{"taxonomy":"product_tag","embeddable":true,"href":"https:\/\/globe-europe.nl\/de\/wp-json\/wp\/v2\/product_tag?post=97"}],"curies":[{"name":"wp","href":"https:\/\/api.w.org\/{rel}","templated":true}]}}