{"id":1432,"date":"2025-02-05T10:34:31","date_gmt":"2025-02-05T10:34:31","guid":{"rendered":"https:\/\/globe-europe.nl\/?page_id=1432"},"modified":"2025-02-17T09:09:09","modified_gmt":"2025-02-17T09:09:09","slug":"rontgen","status":"publish","type":"page","link":"https:\/\/globe-europe.nl\/en\/rontgen\/","title":{"rendered":"R\u00d6NTGEN"},"content":{"rendered":"<div class=\"wp-block-columns is-layout-flex wp-container-core-columns-is-layout-28f84493 wp-block-columns-is-layout-flex\">\n<div class=\"wp-block-column is-layout-flow wp-block-column-is-layout-flow\" style=\"flex-basis:25%\"><\/div>\n\n\n\n<div class=\"wp-block-column is-layout-flow wp-block-column-is-layout-flow\" style=\"flex-basis:50%\">\n<figure class=\"wp-block-gallery has-nested-images columns-default is-cropped wp-block-gallery-1 is-layout-flex wp-block-gallery-is-layout-flex\">\n<figure class=\"wp-block-image size-large\"><img loading=\"lazy\" decoding=\"async\" width=\"1024\" height=\"188\" data-id=\"1262\" src=\"https:\/\/globe-europe.nl\/wp-content\/uploads\/2025\/02\/Rontgen-3-1024x188-1.png\" alt=\"\" class=\"wp-image-1262\" srcset=\"https:\/\/globe-europe.nl\/wp-content\/uploads\/2025\/02\/Rontgen-3-1024x188-1.png 1024w, https:\/\/globe-europe.nl\/wp-content\/uploads\/2025\/02\/Rontgen-3-1024x188-1-500x92.png 500w, https:\/\/globe-europe.nl\/wp-content\/uploads\/2025\/02\/Rontgen-3-1024x188-1-300x55.png 300w, https:\/\/globe-europe.nl\/wp-content\/uploads\/2025\/02\/Rontgen-3-1024x188-1-768x141.png 768w\" sizes=\"auto, (max-width: 1024px) 100vw, 1024px\" \/><\/figure>\n<\/figure>\n<\/div>\n\n\n\n<div class=\"wp-block-column is-layout-flow wp-block-column-is-layout-flow\" style=\"flex-basis:25%\"><\/div>\n<\/div>\n\n\n\n<div class=\"wp-block-columns is-layout-flex wp-container-core-columns-is-layout-28f84493 wp-block-columns-is-layout-flex\">\n<div class=\"wp-block-column has-palette-color-6-background-color has-background is-layout-flow wp-block-column-is-layout-flow\" style=\"padding-top:var(--wp--preset--spacing--50);padding-right:var(--wp--preset--spacing--60);padding-bottom:var(--wp--preset--spacing--50);padding-left:var(--wp--preset--spacing--60)\">\n<h3 class=\"wp-block-heading has-large-font-size\">X-RAY BAND SAWS - GERMAN PRECISION AND INNOVATION<\/h3>\n\n\n\n<p>R\u00f6ntgen Saw is a leading German specialist in high-quality bandsaw blades for industrial applications. Whether for normal steels, super alloys or stony materials, R\u00f6ntgen offers the perfect solution. With more than 120 years of experience and a state-of-the-art production centre, R\u00f6ntgen has established itself as one of the market leaders in sawing technology. At our in-house welding centre, we fully customise X-ray products to suit your specific applications.<\/p>\n\n\n\n<p class=\"has-small-font-size\"><strong>CARBIDE - MAXIMUM PERFORMANCE AND DURABILITY<\/strong><br>R\u00f6ntgen excels in the production of carbide cutting bands, available in two variants:<\/p>\n\n\n\n<ul class=\"wp-block-list\">\n<li>Sharpened teeth - for optimum cutting performance and precision. <\/li>\n\n\n\n<li>Carbide teeth with performance-enhancing coating - increases tool life and cut quality.<\/li>\n<\/ul>\n\n\n\n<p>The HM-Titan range offers specialised blades for a variety of applications, from high-speed sawing in aluminium and non-ferrous metals to processing very hard metals (&gt;50 HRc).<\/p>\n\n\n\n<p><strong>BIMETAL - FLEXIBLE AND DURABLE<\/strong><br>R\u00f6ntgen also produces bi-metal saw blades, particularly within the Bi-Alpha series, suitable for both portable and stationary bandsaws.<\/p>\n\n\n\n<ul class=\"wp-block-list\">\n<li>Flexible and strong backing material for maximum stability.<\/li>\n\n\n\n<li>Wear-resistant, heat-resistant tooth metal for long service life.<\/li>\n\n\n\n<li>Sharp and precise cutting pattern, even in intensive use.<\/li>\n<\/ul>\n\n\n\n<p><strong>GRIT - PERFECT FOR STONY MATERIALS<\/strong><br>For cutting (natural) stone and other hard materials, R\u00f6ntgen has developed the Grit band saw blades. Thanks to the abrasive carbide coating, these saw blades deliver clean and precise cutting results, even in the most demanding applications.<br><\/p>\n\n\n\n<div class=\"wp-block-buttons is-layout-flex wp-block-buttons-is-layout-flex\">\n<div class=\"wp-block-button hover-effect\"><a class=\"wp-block-button__link has-background has-text-align-left wp-element-button\" href=\"https:\/\/globe-europe.nl\/en\/contact\/\" style=\"background-color:#1186c0\"><strong>Contact us for R\u00d6NTGEN custom-made saw blades<\/strong><\/a><\/div>\n<\/div>\n<\/div>\n\n\n\n<div class=\"wp-block-column is-vertically-aligned-stretch is-layout-flow wp-block-column-is-layout-flow\">\n<figure class=\"wp-block-gallery has-nested-images columns-default is-cropped wp-block-gallery-2 is-layout-flex wp-block-gallery-is-layout-flex\">\n<figure class=\"wp-block-image size-large\"><img loading=\"lazy\" decoding=\"async\" width=\"683\" height=\"1024\" data-id=\"1436\" src=\"https:\/\/globe-europe.nl\/wp-content\/uploads\/2025\/02\/Rontgen-683x1024.jpg\" alt=\"\" class=\"wp-image-1436\" srcset=\"https:\/\/globe-europe.nl\/wp-content\/uploads\/2025\/02\/Rontgen-683x1024.jpg 683w, https:\/\/globe-europe.nl\/wp-content\/uploads\/2025\/02\/Rontgen-200x300.jpg 200w, https:\/\/globe-europe.nl\/wp-content\/uploads\/2025\/02\/Rontgen-768x1152.jpg 768w, https:\/\/globe-europe.nl\/wp-content\/uploads\/2025\/02\/Rontgen-1024x1536.jpg 1024w, https:\/\/globe-europe.nl\/wp-content\/uploads\/2025\/02\/Rontgen-1365x2048.jpg 1365w, https:\/\/globe-europe.nl\/wp-content\/uploads\/2025\/02\/Rontgen-500x750.jpg 500w, https:\/\/globe-europe.nl\/wp-content\/uploads\/2025\/02\/Rontgen-scaled.jpg 1707w\" sizes=\"auto, (max-width: 683px) 100vw, 683px\" \/><\/figure>\n<\/figure>\n<\/div>\n<\/div>\n\n\n\n<p><\/p>","protected":false},"excerpt":{"rendered":"<p>R\u00d6NTGEN BANDZAGEN \u2013 DUITSE PRECISIE EN INNOVATIE R\u00f6ntgen Saw is een toonaangevende Duitse specialist in hoogwaardige bandzaagbladen voor industri\u00eble toepassingen. Of het nu gaat om normaal staal, superlegeringen of steenachtige materialen, R\u00f6ntgen biedt de perfecte oplossing. Met meer dan 120 jaar ervaring en een hypermodern productiecentrum heeft R\u00f6ntgen zich gevestigd als een van de marktleiders [&hellip;]<\/p>\n","protected":false},"author":1,"featured_media":0,"parent":0,"menu_order":0,"comment_status":"closed","ping_status":"closed","template":"","meta":{"footnotes":""},"class_list":["post-1432","page","type-page","status-publish","hentry"],"blocksy_meta":[],"yoast_head":"<!-- This site is optimized with the Yoast SEO plugin v27.3 - https:\/\/yoast.com\/product\/yoast-seo-wordpress\/ -->\n<title>R\u00d6NTGEN - Globe Europe<\/title>\n<meta name=\"robots\" content=\"index, follow, max-snippet:-1, max-image-preview:large, max-video-preview:-1\" \/>\n<link rel=\"canonical\" href=\"https:\/\/globe-europe.nl\/en\/rontgen\/\" \/>\n<meta property=\"og:locale\" content=\"en_GB\" \/>\n<meta property=\"og:type\" content=\"article\" \/>\n<meta property=\"og:title\" content=\"R\u00d6NTGEN - Globe Europe\" \/>\n<meta property=\"og:description\" content=\"R\u00d6NTGEN BANDZAGEN \u2013 DUITSE PRECISIE EN INNOVATIE R\u00f6ntgen Saw is een toonaangevende Duitse specialist in hoogwaardige bandzaagbladen voor industri\u00eble toepassingen. Of het nu gaat om normaal staal, superlegeringen of steenachtige materialen, R\u00f6ntgen biedt de perfecte oplossing. Met meer dan 120 jaar ervaring en een hypermodern productiecentrum heeft R\u00f6ntgen zich gevestigd als een van de marktleiders [&hellip;]\" \/>\n<meta property=\"og:url\" content=\"https:\/\/globe-europe.nl\/en\/rontgen\/\" \/>\n<meta property=\"og:site_name\" content=\"Globe Europe\" \/>\n<meta property=\"article:modified_time\" content=\"2025-02-17T09:09:09+00:00\" \/>\n<meta property=\"og:image\" content=\"https:\/\/globe-europe.nl\/wp-content\/uploads\/2025\/02\/Rontgen-3-1024x188-1.png\" \/>\n\t<meta property=\"og:image:width\" content=\"1024\" \/>\n\t<meta property=\"og:image:height\" content=\"188\" \/>\n\t<meta property=\"og:image:type\" content=\"image\/png\" \/>\n<meta name=\"twitter:card\" content=\"summary_large_image\" \/>\n<meta name=\"twitter:label1\" content=\"Estimated reading time\" \/>\n\t<meta name=\"twitter:data1\" content=\"2 minutes\" \/>\n<script type=\"application\/ld+json\" class=\"yoast-schema-graph\">{\"@context\":\"https:\\\/\\\/schema.org\",\"@graph\":[{\"@type\":\"WebPage\",\"@id\":\"https:\\\/\\\/globe-europe.nl\\\/rontgen\\\/\",\"url\":\"https:\\\/\\\/globe-europe.nl\\\/rontgen\\\/\",\"name\":\"R\u00d6NTGEN - Globe Europe\",\"isPartOf\":{\"@id\":\"https:\\\/\\\/globe-europe.nl\\\/#website\"},\"primaryImageOfPage\":{\"@id\":\"https:\\\/\\\/globe-europe.nl\\\/rontgen\\\/#primaryimage\"},\"image\":{\"@id\":\"https:\\\/\\\/globe-europe.nl\\\/rontgen\\\/#primaryimage\"},\"thumbnailUrl\":\"https:\\\/\\\/globe-europe.nl\\\/wp-content\\\/uploads\\\/2025\\\/02\\\/Rontgen-3-1024x188-1.png\",\"datePublished\":\"2025-02-05T10:34:31+00:00\",\"dateModified\":\"2025-02-17T09:09:09+00:00\",\"breadcrumb\":{\"@id\":\"https:\\\/\\\/globe-europe.nl\\\/rontgen\\\/#breadcrumb\"},\"inLanguage\":\"en-GB\",\"potentialAction\":[{\"@type\":\"ReadAction\",\"target\":[\"https:\\\/\\\/globe-europe.nl\\\/rontgen\\\/\"]}]},{\"@type\":\"ImageObject\",\"inLanguage\":\"en-GB\",\"@id\":\"https:\\\/\\\/globe-europe.nl\\\/rontgen\\\/#primaryimage\",\"url\":\"https:\\\/\\\/globe-europe.nl\\\/wp-content\\\/uploads\\\/2025\\\/02\\\/Rontgen-3-1024x188-1.png\",\"contentUrl\":\"https:\\\/\\\/globe-europe.nl\\\/wp-content\\\/uploads\\\/2025\\\/02\\\/Rontgen-3-1024x188-1.png\"},{\"@type\":\"BreadcrumbList\",\"@id\":\"https:\\\/\\\/globe-europe.nl\\\/rontgen\\\/#breadcrumb\",\"itemListElement\":[{\"@type\":\"ListItem\",\"position\":1,\"name\":\"Home\",\"item\":\"https:\\\/\\\/globe-europe.nl\\\/\"},{\"@type\":\"ListItem\",\"position\":2,\"name\":\"R\u00d6NTGEN\"}]},{\"@type\":\"WebSite\",\"@id\":\"https:\\\/\\\/globe-europe.nl\\\/#website\",\"url\":\"https:\\\/\\\/globe-europe.nl\\\/\",\"name\":\"Globe Europe\",\"description\":\"\",\"publisher\":{\"@id\":\"https:\\\/\\\/globe-europe.nl\\\/#organization\"},\"potentialAction\":[{\"@type\":\"SearchAction\",\"target\":{\"@type\":\"EntryPoint\",\"urlTemplate\":\"https:\\\/\\\/globe-europe.nl\\\/?s={search_term_string}\"},\"query-input\":{\"@type\":\"PropertyValueSpecification\",\"valueRequired\":true,\"valueName\":\"search_term_string\"}}],\"inLanguage\":\"en-GB\"},{\"@type\":\"Organization\",\"@id\":\"https:\\\/\\\/globe-europe.nl\\\/#organization\",\"name\":\"Globe Europe\",\"url\":\"https:\\\/\\\/globe-europe.nl\\\/\",\"logo\":{\"@type\":\"ImageObject\",\"inLanguage\":\"en-GB\",\"@id\":\"https:\\\/\\\/globe-europe.nl\\\/#\\\/schema\\\/logo\\\/image\\\/\",\"url\":\"https:\\\/\\\/globe-europe.nl\\\/wp-content\\\/uploads\\\/2025\\\/02\\\/GLOBE-LOGO-WEB-GROOT.png\",\"contentUrl\":\"https:\\\/\\\/globe-europe.nl\\\/wp-content\\\/uploads\\\/2025\\\/02\\\/GLOBE-LOGO-WEB-GROOT.png\",\"width\":938,\"height\":404,\"caption\":\"Globe Europe\"},\"image\":{\"@id\":\"https:\\\/\\\/globe-europe.nl\\\/#\\\/schema\\\/logo\\\/image\\\/\"}}]}<\/script>\n<!-- \/ Yoast SEO plugin. -->","yoast_head_json":{"title":"R\u00d6NTGEN - Globe Europe","robots":{"index":"index","follow":"follow","max-snippet":"max-snippet:-1","max-image-preview":"max-image-preview:large","max-video-preview":"max-video-preview:-1"},"canonical":"https:\/\/globe-europe.nl\/en\/rontgen\/","og_locale":"en_GB","og_type":"article","og_title":"R\u00d6NTGEN - Globe Europe","og_description":"R\u00d6NTGEN BANDZAGEN \u2013 DUITSE PRECISIE EN INNOVATIE R\u00f6ntgen Saw is een toonaangevende Duitse specialist in hoogwaardige bandzaagbladen voor industri\u00eble toepassingen. Of het nu gaat om normaal staal, superlegeringen of steenachtige materialen, R\u00f6ntgen biedt de perfecte oplossing. Met meer dan 120 jaar ervaring en een hypermodern productiecentrum heeft R\u00f6ntgen zich gevestigd als een van de marktleiders [&hellip;]","og_url":"https:\/\/globe-europe.nl\/en\/rontgen\/","og_site_name":"Globe Europe","article_modified_time":"2025-02-17T09:09:09+00:00","og_image":[{"width":1024,"height":188,"url":"https:\/\/globe-europe.nl\/wp-content\/uploads\/2025\/02\/Rontgen-3-1024x188-1.png","type":"image\/png"}],"twitter_card":"summary_large_image","twitter_misc":{"Estimated reading time":"2 minutes"},"schema":{"@context":"https:\/\/schema.org","@graph":[{"@type":"WebPage","@id":"https:\/\/globe-europe.nl\/rontgen\/","url":"https:\/\/globe-europe.nl\/rontgen\/","name":"R\u00d6NTGEN - Globe Europe","isPartOf":{"@id":"https:\/\/globe-europe.nl\/#website"},"primaryImageOfPage":{"@id":"https:\/\/globe-europe.nl\/rontgen\/#primaryimage"},"image":{"@id":"https:\/\/globe-europe.nl\/rontgen\/#primaryimage"},"thumbnailUrl":"https:\/\/globe-europe.nl\/wp-content\/uploads\/2025\/02\/Rontgen-3-1024x188-1.png","datePublished":"2025-02-05T10:34:31+00:00","dateModified":"2025-02-17T09:09:09+00:00","breadcrumb":{"@id":"https:\/\/globe-europe.nl\/rontgen\/#breadcrumb"},"inLanguage":"en-GB","potentialAction":[{"@type":"ReadAction","target":["https:\/\/globe-europe.nl\/rontgen\/"]}]},{"@type":"ImageObject","inLanguage":"en-GB","@id":"https:\/\/globe-europe.nl\/rontgen\/#primaryimage","url":"https:\/\/globe-europe.nl\/wp-content\/uploads\/2025\/02\/Rontgen-3-1024x188-1.png","contentUrl":"https:\/\/globe-europe.nl\/wp-content\/uploads\/2025\/02\/Rontgen-3-1024x188-1.png"},{"@type":"BreadcrumbList","@id":"https:\/\/globe-europe.nl\/rontgen\/#breadcrumb","itemListElement":[{"@type":"ListItem","position":1,"name":"Home","item":"https:\/\/globe-europe.nl\/"},{"@type":"ListItem","position":2,"name":"R\u00d6NTGEN"}]},{"@type":"WebSite","@id":"https:\/\/globe-europe.nl\/#website","url":"https:\/\/globe-europe.nl\/","name":"Globe Europe","description":"","publisher":{"@id":"https:\/\/globe-europe.nl\/#organization"},"potentialAction":[{"@type":"SearchAction","target":{"@type":"EntryPoint","urlTemplate":"https:\/\/globe-europe.nl\/?s={search_term_string}"},"query-input":{"@type":"PropertyValueSpecification","valueRequired":true,"valueName":"search_term_string"}}],"inLanguage":"en-GB"},{"@type":"Organization","@id":"https:\/\/globe-europe.nl\/#organization","name":"Globe Europe","url":"https:\/\/globe-europe.nl\/","logo":{"@type":"ImageObject","inLanguage":"en-GB","@id":"https:\/\/globe-europe.nl\/#\/schema\/logo\/image\/","url":"https:\/\/globe-europe.nl\/wp-content\/uploads\/2025\/02\/GLOBE-LOGO-WEB-GROOT.png","contentUrl":"https:\/\/globe-europe.nl\/wp-content\/uploads\/2025\/02\/GLOBE-LOGO-WEB-GROOT.png","width":938,"height":404,"caption":"Globe Europe"},"image":{"@id":"https:\/\/globe-europe.nl\/#\/schema\/logo\/image\/"}}]}},"_links":{"self":[{"href":"https:\/\/globe-europe.nl\/en\/wp-json\/wp\/v2\/pages\/1432","targetHints":{"allow":["GET"]}}],"collection":[{"href":"https:\/\/globe-europe.nl\/en\/wp-json\/wp\/v2\/pages"}],"about":[{"href":"https:\/\/globe-europe.nl\/en\/wp-json\/wp\/v2\/types\/page"}],"author":[{"embeddable":true,"href":"https:\/\/globe-europe.nl\/en\/wp-json\/wp\/v2\/users\/1"}],"replies":[{"embeddable":true,"href":"https:\/\/globe-europe.nl\/en\/wp-json\/wp\/v2\/comments?post=1432"}],"version-history":[{"count":9,"href":"https:\/\/globe-europe.nl\/en\/wp-json\/wp\/v2\/pages\/1432\/revisions"}],"predecessor-version":[{"id":2461,"href":"https:\/\/globe-europe.nl\/en\/wp-json\/wp\/v2\/pages\/1432\/revisions\/2461"}],"wp:attachment":[{"href":"https:\/\/globe-europe.nl\/en\/wp-json\/wp\/v2\/media?parent=1432"}],"curies":[{"name":"wp","href":"https:\/\/api.w.org\/{rel}","templated":true}]}}